{"id":46037,"date":"2023-06-28T00:08:56","date_gmt":"2023-06-28T02:08:56","guid":{"rendered":"https:\/\/www.tiendaled.cl\/?post_type=product&#038;p=46037"},"modified":"2023-06-28T00:08:57","modified_gmt":"2023-06-28T02:08:57","slug":"ampolleta-led-alta-potencia-50w-c-disipador-luz-fria-6500k","status":"publish","type":"product","link":"https:\/\/www.tiendaled.cl\/?product=ampolleta-led-alta-potencia-50w-c-disipador-luz-fria-6500k","title":{"rendered":"Ampolleta Led Alta Potencia 50w C\/disipador Luz Fria 6500k"},"content":{"rendered":"<p>Ampolleta LED de alta potencia 50w<\/p>\n<p>Esta ampolleta de 50W suministra Iluminacion similar a una ampolleta incandescente de 500 W en total, ahorrando energ\u00eda hasta un 80%.<br \/>\nAproximadamente 25.000 horas de vida \u00fatil, con temperatura de color de 6500 K, entrega iluminaci\u00f3n blanca pura equilibrada y luz uniforme continua, proporcionando un buen entorno de claridad<\/p>\n<p>Cuenta con disipador de aluminio extenso para una f\u00e1cil disipaci\u00f3n de calor alargando as\u00ed su a\u00f1os de vida \u00fatil.<\/p>\n<p>Luz suave y brillo uniforme que la hace adecuada para fotograf\u00eda y video profesionales.<\/p>\n","protected":false},"excerpt":{"rendered":"<p>Ampolleta LED de alta potencia 50w Esta ampolleta de 50W suministra Iluminacion similar a una ampolleta incandescente de 500 W en total, ahorrando energ\u00eda hasta un 80%. Aproximadamente 25.000 horas de vida \u00fatil, con temperatura de color de 6500 K, entrega iluminaci\u00f3n blanca pura equilibrada y luz uniforme continua, proporcionando un buen entorno de claridad [&#8230;]\n","protected":false},"featured_media":46045,"comment_status":"open","ping_status":"closed","template":"","meta":{"_joinchat":[]},"product_brand":[],"product_cat":[92,93,101],"product_tag":[318,203,317,135,311],"class_list":{"0":"post-46037","1":"product","2":"type-product","3":"status-publish","4":"has-post-thumbnail","6":"product_cat-productos-led","7":"product_cat-ampolletas-led","8":"product_cat-luminaria-led","9":"product_tag-alta-potencia","10":"product_tag-ampolleta","11":"product_tag-ampolleta-industrial","12":"product_tag-ampolleta-led","13":"product_tag-ampolleta-luz-fria","15":"first","16":"instock","17":"shipping-taxable","18":"purchasable","19":"product-type-simple"},"_links":{"self":[{"href":"https:\/\/www.tiendaled.cl\/index.php?rest_route=\/wp\/v2\/product\/46037","targetHints":{"allow":["GET"]}}],"collection":[{"href":"https:\/\/www.tiendaled.cl\/index.php?rest_route=\/wp\/v2\/product"}],"about":[{"href":"https:\/\/www.tiendaled.cl\/index.php?rest_route=\/wp\/v2\/types\/product"}],"replies":[{"embeddable":true,"href":"https:\/\/www.tiendaled.cl\/index.php?rest_route=%2Fwp%2Fv2%2Fcomments&post=46037"}],"wp:featuredmedia":[{"embeddable":true,"href":"https:\/\/www.tiendaled.cl\/index.php?rest_route=\/wp\/v2\/media\/46045"}],"wp:attachment":[{"href":"https:\/\/www.tiendaled.cl\/index.php?rest_route=%2Fwp%2Fv2%2Fmedia&parent=46037"}],"wp:term":[{"taxonomy":"product_brand","embeddable":true,"href":"https:\/\/www.tiendaled.cl\/index.php?rest_route=%2Fwp%2Fv2%2Fproduct_brand&post=46037"},{"taxonomy":"product_cat","embeddable":true,"href":"https:\/\/www.tiendaled.cl\/index.php?rest_route=%2Fwp%2Fv2%2Fproduct_cat&post=46037"},{"taxonomy":"product_tag","embeddable":true,"href":"https:\/\/www.tiendaled.cl\/index.php?rest_route=%2Fwp%2Fv2%2Fproduct_tag&post=46037"}],"curies":[{"name":"wp","href":"https:\/\/api.w.org\/{rel}","templated":true}]}}