{"id":45296,"date":"2023-06-20T18:55:28","date_gmt":"2023-06-20T20:55:28","guid":{"rendered":"https:\/\/www.tiendaled.cl\/?post_type=product&#038;p=45296"},"modified":"2025-09-19T00:04:21","modified_gmt":"2025-09-19T02:04:21","slug":"ampolleta-led-vintage-filamento-8w-e27-luz-fria-6500k","status":"publish","type":"product","link":"https:\/\/www.tiendaled.cl\/?product=ampolleta-led-vintage-filamento-8w-e27-luz-fria-6500k","title":{"rendered":"Ampolleta Led Vintage Filamento 8w E27 Luz Fria 6500k"},"content":{"rendered":"<p>Ampolleta led vintage 8w Luz Fria<\/p>\n<p>Ideal para candelabros, l\u00e1mparas de pared e iluminaci\u00f3n interior<br \/>\nHermosas ampolletas de estilo vintage con apariencia cl\u00e1sica que solo tienen las Ampolletas incandescentes originales de estilo antiguo.<br \/>\nF\u00e1cil reemplazo, cubierta de vidrio transparente y \u00e1ngulo de visi\u00f3n de 360 grados. Vidrio transparente de excelente calidad, coeficiente de transmisi\u00f3n de luz del 99%.<br \/>\nAmpolleta LED ST64 Edison tiene una luz Fria ( 6500K) y c\u00f3moda que se adapta bien a hogares, tiendas, restaurantes, bares, hoteles, pasillos.<br \/>\nPuede crear un ambiente c\u00e1lido y rom\u00e1ntico.<\/p>\n<p>Potencia: 8W (equivalente a 80w de bombilla de tungsteno),<br \/>\nSoquete Tradicional : E27,<br \/>\nVoltaje: 220 ~ 230 V,<br \/>\nLus Fria 6500K<\/p>\n","protected":false},"excerpt":{"rendered":"<p>Ampolleta led vintage 8w Luz Fria Ideal para candelabros, l\u00e1mparas de pared e iluminaci\u00f3n interior Hermosas ampolletas de estilo vintage con apariencia cl\u00e1sica que solo tienen las Ampolletas incandescentes originales de estilo antiguo. F\u00e1cil reemplazo, cubierta de vidrio transparente y \u00e1ngulo de visi\u00f3n de 360 grados. Vidrio transparente de excelente calidad, coeficiente de transmisi\u00f3n de [&#8230;]\n","protected":false},"featured_media":45301,"comment_status":"open","ping_status":"closed","template":"","meta":{"_joinchat":[]},"product_brand":[],"product_cat":[233,92,93],"product_tag":[203,149,312,311,134],"class_list":{"0":"post-45296","1":"product","2":"type-product","3":"status-publish","4":"has-post-thumbnail","6":"product_cat-ampolletas-vintage","7":"product_cat-productos-led","8":"product_cat-ampolletas-led","9":"product_tag-ampolleta","10":"product_tag-ampolleta-decorativa","11":"product_tag-ampolleta-filamento","12":"product_tag-ampolleta-luz-fria","13":"product_tag-ampolleta-vintage","15":"first","16":"instock","17":"shipping-taxable","18":"purchasable","19":"product-type-simple"},"_links":{"self":[{"href":"https:\/\/www.tiendaled.cl\/index.php?rest_route=\/wp\/v2\/product\/45296","targetHints":{"allow":["GET"]}}],"collection":[{"href":"https:\/\/www.tiendaled.cl\/index.php?rest_route=\/wp\/v2\/product"}],"about":[{"href":"https:\/\/www.tiendaled.cl\/index.php?rest_route=\/wp\/v2\/types\/product"}],"replies":[{"embeddable":true,"href":"https:\/\/www.tiendaled.cl\/index.php?rest_route=%2Fwp%2Fv2%2Fcomments&post=45296"}],"wp:featuredmedia":[{"embeddable":true,"href":"https:\/\/www.tiendaled.cl\/index.php?rest_route=\/wp\/v2\/media\/45301"}],"wp:attachment":[{"href":"https:\/\/www.tiendaled.cl\/index.php?rest_route=%2Fwp%2Fv2%2Fmedia&parent=45296"}],"wp:term":[{"taxonomy":"product_brand","embeddable":true,"href":"https:\/\/www.tiendaled.cl\/index.php?rest_route=%2Fwp%2Fv2%2Fproduct_brand&post=45296"},{"taxonomy":"product_cat","embeddable":true,"href":"https:\/\/www.tiendaled.cl\/index.php?rest_route=%2Fwp%2Fv2%2Fproduct_cat&post=45296"},{"taxonomy":"product_tag","embeddable":true,"href":"https:\/\/www.tiendaled.cl\/index.php?rest_route=%2Fwp%2Fv2%2Fproduct_tag&post=45296"}],"curies":[{"name":"wp","href":"https:\/\/api.w.org\/{rel}","templated":true}]}}