{"id":44034,"date":"2023-06-05T23:38:40","date_gmt":"2023-06-06T01:38:40","guid":{"rendered":"https:\/\/www.tiendaled.cl\/?post_type=product&#038;p=44034"},"modified":"2024-11-20T22:15:49","modified_gmt":"2024-11-21T00:15:49","slug":"lampara-candelabro-lagrimas-de-cristal-ambar-5-soquetes","status":"publish","type":"product","link":"https:\/\/www.tiendaled.cl\/?product=lampara-candelabro-lagrimas-de-cristal-ambar-5-soquetes","title":{"rendered":"Lampara Candelabro Lagrimas De Cristal Ambar 5 Soquetes"},"content":{"rendered":"<p>Lampara colgante candelabro modelo lagrimas de cristal de 5 Soquetes<\/p>\n<p>Dise\u00f1o vidrio color ambar<\/p>\n<p>Una lampara elegante y de dise\u00f1o elegante<br \/>\nL\u00e1mpara colgante que permite m\u00faltiples usos en decoraci\u00f3n.<br \/>\nFabricada en Metal y Vidrio<br \/>\nLampara de dise\u00f1o candelabro y estilo clasico<br \/>\nEs perfecta para ambientes cl\u00e1sicos y genera interesantes contrastes con est\u00e9ticas de otro tipo, como vintage o estilos contempor\u00e1neos.<\/p>\n<p>Tiene 5 focos de luz, para los que idealmente se deben elegir ampolletas tipo vela soquete E14<\/p>\n<p>NO INCLUYE AMPOLLETAS<\/p>\n<p>Su mejor ubicaci\u00f3n es en techos altos, como los de las residencias antiguas, para que luzcan sus cl\u00e1sicas l\u00e1grimas de vidrio.<br \/>\nEs un fant\u00e1stico accesorio para zonas como salones, recibidores, escaleras o comedores.<\/p>\n<p>Alto total 80 cm<br \/>\nLargo del cable 80 cm<br \/>\nAncho 71 cm<\/p>\n","protected":false},"excerpt":{"rendered":"<p>Lampara colgante candelabro modelo lagrimas de cristal de 5 Soquetes Dise\u00f1o vidrio color ambar Una lampara elegante y de dise\u00f1o elegante L\u00e1mpara colgante que permite m\u00faltiples usos en decoraci\u00f3n. Fabricada en Metal y Vidrio Lampara de dise\u00f1o candelabro y estilo clasico Es perfecta para ambientes cl\u00e1sicos y genera interesantes contrastes con est\u00e9ticas de otro tipo, [&#8230;]\n","protected":false},"featured_media":79783,"comment_status":"open","ping_status":"closed","template":"","meta":{"_joinchat":[]},"product_brand":[],"product_cat":[184,192,103,111,105],"product_tag":[120,172,302,284],"class_list":{"0":"post-44034","1":"product","2":"type-product","3":"status-publish","4":"has-post-thumbnail","6":"product_cat-lampara-lagrimas","7":"product_cat-lamparas-techo","8":"product_cat-lamparas-y-apliques","9":"product_cat-lamparas-colgantes","10":"product_cat-lamparas-vintage","11":"product_tag-lampara","12":"product_tag-lampara-candelabro","13":"product_tag-lampara-cristal","14":"product_tag-lampara-lagrimas","16":"first","17":"instock","18":"shipping-taxable","19":"purchasable","20":"product-type-simple"},"_links":{"self":[{"href":"https:\/\/www.tiendaled.cl\/index.php?rest_route=\/wp\/v2\/product\/44034","targetHints":{"allow":["GET"]}}],"collection":[{"href":"https:\/\/www.tiendaled.cl\/index.php?rest_route=\/wp\/v2\/product"}],"about":[{"href":"https:\/\/www.tiendaled.cl\/index.php?rest_route=\/wp\/v2\/types\/product"}],"replies":[{"embeddable":true,"href":"https:\/\/www.tiendaled.cl\/index.php?rest_route=%2Fwp%2Fv2%2Fcomments&post=44034"}],"wp:featuredmedia":[{"embeddable":true,"href":"https:\/\/www.tiendaled.cl\/index.php?rest_route=\/wp\/v2\/media\/79783"}],"wp:attachment":[{"href":"https:\/\/www.tiendaled.cl\/index.php?rest_route=%2Fwp%2Fv2%2Fmedia&parent=44034"}],"wp:term":[{"taxonomy":"product_brand","embeddable":true,"href":"https:\/\/www.tiendaled.cl\/index.php?rest_route=%2Fwp%2Fv2%2Fproduct_brand&post=44034"},{"taxonomy":"product_cat","embeddable":true,"href":"https:\/\/www.tiendaled.cl\/index.php?rest_route=%2Fwp%2Fv2%2Fproduct_cat&post=44034"},{"taxonomy":"product_tag","embeddable":true,"href":"https:\/\/www.tiendaled.cl\/index.php?rest_route=%2Fwp%2Fv2%2Fproduct_tag&post=44034"}],"curies":[{"name":"wp","href":"https:\/\/api.w.org\/{rel}","templated":true}]}}