{"id":41988,"date":"2023-05-02T12:39:44","date_gmt":"2023-05-02T14:39:44","guid":{"rendered":"https:\/\/www.tiendaled.cl\/?post_type=product&#038;p=41988"},"modified":"2023-05-02T12:39:53","modified_gmt":"2023-05-02T14:39:53","slug":"proyector-multichip-black-ip66-30w-6500k-certificacion-sec","status":"publish","type":"product","link":"https:\/\/www.tiendaled.cl\/?product=proyector-multichip-black-ip66-30w-6500k-certificacion-sec","title":{"rendered":"Proyector Multichip Black Ip66 30w 6500k Certificacion Sec"},"content":{"rendered":"<p>royector Multichip Black Alta Calidad<br \/>\nDise\u00f1ado para interperie con alto grado de protecci\u00f3n contra agua y polvo (IP66).<br \/>\nSu dise\u00f1o minimalista de color negro permite colocar en cualquier entorno ofreciendo un toque moderno y elegante.<br \/>\nProducto ideal para colocar en intemperie como estacionamientos, fachadas, bodegas etc<\/p>\n<p>PRODUCTO CON CERTIFICACION SEC Y 6 MESES DE GARANTIA<\/p>\n<p>Para hacer valer la garant\u00eda debe presentar la factura junto con el producto defectuoso con todos sus componentes<\/p>\n<p>Potencia 30W<br \/>\nColor de luz Fr\u00edo 6500K<br \/>\nFlujo Luminoso 2550LM<br \/>\nAltura Recomendada 2-3 Metros<br \/>\nDImensiones 161*161*30mm<br \/>\nPeso 0,56k<\/p>\n<p>Valor del producto con iva Incluido<\/p>\n","protected":false},"excerpt":{"rendered":"<p>royector Multichip Black Alta Calidad Dise\u00f1ado para interperie con alto grado de protecci\u00f3n contra agua y polvo (IP66). Su dise\u00f1o minimalista de color negro permite colocar en cualquier entorno ofreciendo un toque moderno y elegante. Producto ideal para colocar en intemperie como estacionamientos, fachadas, bodegas etc PRODUCTO CON CERTIFICACION SEC Y 6 MESES DE GARANTIA [&#8230;]\n","protected":false},"featured_media":41957,"comment_status":"open","ping_status":"closed","template":"","meta":{"_joinchat":[]},"product_brand":[],"product_cat":[92,98,101],"product_tag":[265,152,257,268],"class_list":{"0":"post-41988","1":"product","2":"type-product","3":"status-publish","4":"has-post-thumbnail","6":"product_cat-productos-led","7":"product_cat-proyectores-led","8":"product_cat-luminaria-led","9":"product_tag-foco-led","10":"product_tag-focos-proyectores","11":"product_tag-proyector-de-area","12":"product_tag-proyector-solar","14":"first","15":"instock","16":"shipping-taxable","17":"purchasable","18":"product-type-simple"},"_links":{"self":[{"href":"https:\/\/www.tiendaled.cl\/index.php?rest_route=\/wp\/v2\/product\/41988","targetHints":{"allow":["GET"]}}],"collection":[{"href":"https:\/\/www.tiendaled.cl\/index.php?rest_route=\/wp\/v2\/product"}],"about":[{"href":"https:\/\/www.tiendaled.cl\/index.php?rest_route=\/wp\/v2\/types\/product"}],"replies":[{"embeddable":true,"href":"https:\/\/www.tiendaled.cl\/index.php?rest_route=%2Fwp%2Fv2%2Fcomments&post=41988"}],"wp:featuredmedia":[{"embeddable":true,"href":"https:\/\/www.tiendaled.cl\/index.php?rest_route=\/wp\/v2\/media\/41957"}],"wp:attachment":[{"href":"https:\/\/www.tiendaled.cl\/index.php?rest_route=%2Fwp%2Fv2%2Fmedia&parent=41988"}],"wp:term":[{"taxonomy":"product_brand","embeddable":true,"href":"https:\/\/www.tiendaled.cl\/index.php?rest_route=%2Fwp%2Fv2%2Fproduct_brand&post=41988"},{"taxonomy":"product_cat","embeddable":true,"href":"https:\/\/www.tiendaled.cl\/index.php?rest_route=%2Fwp%2Fv2%2Fproduct_cat&post=41988"},{"taxonomy":"product_tag","embeddable":true,"href":"https:\/\/www.tiendaled.cl\/index.php?rest_route=%2Fwp%2Fv2%2Fproduct_tag&post=41988"}],"curies":[{"name":"wp","href":"https:\/\/api.w.org\/{rel}","templated":true}]}}