{"id":41921,"date":"2023-05-01T14:12:16","date_gmt":"2023-05-01T16:12:16","guid":{"rendered":"https:\/\/www.tiendaled.cl\/?post_type=product&#038;p=41921"},"modified":"2025-11-16T23:19:38","modified_gmt":"2025-11-17T01:19:38","slug":"lampara-techo-campana-30cm-diametro-color-rojo","status":"publish","type":"product","link":"https:\/\/www.tiendaled.cl\/?product=lampara-techo-campana-30cm-diametro-color-rojo","title":{"rendered":"Lampara Techo Campana 30cm Diametro Color Rojo"},"content":{"rendered":"<p>La l\u00e1mpara colgante de 1 luz es una propuesta de decoraci\u00f3n de alta calidad que se encarga de llenar de luz los espacios de tu hogar u oficina.<br \/>\nTambi\u00e9n es un art\u00edculo ahorrador ya que solo tiene un consumo m\u00e1ximo de 60W para contribuir a tu econom\u00eda.<br \/>\nSu instalaci\u00f3n es muy sencilla y puedes disfrutar de sus beneficios de manera inmediata por un largo periodo de tiempo<\/p>\n<p>Revisa tambien nuestros otros Colores disponibles<\/p>\n<p>Verde Lim\u00f3n, Amarillo, Plateado, Naranjo, Negro, Dorado, Cafe<\/p>\n<p>Potencia maximo 60 Watts<\/p>\n<p>Tipo Soquete tradicional E27<br \/>\nNO INCLUYE AMPOLLETA<\/p>\n","protected":false},"excerpt":{"rendered":"<p>La l\u00e1mpara colgante de 1 luz es una propuesta de decoraci\u00f3n de alta calidad que se encarga de llenar de luz los espacios de tu hogar u oficina. Tambi\u00e9n es un art\u00edculo ahorrador ya que solo tiene un consumo m\u00e1ximo de 60W para contribuir a tu econom\u00eda. Su instalaci\u00f3n es muy sencilla y puedes disfrutar [&#8230;]\n","protected":false},"featured_media":41924,"comment_status":"open","ping_status":"closed","template":"","meta":{"_joinchat":[]},"product_brand":[],"product_cat":[192,425,103,111],"product_tag":[120,125,281,280],"class_list":{"0":"post-41921","1":"product","2":"type-product","3":"status-publish","4":"has-post-thumbnail","6":"product_cat-lamparas-techo","7":"product_cat-ofertas","8":"product_cat-lamparas-y-apliques","9":"product_cat-lamparas-colgantes","10":"product_tag-lampara","11":"product_tag-lampara-30-cm","12":"product_tag-lampara-colores","13":"product_tag-lampara-roja","15":"first","16":"instock","17":"sale","18":"shipping-taxable","19":"purchasable","20":"product-type-simple"},"_links":{"self":[{"href":"https:\/\/www.tiendaled.cl\/index.php?rest_route=\/wp\/v2\/product\/41921","targetHints":{"allow":["GET"]}}],"collection":[{"href":"https:\/\/www.tiendaled.cl\/index.php?rest_route=\/wp\/v2\/product"}],"about":[{"href":"https:\/\/www.tiendaled.cl\/index.php?rest_route=\/wp\/v2\/types\/product"}],"replies":[{"embeddable":true,"href":"https:\/\/www.tiendaled.cl\/index.php?rest_route=%2Fwp%2Fv2%2Fcomments&post=41921"}],"wp:featuredmedia":[{"embeddable":true,"href":"https:\/\/www.tiendaled.cl\/index.php?rest_route=\/wp\/v2\/media\/41924"}],"wp:attachment":[{"href":"https:\/\/www.tiendaled.cl\/index.php?rest_route=%2Fwp%2Fv2%2Fmedia&parent=41921"}],"wp:term":[{"taxonomy":"product_brand","embeddable":true,"href":"https:\/\/www.tiendaled.cl\/index.php?rest_route=%2Fwp%2Fv2%2Fproduct_brand&post=41921"},{"taxonomy":"product_cat","embeddable":true,"href":"https:\/\/www.tiendaled.cl\/index.php?rest_route=%2Fwp%2Fv2%2Fproduct_cat&post=41921"},{"taxonomy":"product_tag","embeddable":true,"href":"https:\/\/www.tiendaled.cl\/index.php?rest_route=%2Fwp%2Fv2%2Fproduct_tag&post=41921"}],"curies":[{"name":"wp","href":"https:\/\/api.w.org\/{rel}","templated":true}]}}