{"id":40581,"date":"2023-04-08T19:20:15","date_gmt":"2023-04-08T21:20:15","guid":{"rendered":"https:\/\/www.tiendaled.cl\/?post_type=product&#038;p=40581"},"modified":"2024-11-03T20:12:20","modified_gmt":"2024-11-03T22:12:20","slug":"lampara-molecular-arana-6-soquetes-retro-industrial","status":"publish","type":"product","link":"https:\/\/www.tiendaled.cl\/?product=lampara-molecular-arana-6-soquetes-retro-industrial","title":{"rendered":"Lampara Molecular Ara\u00f1a 6 Soquetes, Retro Industrial"},"content":{"rendered":"<p class=\"ui-pdp-description__content\">Cuerpo de l\u00e1mpara de rama de \u00e1rbol de metal chapado,Dise\u00f1o de alta calidad y duradero.<br \/>\nAjustable: puede ajustar la postura del brazo colgante seg\u00fan su solicitud y dise\u00f1ar la forma en su mente.<br \/>\nDise\u00f1o moderno de modelado ajustable de mol\u00e9cula de ADN moderno, adecuado para el hogar, bar, cafeter\u00eda, decoraci\u00f3n interior y exterior.<br \/>\nSimple La simplicidad del espacio es una expresi\u00f3n de un estilo de vida moderno. Est\u00e1 desenfrenada y crea una forma diversificada. \u00a1La inspiraci\u00f3n creativa de una l\u00e1mpara puede cambiar la noche y hacerla hermosa!<\/p>\n<p>Lampara de ara\u00f1a de 6 soquetes<br \/>\nEstilo: moderno.<br \/>\nEspecificaci\u00f3n de la fuente de luz: E27 ( NO INCLUYE AMPOLLETAS).<br \/>\nN\u00famero de fuentes de luz: 6<br \/>\nMaterial del cuerpo de la l\u00e1mpara: aleaci\u00f3n de aluminio + hierro.<br \/>\nColor: Dorado.<br \/>\nVoltaje: 85 \u2013 265 V (voltaje ancho internacional).<br \/>\nPotencia: 60 W m\u00e1x.<br \/>\nCertificaci\u00f3n: Ul, Ce<br \/>\nFunci\u00f3n: ajustable, plegable, giratorio.<br \/>\nLugares aplicables: dormitorio, sal\u00f3n, pasillo, restaurante, etc<\/p>\n<p>Realizada en acero lacado dorado<br \/>\nRequiere sencillo montaje.<br \/>\nSus medidas son:<br \/>\n85cm x 58cm<\/p>\n","protected":false},"excerpt":{"rendered":"<p>Cuerpo de l\u00e1mpara de rama de \u00e1rbol de metal chapado,Dise\u00f1o de alta calidad y duradero. Ajustable: puede ajustar la postura del brazo colgante seg\u00fan su solicitud y dise\u00f1ar la forma en su mente. Dise\u00f1o moderno de modelado ajustable de mol\u00e9cula de ADN moderno, adecuado para el hogar, bar, cafeter\u00eda, decoraci\u00f3n interior y exterior. Simple La [&#8230;]\n","protected":false},"featured_media":40595,"comment_status":"open","ping_status":"closed","template":"","meta":{"_joinchat":[]},"product_brand":[],"product_cat":[192,103],"product_tag":[120,279,217,177,278],"class_list":{"0":"post-40581","1":"product","2":"type-product","3":"status-publish","4":"has-post-thumbnail","6":"product_cat-lamparas-techo","7":"product_cat-lamparas-y-apliques","8":"product_tag-lampara","9":"product_tag-lampara-6-brazos","10":"product_tag-lampara-arana","11":"product_tag-lampara-moderna","12":"product_tag-lampara-molecular","14":"first","15":"instock","16":"shipping-taxable","17":"purchasable","18":"product-type-simple"},"_links":{"self":[{"href":"https:\/\/www.tiendaled.cl\/index.php?rest_route=\/wp\/v2\/product\/40581","targetHints":{"allow":["GET"]}}],"collection":[{"href":"https:\/\/www.tiendaled.cl\/index.php?rest_route=\/wp\/v2\/product"}],"about":[{"href":"https:\/\/www.tiendaled.cl\/index.php?rest_route=\/wp\/v2\/types\/product"}],"replies":[{"embeddable":true,"href":"https:\/\/www.tiendaled.cl\/index.php?rest_route=%2Fwp%2Fv2%2Fcomments&post=40581"}],"wp:featuredmedia":[{"embeddable":true,"href":"https:\/\/www.tiendaled.cl\/index.php?rest_route=\/wp\/v2\/media\/40595"}],"wp:attachment":[{"href":"https:\/\/www.tiendaled.cl\/index.php?rest_route=%2Fwp%2Fv2%2Fmedia&parent=40581"}],"wp:term":[{"taxonomy":"product_brand","embeddable":true,"href":"https:\/\/www.tiendaled.cl\/index.php?rest_route=%2Fwp%2Fv2%2Fproduct_brand&post=40581"},{"taxonomy":"product_cat","embeddable":true,"href":"https:\/\/www.tiendaled.cl\/index.php?rest_route=%2Fwp%2Fv2%2Fproduct_cat&post=40581"},{"taxonomy":"product_tag","embeddable":true,"href":"https:\/\/www.tiendaled.cl\/index.php?rest_route=%2Fwp%2Fv2%2Fproduct_tag&post=40581"}],"curies":[{"name":"wp","href":"https:\/\/api.w.org\/{rel}","templated":true}]}}