{"id":4006,"date":"2019-06-15T09:07:21","date_gmt":"2019-06-15T11:07:21","guid":{"rendered":"http:\/\/www.tiendaled.cl\/?post_type=product&#038;p=4006"},"modified":"2025-07-09T15:44:55","modified_gmt":"2025-07-09T17:44:55","slug":"lampara-colgante-vintage-industrial-cuerda-de-canamo","status":"publish","type":"product","link":"https:\/\/www.tiendaled.cl\/?product=lampara-colgante-vintage-industrial-cuerda-de-canamo","title":{"rendered":"L\u00e1mpara Colgante Vintage Industrial Cuerda De C\u00e1\u00f1amo"},"content":{"rendered":"<p>L\u00e1mpara Colgante Vintage Industrial cuerda de c\u00e1\u00f1amo<\/p>\n<p>Dise\u00f1o \u00fanico &#8211; Forma de diamante, noble y elegante<br \/>\nUna lampara que hara que sus espacios se vean elegantes<br \/>\nIdeal para ser instalada en el living, comedor, bar, dormitorio, o donde quieras tener un toque vintage e industrial<br \/>\nMuy utilizada en bares y restoranes, asi como tambien hoteles y tiendas<br \/>\nTama\u00f1o de la l\u00e1mpara: 25 * 26CM<br \/>\nLongitud del cable:100CM<br \/>\nMaterial principal: Hierro y Cuerda de c\u00e1\u00f1amo<br \/>\nColor: ; negro<br \/>\nDi\u00e1metro de la base: 10CM<br \/>\nVoltaje: 220V<br \/>\nSoquete tradicional: E27<\/p>\n<p>Incluye ampolleta led de filamento vintage de regalo<\/p>\n<p><a mp-mode=\"dftl\" href=\"https:\/\/www.mercadopago.com\/mlc\/checkout\/pay?pref_id=241780181-ac5a4273-8c3b-4991-87b5-9d99ac81f44c\" name=\"MP-payButton\" class='blue-ar-l-sq-clon'>Comprar<\/a><br \/>\n<script type=\"text\/javascript\">\n(function(){function $MPC_load(){window.$MPC_loaded !== true && (function(){var s = document.createElement(\"script\");s.type = \"text\/javascript\";s.async = true;s.src = document.location.protocol+\"\/\/secure.mlstatic.com\/mptools\/render.js\";var x = document.getElementsByTagName('script')[0];x.parentNode.insertBefore(s, x);window.$MPC_loaded = true;})();}window.$MPC_loaded !== true ? (window.attachEvent ?window.attachEvent('onload', $MPC_load) : window.addEventListener('load', $MPC_load, false)) : null;})();\n<\/script><\/p>\n","protected":false},"excerpt":{"rendered":"<p>L\u00e1mpara Colgante Vintage Industrial cuerda de c\u00e1\u00f1amo Dise\u00f1o \u00fanico &#8211; Forma de diamante, noble y elegante Una lampara que hara que sus espacios se vean elegantes Ideal para ser instalada en el living, comedor, bar, dormitorio, o donde quieras tener un toque vintage e industrial Muy utilizada en bares y restoranes, asi como tambien hoteles [&#8230;]\n","protected":false},"featured_media":4008,"comment_status":"open","ping_status":"closed","template":"","meta":{"_joinchat":[]},"product_brand":[],"product_cat":[103,111],"product_tag":[134,122,147,148,124],"class_list":{"0":"post-4006","1":"product","2":"type-product","3":"status-publish","4":"has-post-thumbnail","6":"product_cat-lamparas-y-apliques","7":"product_cat-lamparas-colgantes","8":"product_tag-ampolleta-vintage","9":"product_tag-lampara-colgante","10":"product_tag-lampara-rustica","11":"product_tag-lampara-techo","12":"product_tag-lampara-vintage","14":"first","15":"instock","16":"sale","17":"shipping-taxable","18":"purchasable","19":"product-type-simple"},"_links":{"self":[{"href":"https:\/\/www.tiendaled.cl\/index.php?rest_route=\/wp\/v2\/product\/4006","targetHints":{"allow":["GET"]}}],"collection":[{"href":"https:\/\/www.tiendaled.cl\/index.php?rest_route=\/wp\/v2\/product"}],"about":[{"href":"https:\/\/www.tiendaled.cl\/index.php?rest_route=\/wp\/v2\/types\/product"}],"replies":[{"embeddable":true,"href":"https:\/\/www.tiendaled.cl\/index.php?rest_route=%2Fwp%2Fv2%2Fcomments&post=4006"}],"wp:featuredmedia":[{"embeddable":true,"href":"https:\/\/www.tiendaled.cl\/index.php?rest_route=\/wp\/v2\/media\/4008"}],"wp:attachment":[{"href":"https:\/\/www.tiendaled.cl\/index.php?rest_route=%2Fwp%2Fv2%2Fmedia&parent=4006"}],"wp:term":[{"taxonomy":"product_brand","embeddable":true,"href":"https:\/\/www.tiendaled.cl\/index.php?rest_route=%2Fwp%2Fv2%2Fproduct_brand&post=4006"},{"taxonomy":"product_cat","embeddable":true,"href":"https:\/\/www.tiendaled.cl\/index.php?rest_route=%2Fwp%2Fv2%2Fproduct_cat&post=4006"},{"taxonomy":"product_tag","embeddable":true,"href":"https:\/\/www.tiendaled.cl\/index.php?rest_route=%2Fwp%2Fv2%2Fproduct_tag&post=4006"}],"curies":[{"name":"wp","href":"https:\/\/api.w.org\/{rel}","templated":true}]}}