{"id":39785,"date":"2023-03-26T19:21:00","date_gmt":"2023-03-26T21:21:00","guid":{"rendered":"https:\/\/www.tiendaled.cl\/?post_type=product&#038;p=39785"},"modified":"2023-03-26T19:21:01","modified_gmt":"2023-03-26T21:21:01","slug":"lampara-colgante-art-deco-diseno-bambu-y-canamo","status":"publish","type":"product","link":"https:\/\/www.tiendaled.cl\/?product=lampara-colgante-art-deco-diseno-bambu-y-canamo","title":{"rendered":"L\u00e1mpara Colgante Art Deco Dise\u00f1o Bambu Y C\u00e1\u00f1amo"},"content":{"rendered":"<p>L\u00e1mpara Vintage Colgante Art Deco Bambu Ca\u00f1amo<\/p>\n<p>Dise\u00f1o de arte: l\u00edneas de modelado inteligentes y simples, creadas por tecnolog\u00eda moderna y tecnolog\u00eda avanzada. Bamb\u00fa de invierno de alta calidad, tonos naturales ricos y cl\u00e1sicos<\/p>\n<p>F\u00e1cil de instalar: el proceso de instalaci\u00f3n es muy simple, incluidos todos los accesorios de instalaci\u00f3n de hardware. Todos los componentes se incluyen para la instalaci\u00f3n directa en accesorios de techo est\u00e1ndar.<br \/>\nDe estilo oriental retro y elegante, es la opci\u00f3n perfecta para su decoraci\u00f3n. Esta exquisita l\u00e1mpara es una hermosa adici\u00f3n a su \u00e1rea de comedor, cocina, dormitorio, cafeter\u00eda, bar, club. Tambi\u00e9n se utiliza con fines comerciales.<br \/>\nL\u00e1mpara colgante de bamb\u00fa hecha a mano muestra su maravillosa est\u00e9tica y gusto, que es bastante retro y creativo.<\/p>\n<p>Material de calidad: la l\u00e1mpara est\u00e1 hecha de material de alta calidad, pintura resistente a altas temperaturas, sin \u00f3xido, duradera, de larga duraci\u00f3n y sin deformaci\u00f3n.<\/p>\n<p>Fuente de luz: la l\u00e1mpara colgante de iluminaci\u00f3n decorativa de muebles de c\u00e1\u00f1amo para dormitorio\/hotel\/pasillo es adecuada para Ampolletas de soquete tradicional E27<\/p>\n","protected":false},"excerpt":{"rendered":"<p>L\u00e1mpara Vintage Colgante Art Deco Bambu Ca\u00f1amo Dise\u00f1o de arte: l\u00edneas de modelado inteligentes y simples, creadas por tecnolog\u00eda moderna y tecnolog\u00eda avanzada. Bamb\u00fa de invierno de alta calidad, tonos naturales ricos y cl\u00e1sicos F\u00e1cil de instalar: el proceso de instalaci\u00f3n es muy simple, incluidos todos los accesorios de instalaci\u00f3n de hardware. Todos los componentes [&#8230;]\n","protected":false},"featured_media":39794,"comment_status":"open","ping_status":"closed","template":"","meta":{"_joinchat":[]},"product_brand":[],"product_cat":[181,192,103,111,105],"product_tag":[120,122,247],"class_list":{"0":"post-39785","1":"product","2":"type-product","3":"status-publish","4":"has-post-thumbnail","6":"product_cat-lamparas-canamo","7":"product_cat-lamparas-techo","8":"product_cat-lamparas-y-apliques","9":"product_cat-lamparas-colgantes","10":"product_cat-lamparas-vintage","11":"product_tag-lampara","12":"product_tag-lampara-colgante","13":"product_tag-lampara-vintage-lampara-canamo","15":"first","16":"instock","17":"shipping-taxable","18":"purchasable","19":"product-type-simple"},"_links":{"self":[{"href":"https:\/\/www.tiendaled.cl\/index.php?rest_route=\/wp\/v2\/product\/39785","targetHints":{"allow":["GET"]}}],"collection":[{"href":"https:\/\/www.tiendaled.cl\/index.php?rest_route=\/wp\/v2\/product"}],"about":[{"href":"https:\/\/www.tiendaled.cl\/index.php?rest_route=\/wp\/v2\/types\/product"}],"replies":[{"embeddable":true,"href":"https:\/\/www.tiendaled.cl\/index.php?rest_route=%2Fwp%2Fv2%2Fcomments&post=39785"}],"wp:featuredmedia":[{"embeddable":true,"href":"https:\/\/www.tiendaled.cl\/index.php?rest_route=\/wp\/v2\/media\/39794"}],"wp:attachment":[{"href":"https:\/\/www.tiendaled.cl\/index.php?rest_route=%2Fwp%2Fv2%2Fmedia&parent=39785"}],"wp:term":[{"taxonomy":"product_brand","embeddable":true,"href":"https:\/\/www.tiendaled.cl\/index.php?rest_route=%2Fwp%2Fv2%2Fproduct_brand&post=39785"},{"taxonomy":"product_cat","embeddable":true,"href":"https:\/\/www.tiendaled.cl\/index.php?rest_route=%2Fwp%2Fv2%2Fproduct_cat&post=39785"},{"taxonomy":"product_tag","embeddable":true,"href":"https:\/\/www.tiendaled.cl\/index.php?rest_route=%2Fwp%2Fv2%2Fproduct_tag&post=39785"}],"curies":[{"name":"wp","href":"https:\/\/api.w.org\/{rel}","templated":true}]}}