{"id":39347,"date":"2023-03-14T10:41:06","date_gmt":"2023-03-14T12:41:06","guid":{"rendered":"https:\/\/www.tiendaled.cl\/?post_type=product&#038;p=39347"},"modified":"2024-06-17T02:03:47","modified_gmt":"2024-06-17T04:03:47","slug":"lampara-colgante-rustica-madera-diseno-timon-8-faroles","status":"publish","type":"product","link":"https:\/\/www.tiendaled.cl\/?product=lampara-colgante-rustica-madera-diseno-timon-8-faroles","title":{"rendered":"Lampara Colgante Rustica Madera Dise\u00f1o Timon 8 Faroles"},"content":{"rendered":"<p>Esta l\u00e1mpara tiene un dise\u00f1o artesanal \u00fanico<br \/>\nFabricada en madera y hierro, con 8 faroles de vidrios<br \/>\nElegante superficie baja en carbono, antioxidante, y duradera.<br \/>\nUna l\u00e1mpara est\u00e9ticamente agradable se ve art\u00edstica y vintage.<br \/>\nAgregue un sentido de historia a cualquier lugar de su casa<\/p>\n<p>Da la bienvenida a tus invitados y a\u00f1ade iluminaci\u00f3n para decorar con una variedad de estilos (retro, vintage, industrial, moderno, n\u00f3rdico)<\/p>\n<p>Idealmente para ser instalada en comedor, cocina, sala de estar, dormitorio, iluminaci\u00f3n de hotel, restaurante, pabellones de caf\u00e9, bares, clubes, salas de exposiciones, etc.<\/p>\n<p>Material hierro forjado + cuerpo de la l\u00e1mpara de madera, pintura en aerosol de alta temperatura, cuerpo de la l\u00e1mpara de hierro forjado antioxidante y anticorrosi\u00f3n, madera pura pulida a mano es fuerte y duradera<\/p>\n<p>Iluminaci\u00f3n colgante con dise\u00f1o \u00fanico y exquisito a\u00f1ade un toque r\u00fastico y elegante a tu casa.<br \/>\nIdeal para ser utilizada con ampolletas led vintage de filamento<br \/>\nSoquete tradicional E27<\/p>\n<p>NO INCLUYE AMPOLLETAS.<\/p>\n<p>Dimensiones<br \/>\nAltura 100cm<br \/>\nDiametro70cm<\/p>\n<p>Aplicable a la habitaci\u00f3n: sala de estar, comedor, dormitorio, cocina, comedor, ba\u00f1o, pasillos, bares, caf\u00e9s, almacenes, s\u00f3tanos y otras luces interiores.<\/p>\n","protected":false},"excerpt":{"rendered":"<p>Esta l\u00e1mpara tiene un dise\u00f1o artesanal \u00fanico Fabricada en madera y hierro, con 8 faroles de vidrios Elegante superficie baja en carbono, antioxidante, y duradera. Una l\u00e1mpara est\u00e9ticamente agradable se ve art\u00edstica y vintage. Agregue un sentido de historia a cualquier lugar de su casa Da la bienvenida a tus invitados y a\u00f1ade iluminaci\u00f3n para [&#8230;]\n","protected":false},"featured_media":39355,"comment_status":"open","ping_status":"closed","template":"","meta":{"_joinchat":[]},"product_brand":[],"product_cat":[192,103,111,105],"product_tag":[120,172,122,202,147],"class_list":{"0":"post-39347","1":"product","2":"type-product","3":"status-publish","4":"has-post-thumbnail","6":"product_cat-lamparas-techo","7":"product_cat-lamparas-y-apliques","8":"product_cat-lamparas-colgantes","9":"product_cat-lamparas-vintage","10":"product_tag-lampara","11":"product_tag-lampara-candelabro","12":"product_tag-lampara-colgante","13":"product_tag-lampara-madera","14":"product_tag-lampara-rustica","16":"first","17":"outofstock","18":"shipping-taxable","19":"purchasable","20":"product-type-simple"},"_links":{"self":[{"href":"https:\/\/www.tiendaled.cl\/index.php?rest_route=\/wp\/v2\/product\/39347","targetHints":{"allow":["GET"]}}],"collection":[{"href":"https:\/\/www.tiendaled.cl\/index.php?rest_route=\/wp\/v2\/product"}],"about":[{"href":"https:\/\/www.tiendaled.cl\/index.php?rest_route=\/wp\/v2\/types\/product"}],"replies":[{"embeddable":true,"href":"https:\/\/www.tiendaled.cl\/index.php?rest_route=%2Fwp%2Fv2%2Fcomments&post=39347"}],"wp:featuredmedia":[{"embeddable":true,"href":"https:\/\/www.tiendaled.cl\/index.php?rest_route=\/wp\/v2\/media\/39355"}],"wp:attachment":[{"href":"https:\/\/www.tiendaled.cl\/index.php?rest_route=%2Fwp%2Fv2%2Fmedia&parent=39347"}],"wp:term":[{"taxonomy":"product_brand","embeddable":true,"href":"https:\/\/www.tiendaled.cl\/index.php?rest_route=%2Fwp%2Fv2%2Fproduct_brand&post=39347"},{"taxonomy":"product_cat","embeddable":true,"href":"https:\/\/www.tiendaled.cl\/index.php?rest_route=%2Fwp%2Fv2%2Fproduct_cat&post=39347"},{"taxonomy":"product_tag","embeddable":true,"href":"https:\/\/www.tiendaled.cl\/index.php?rest_route=%2Fwp%2Fv2%2Fproduct_tag&post=39347"}],"curies":[{"name":"wp","href":"https:\/\/api.w.org\/{rel}","templated":true}]}}