{"id":38203,"date":"2023-01-23T00:37:06","date_gmt":"2023-01-23T02:37:06","guid":{"rendered":"https:\/\/www.tiendaled.cl\/?post_type=product&#038;p=38203"},"modified":"2025-12-05T13:49:49","modified_gmt":"2025-12-05T15:49:49","slug":"lampara-de-pared-moderna-con-interruptor-dorada-diseno-hoja","status":"publish","type":"product","link":"https:\/\/www.tiendaled.cl\/?product=lampara-de-pared-moderna-con-interruptor-dorada-diseno-hoja","title":{"rendered":"Lampara De Pared Moderna Con Interruptor Dorada Dise\u00f1o Hoja"},"content":{"rendered":"<p>L\u00e1mpara de pared dorada<br \/>\nL\u00e1mpara de pared de vidrio moderna y simple con dise\u00f1o moderna y creativa.<br \/>\nIdeal para ser instalada en la habitaci\u00f3n, la luz es uniforme y suave, creando un ambiente de iluminaci\u00f3n c\u00e1lido y agradable.<br \/>\nL\u00e1mpara de pared con interruptor de cable: use el interruptor de cable para encender y apagar f\u00e1cilmente la l\u00e1mpara de pared, lo que hace que su uso sea m\u00e1s conveniente.<br \/>\nIdealmente para uso en interiores, no como fuente de luz principal. Iluminaci\u00f3n: 5-6 metros cuadrados.<br \/>\nUtiliza ampolleta de Soquete tradicional E27<\/p>\n<p>NO INCLUYE AMPOLLETA<\/p>\n<p>Tama\u00f1o del vidrio: 10cm x 14CM<br \/>\nTama\u00f1o de la placa fija 10CM,<br \/>\nDistancia de la pared 225CM,<br \/>\nLargo Interruptor 7CM<br \/>\nMaterial: metal + vidrio.<\/p>\n<p>\u00c1mbito de aplicaci\u00f3n: adecuado para su instalaci\u00f3n en dormitorios, salas de estar, escaleras, mesitas de noche, comedores, pasillos, pasillos, balcones, ba\u00f1os, salas de estudio, tocadores, armarios con espejos, luces de pintura, hoteles, tiendas, oficinas, bares<\/p>\n","protected":false},"excerpt":{"rendered":"<p>L\u00e1mpara de pared dorada L\u00e1mpara de pared de vidrio moderna y simple con dise\u00f1o moderna y creativa. Ideal para ser instalada en la habitaci\u00f3n, la luz es uniforme y suave, creando un ambiente de iluminaci\u00f3n c\u00e1lido y agradable. L\u00e1mpara de pared con interruptor de cable: use el interruptor de cable para encender y apagar f\u00e1cilmente [&#8230;]\n","protected":false},"featured_media":38209,"comment_status":"open","ping_status":"closed","template":"","meta":{"_joinchat":[]},"product_brand":[],"product_cat":[103,106,108],"product_tag":[131,133,132,182],"class_list":{"0":"post-38203","1":"product","2":"type-product","3":"status-publish","4":"has-post-thumbnail","6":"product_cat-lamparas-y-apliques","7":"product_cat-apliques","8":"product_cat-lamparas-de-muro","9":"product_tag-aplique","10":"product_tag-aplique-moderno","11":"product_tag-aplique-muro","12":"product_tag-lampara-muro","14":"first","15":"instock","16":"sale","17":"shipping-taxable","18":"purchasable","19":"product-type-simple"},"_links":{"self":[{"href":"https:\/\/www.tiendaled.cl\/index.php?rest_route=\/wp\/v2\/product\/38203","targetHints":{"allow":["GET"]}}],"collection":[{"href":"https:\/\/www.tiendaled.cl\/index.php?rest_route=\/wp\/v2\/product"}],"about":[{"href":"https:\/\/www.tiendaled.cl\/index.php?rest_route=\/wp\/v2\/types\/product"}],"replies":[{"embeddable":true,"href":"https:\/\/www.tiendaled.cl\/index.php?rest_route=%2Fwp%2Fv2%2Fcomments&post=38203"}],"wp:featuredmedia":[{"embeddable":true,"href":"https:\/\/www.tiendaled.cl\/index.php?rest_route=\/wp\/v2\/media\/38209"}],"wp:attachment":[{"href":"https:\/\/www.tiendaled.cl\/index.php?rest_route=%2Fwp%2Fv2%2Fmedia&parent=38203"}],"wp:term":[{"taxonomy":"product_brand","embeddable":true,"href":"https:\/\/www.tiendaled.cl\/index.php?rest_route=%2Fwp%2Fv2%2Fproduct_brand&post=38203"},{"taxonomy":"product_cat","embeddable":true,"href":"https:\/\/www.tiendaled.cl\/index.php?rest_route=%2Fwp%2Fv2%2Fproduct_cat&post=38203"},{"taxonomy":"product_tag","embeddable":true,"href":"https:\/\/www.tiendaled.cl\/index.php?rest_route=%2Fwp%2Fv2%2Fproduct_tag&post=38203"}],"curies":[{"name":"wp","href":"https:\/\/api.w.org\/{rel}","templated":true}]}}