{"id":38122,"date":"2023-01-11T23:22:08","date_gmt":"2023-01-12T01:22:08","guid":{"rendered":"https:\/\/www.tiendaled.cl\/?post_type=product&#038;p=38122"},"modified":"2025-07-11T10:05:59","modified_gmt":"2025-07-11T12:05:59","slug":"luminaria-publica-solar-200w-panel-ajustable-control-remoto","status":"publish","type":"product","link":"https:\/\/www.tiendaled.cl\/?product=luminaria-publica-solar-200w-panel-ajustable-control-remoto","title":{"rendered":"Luminaria Publica Solar 200w Panel Ajustable Control Remoto"},"content":{"rendered":"<p class=\"ui-pdp-title\">Luminaria Publica Solar Panel Ajustable<br \/>\nTipo Calle, para exteriores<br \/>\nIdeal para patios, parcelas, terrenos sin conexion eletrica, casa en la playa etc<br \/>\nFacil montaje mural o alg\u00fan poste<br \/>\nIncluye Brazo Para Montaje y Control Remoto<\/p>\n<p>Control de Luz Inteligente<br \/>\nRecarga automatica durante el dia<br \/>\nSistema de encendido automtico al atardecer<br \/>\nFacil Instalacion<br \/>\nPanel Solar : 6v 15W<br \/>\nBateria: polimero de litio 11.1 V 15.6AH<br \/>\nPotencia de foco led: 200W<br \/>\nCarcasa: aleacion de aluminio fundido<br \/>\nTemperatura de color:6500K (LUZ FRIA)<br \/>\nLumenes.18000 LM<br \/>\nTiempo de recarga solar :8-10 HORAS<br \/>\nTiempo de autonomia: 12 A 18 HORAS<\/p>\n<p>&nbsp;<\/p>\n<p>\u2014\u2013IMPORTANTE \u2014-<\/p>\n<p>La foto de este producto ha sido ambientada, la fotograf\u00eda es una aproximaci\u00f3n al color real. Por lo cual no incluye ning\u00fan adorno, ni accesorios, ni piezas adicionales ni ning\u00fan otro elemento que lo acompa\u00f1an.<\/p>\n<p>GARANT\u00cdA<\/p>\n<p>* NO cubre mala manipulaci\u00f3n por parte del usuario, por lo cual es importante que revise el producto apenas lo reciba, independiente si lo instalara despues<br \/>\n* Se debe conservar empaque y accesorios completos.<\/p>\n","protected":false},"excerpt":{"rendered":"<p>Luminaria Publica Solar Panel Ajustable Tipo Calle, para exteriores Ideal para patios, parcelas, terrenos sin conexion eletrica, casa en la playa etc Facil montaje mural o alg\u00fan poste Incluye Brazo Para Montaje y Control Remoto Control de Luz Inteligente Recarga automatica durante el dia Sistema de encendido automtico al atardecer Facil Instalacion Panel Solar : [&#8230;]\n","protected":false},"featured_media":33711,"comment_status":"open","ping_status":"closed","template":"","meta":{"_joinchat":[]},"product_brand":[],"product_cat":[92,101,112,116,113],"product_tag":[155,226,214],"class_list":{"0":"post-38122","1":"product","2":"type-product","3":"status-publish","4":"has-post-thumbnail","6":"product_cat-productos-led","7":"product_cat-luminaria-led","8":"product_cat-iluminacion-solar","9":"product_cat-focos-proyectores","10":"product_cat-luminaria-solar","11":"product_tag-iluminacionsolar","12":"product_tag-luminaria-led","13":"product_tag-luminaria-solar","15":"first","16":"instock","17":"shipping-taxable","18":"purchasable","19":"product-type-simple"},"_links":{"self":[{"href":"https:\/\/www.tiendaled.cl\/index.php?rest_route=\/wp\/v2\/product\/38122","targetHints":{"allow":["GET"]}}],"collection":[{"href":"https:\/\/www.tiendaled.cl\/index.php?rest_route=\/wp\/v2\/product"}],"about":[{"href":"https:\/\/www.tiendaled.cl\/index.php?rest_route=\/wp\/v2\/types\/product"}],"replies":[{"embeddable":true,"href":"https:\/\/www.tiendaled.cl\/index.php?rest_route=%2Fwp%2Fv2%2Fcomments&post=38122"}],"wp:featuredmedia":[{"embeddable":true,"href":"https:\/\/www.tiendaled.cl\/index.php?rest_route=\/wp\/v2\/media\/33711"}],"wp:attachment":[{"href":"https:\/\/www.tiendaled.cl\/index.php?rest_route=%2Fwp%2Fv2%2Fmedia&parent=38122"}],"wp:term":[{"taxonomy":"product_brand","embeddable":true,"href":"https:\/\/www.tiendaled.cl\/index.php?rest_route=%2Fwp%2Fv2%2Fproduct_brand&post=38122"},{"taxonomy":"product_cat","embeddable":true,"href":"https:\/\/www.tiendaled.cl\/index.php?rest_route=%2Fwp%2Fv2%2Fproduct_cat&post=38122"},{"taxonomy":"product_tag","embeddable":true,"href":"https:\/\/www.tiendaled.cl\/index.php?rest_route=%2Fwp%2Fv2%2Fproduct_tag&post=38122"}],"curies":[{"name":"wp","href":"https:\/\/api.w.org\/{rel}","templated":true}]}}