{"id":38013,"date":"2023-01-09T12:28:53","date_gmt":"2023-01-09T14:28:53","guid":{"rendered":"https:\/\/www.tiendaled.cl\/?post_type=product&#038;p=38013"},"modified":"2025-10-23T10:19:32","modified_gmt":"2025-10-23T12:19:32","slug":"lampara-colgante-en-formas-geometricas-cuadrado-redondo-triangulo-estrella","status":"publish","type":"product","link":"https:\/\/www.tiendaled.cl\/?product=lampara-colgante-en-formas-geometricas-cuadrado-redondo-triangulo-estrella","title":{"rendered":"L\u00e1mpara Colgante en formas geom\u00e9tricas: cuadrado, redondo, tri\u00e1ngulo, estrella"},"content":{"rendered":"<p>Tanto si es un profesional como un aficionado a la decoraci\u00f3n de interiores, si la quiere para regalo o se hace a s\u00ed mismo, de L\u00e1mparas colgante de dise\u00f1o geometrico dar\u00e1n el toque final a ese espacio que desea iluminar y tambien decorar<\/p>\n<p>Con una selecci\u00f3n de 5 formas: cuadrado, redondo, tri\u00e1ngulo, estrella, encontrar\u00e1 inevitablemente la L\u00e1mpara colgante de dise\u00f1o geom\u00e9trico que se adaptara a su interior. Puede combinarlas perfectamente variando las formas pero tambi\u00e9n la longitud del cable con sus 100 cent\u00edmetros ajustables.<\/p>\n<p>Estas modernas L\u00e1mparas colgante , de acero pintado en negro, son perfectos para el sal\u00f3n, la cocina y el dormitorio.<br \/>\nEst\u00e1n equipados con soquete tradicional E27 y puede utilizar amolletas led vintage de bajo consumo sin comprometer la iluminaci\u00f3n.<\/p>\n<p>&nbsp;<\/p>\n<p>NOTA** UNA VEZ REALICE LA COMPRA DEBE INDICAR EN LA MISMA QUE MODELO ES EL QUE DESEA QUE LE SEA ENVIADO<\/p>\n<p>&nbsp;<\/p>\n","protected":false},"excerpt":{"rendered":"<p>Tanto si es un profesional como un aficionado a la decoraci\u00f3n de interiores, si la quiere para regalo o se hace a s\u00ed mismo, de L\u00e1mparas colgante de dise\u00f1o geometrico dar\u00e1n el toque final a ese espacio que desea iluminar y tambien decorar Con una selecci\u00f3n de 5 formas: cuadrado, redondo, tri\u00e1ngulo, estrella, encontrar\u00e1 inevitablemente [&#8230;]\n","protected":false},"featured_media":38023,"comment_status":"open","ping_status":"closed","template":"","meta":{"_joinchat":[]},"product_brand":[],"product_cat":[192,425,103,111,105],"product_tag":[120,122,174,177],"class_list":{"0":"post-38013","1":"product","2":"type-product","3":"status-publish","4":"has-post-thumbnail","6":"product_cat-lamparas-techo","7":"product_cat-ofertas","8":"product_cat-lamparas-y-apliques","9":"product_cat-lamparas-colgantes","10":"product_cat-lamparas-vintage","11":"product_tag-lampara","12":"product_tag-lampara-colgante","13":"product_tag-lampara-geometrica","14":"product_tag-lampara-moderna","16":"first","17":"instock","18":"sale","19":"shipping-taxable","20":"purchasable","21":"product-type-simple"},"_links":{"self":[{"href":"https:\/\/www.tiendaled.cl\/index.php?rest_route=\/wp\/v2\/product\/38013","targetHints":{"allow":["GET"]}}],"collection":[{"href":"https:\/\/www.tiendaled.cl\/index.php?rest_route=\/wp\/v2\/product"}],"about":[{"href":"https:\/\/www.tiendaled.cl\/index.php?rest_route=\/wp\/v2\/types\/product"}],"replies":[{"embeddable":true,"href":"https:\/\/www.tiendaled.cl\/index.php?rest_route=%2Fwp%2Fv2%2Fcomments&post=38013"}],"wp:featuredmedia":[{"embeddable":true,"href":"https:\/\/www.tiendaled.cl\/index.php?rest_route=\/wp\/v2\/media\/38023"}],"wp:attachment":[{"href":"https:\/\/www.tiendaled.cl\/index.php?rest_route=%2Fwp%2Fv2%2Fmedia&parent=38013"}],"wp:term":[{"taxonomy":"product_brand","embeddable":true,"href":"https:\/\/www.tiendaled.cl\/index.php?rest_route=%2Fwp%2Fv2%2Fproduct_brand&post=38013"},{"taxonomy":"product_cat","embeddable":true,"href":"https:\/\/www.tiendaled.cl\/index.php?rest_route=%2Fwp%2Fv2%2Fproduct_cat&post=38013"},{"taxonomy":"product_tag","embeddable":true,"href":"https:\/\/www.tiendaled.cl\/index.php?rest_route=%2Fwp%2Fv2%2Fproduct_tag&post=38013"}],"curies":[{"name":"wp","href":"https:\/\/api.w.org\/{rel}","templated":true}]}}