{"id":37902,"date":"2023-01-04T10:53:34","date_gmt":"2023-01-04T12:53:34","guid":{"rendered":"https:\/\/www.tiendaled.cl\/?post_type=product&#038;p=37902"},"modified":"2025-06-02T15:43:21","modified_gmt":"2025-06-02T17:43:21","slug":"lampara-golgante-triple-cono-rustica-canamo-y-hierro","status":"publish","type":"product","link":"https:\/\/www.tiendaled.cl\/?product=lampara-golgante-triple-cono-rustica-canamo-y-hierro","title":{"rendered":"L\u00e1mpara Golgante Triple Cono Rustica C\u00e1\u00f1amo Y Hierro"},"content":{"rendered":"<p>Iluminaci\u00f3n industrial, r\u00fastica y moderna para la casa<\/p>\n<p>L\u00e1mpara de techo de estilo de vintage, material de Metal + Cuerda<br \/>\n3 Conos de metal que pueden ser usados tambien de manera independiente<br \/>\nUtiliza 3 ampolletas de base E27 maximo 40W cada una.<\/p>\n<p>NO INCLUYE AMPOLLETAS<\/p>\n<p>Dimensiones de la l\u00e1mpara: 70 cm de longitud, cable ajustable 80 cm<br \/>\nIdeal para usar en tiendas, bares , caf\u00e9s , cocina c\u00e1lida y \u00e1rea de tu casa que quieras dar un toque<\/p>\n","protected":false},"excerpt":{"rendered":"<p>Iluminaci\u00f3n industrial, r\u00fastica y moderna para la casa L\u00e1mpara de techo de estilo de vintage, material de Metal + Cuerda 3 Conos de metal que pueden ser usados tambien de manera independiente Utiliza 3 ampolletas de base E27 maximo 40W cada una. NO INCLUYE AMPOLLETAS Dimensiones de la l\u00e1mpara: 70 cm de longitud, cable ajustable [&#8230;]\n","protected":false},"featured_media":37906,"comment_status":"open","ping_status":"closed","template":"","meta":{"_joinchat":[]},"product_brand":[],"product_cat":[181,192,425,103,111,105],"product_tag":[173,122,147],"class_list":{"0":"post-37902","1":"product","2":"type-product","3":"status-publish","4":"has-post-thumbnail","6":"product_cat-lamparas-canamo","7":"product_cat-lamparas-techo","8":"product_cat-ofertas","9":"product_cat-lamparas-y-apliques","10":"product_cat-lamparas-colgantes","11":"product_cat-lamparas-vintage","12":"product_tag-lampara-canamo","13":"product_tag-lampara-colgante","14":"product_tag-lampara-rustica","16":"first","17":"instock","18":"sale","19":"shipping-taxable","20":"purchasable","21":"product-type-simple"},"_links":{"self":[{"href":"https:\/\/www.tiendaled.cl\/index.php?rest_route=\/wp\/v2\/product\/37902","targetHints":{"allow":["GET"]}}],"collection":[{"href":"https:\/\/www.tiendaled.cl\/index.php?rest_route=\/wp\/v2\/product"}],"about":[{"href":"https:\/\/www.tiendaled.cl\/index.php?rest_route=\/wp\/v2\/types\/product"}],"replies":[{"embeddable":true,"href":"https:\/\/www.tiendaled.cl\/index.php?rest_route=%2Fwp%2Fv2%2Fcomments&post=37902"}],"wp:featuredmedia":[{"embeddable":true,"href":"https:\/\/www.tiendaled.cl\/index.php?rest_route=\/wp\/v2\/media\/37906"}],"wp:attachment":[{"href":"https:\/\/www.tiendaled.cl\/index.php?rest_route=%2Fwp%2Fv2%2Fmedia&parent=37902"}],"wp:term":[{"taxonomy":"product_brand","embeddable":true,"href":"https:\/\/www.tiendaled.cl\/index.php?rest_route=%2Fwp%2Fv2%2Fproduct_brand&post=37902"},{"taxonomy":"product_cat","embeddable":true,"href":"https:\/\/www.tiendaled.cl\/index.php?rest_route=%2Fwp%2Fv2%2Fproduct_cat&post=37902"},{"taxonomy":"product_tag","embeddable":true,"href":"https:\/\/www.tiendaled.cl\/index.php?rest_route=%2Fwp%2Fv2%2Fproduct_tag&post=37902"}],"curies":[{"name":"wp","href":"https:\/\/api.w.org\/{rel}","templated":true}]}}