{"id":37883,"date":"2023-01-03T21:21:03","date_gmt":"2023-01-03T23:21:03","guid":{"rendered":"https:\/\/www.tiendaled.cl\/?post_type=product&#038;p=37883"},"modified":"2025-11-14T01:03:22","modified_gmt":"2025-11-14T03:03:22","slug":"foco-estaca-jardin-10w-panel-solar-ajustable-luz-calida-y-fria","status":"publish","type":"product","link":"https:\/\/www.tiendaled.cl\/?product=foco-estaca-jardin-10w-panel-solar-ajustable-luz-calida-y-fria","title":{"rendered":"Foco Estaca Jardin 10w Panel Solar Ajustable Luz Calida y Fria"},"content":{"rendered":"<p>Foco estaca solar de 10w de potencia de iluminacion<br \/>\nEn Luz calida y Luz Fria<br \/>\n50 luces LED Superbrillante<br \/>\nBater\u00eda de litio. 3.7V \/ 4000mAh<br \/>\nTiempo de carga de 8 horas<br \/>\nAutonomia de 8 a 12 horas<br \/>\nPanel de Silicio Policrcistalino de 6v y 3w de potencia<br \/>\n.<br \/>\nPanel solar y luz ajustables: 45 \u00b0 para el panel solar, 90 \u00b0 para el cabezal de la luz. El panel solar cargar\u00e1 la bater\u00eda durante el d\u00eda y se encender\u00e1 autom\u00e1ticamente por la noche.<br \/>\nInstalaci\u00f3n f\u00e1cil: las luces solares lo pegan en el suelo o lo montan en el camino con los tornillos y anclajes incluidos.<br \/>\nAmplia aplicaci\u00f3n: clasificaci\u00f3n impermeable IP44, no se preocupe por la lluvia, la nieve y el polvo. El reflector solar de 10 w e perfecto para jard\u00edn, patio, entrada de auto, escaleras, \u00e1rea de piscina, etc.<\/p>\n","protected":false},"excerpt":{"rendered":"<p>Foco estaca solar de 10w de potencia de iluminacion En Luz calida y Luz Fria 50 luces LED Superbrillante Bater\u00eda de litio. 3.7V \/ 4000mAh Tiempo de carga de 8 horas Autonomia de 8 a 12 horas Panel de Silicio Policrcistalino de 6v y 3w de potencia . Panel solar y luz ajustables: 45 \u00b0 [&#8230;]\n","protected":false},"featured_media":37885,"comment_status":"open","ping_status":"closed","template":"","meta":{"_joinchat":[]},"product_brand":[],"product_cat":[112,116,113],"product_tag":[264,265,211,155],"class_list":{"0":"post-37883","1":"product","2":"type-product","3":"status-publish","4":"has-post-thumbnail","6":"product_cat-iluminacion-solar","7":"product_cat-focos-proyectores","8":"product_cat-luminaria-solar","9":"product_tag-estaca-solar","10":"product_tag-foco-led","11":"product_tag-foco-solar","12":"product_tag-iluminacionsolar","14":"first","15":"instock","16":"shipping-taxable","17":"purchasable","18":"product-type-simple"},"_links":{"self":[{"href":"https:\/\/www.tiendaled.cl\/index.php?rest_route=\/wp\/v2\/product\/37883","targetHints":{"allow":["GET"]}}],"collection":[{"href":"https:\/\/www.tiendaled.cl\/index.php?rest_route=\/wp\/v2\/product"}],"about":[{"href":"https:\/\/www.tiendaled.cl\/index.php?rest_route=\/wp\/v2\/types\/product"}],"replies":[{"embeddable":true,"href":"https:\/\/www.tiendaled.cl\/index.php?rest_route=%2Fwp%2Fv2%2Fcomments&post=37883"}],"wp:featuredmedia":[{"embeddable":true,"href":"https:\/\/www.tiendaled.cl\/index.php?rest_route=\/wp\/v2\/media\/37885"}],"wp:attachment":[{"href":"https:\/\/www.tiendaled.cl\/index.php?rest_route=%2Fwp%2Fv2%2Fmedia&parent=37883"}],"wp:term":[{"taxonomy":"product_brand","embeddable":true,"href":"https:\/\/www.tiendaled.cl\/index.php?rest_route=%2Fwp%2Fv2%2Fproduct_brand&post=37883"},{"taxonomy":"product_cat","embeddable":true,"href":"https:\/\/www.tiendaled.cl\/index.php?rest_route=%2Fwp%2Fv2%2Fproduct_cat&post=37883"},{"taxonomy":"product_tag","embeddable":true,"href":"https:\/\/www.tiendaled.cl\/index.php?rest_route=%2Fwp%2Fv2%2Fproduct_tag&post=37883"}],"curies":[{"name":"wp","href":"https:\/\/api.w.org\/{rel}","templated":true}]}}