{"id":37840,"date":"2023-01-03T00:41:58","date_gmt":"2023-01-03T02:41:58","guid":{"rendered":"https:\/\/www.tiendaled.cl\/?post_type=product&#038;p=37840"},"modified":"2025-08-05T15:26:48","modified_gmt":"2025-08-05T17:26:48","slug":"lampara-colgante-esfera-de-hierro-recubierta-con-canamo","status":"publish","type":"product","link":"https:\/\/www.tiendaled.cl\/?product=lampara-colgante-esfera-de-hierro-recubierta-con-canamo","title":{"rendered":"L\u00e1mpara Colgante Esfera De Hierro Recubierta con Ca\u00f1amo"},"content":{"rendered":"<p>L\u00e1mpara Colgante Esfera de Hierro y Ca\u00f1amo<\/p>\n<p>Dise\u00f1o \u00fanico &#8211; Esfera cubierta de ca\u00f1amo<br \/>\nUna lampara que hara que sus espacios se vean Rusticos<br \/>\nIdeal para ser instalada en el living, comedor, bar, dormitorio, o donde quieras tener un toque vintage e industrial<br \/>\nMuy utilizada en bares y restoranes, asi como tambien hoteles y tiendas<br \/>\nDiametro de la l\u00e1mpara: 30CM<br \/>\nLongitud del cable:100CM<br \/>\nMaterial principal: Hierro y Cuerda de c\u00e1\u00f1amo<br \/>\nColor: ; negro<br \/>\nDi\u00e1metro de la base: 10CM<br \/>\nVoltaje: 220V<br \/>\nSoquete tradicional: E27<\/p>\n<p>NO INCLUYE AMPOLLETA<\/p>\n","protected":false},"excerpt":{"rendered":"<p>L\u00e1mpara Colgante Esfera de Hierro y Ca\u00f1amo Dise\u00f1o \u00fanico &#8211; Esfera cubierta de ca\u00f1amo Una lampara que hara que sus espacios se vean Rusticos Ideal para ser instalada en el living, comedor, bar, dormitorio, o donde quieras tener un toque vintage e industrial Muy utilizada en bares y restoranes, asi como tambien hoteles y tiendas [&#8230;]\n","protected":false},"featured_media":37850,"comment_status":"open","ping_status":"closed","template":"","meta":{"_joinchat":[]},"product_brand":[],"product_cat":[181,192,92,103,111,105],"product_tag":[120,173,122,147,247],"class_list":{"0":"post-37840","1":"product","2":"type-product","3":"status-publish","4":"has-post-thumbnail","6":"product_cat-lamparas-canamo","7":"product_cat-lamparas-techo","8":"product_cat-productos-led","9":"product_cat-lamparas-y-apliques","10":"product_cat-lamparas-colgantes","11":"product_cat-lamparas-vintage","12":"product_tag-lampara","13":"product_tag-lampara-canamo","14":"product_tag-lampara-colgante","15":"product_tag-lampara-rustica","16":"product_tag-lampara-vintage-lampara-canamo","18":"first","19":"instock","20":"shipping-taxable","21":"purchasable","22":"product-type-simple"},"_links":{"self":[{"href":"https:\/\/www.tiendaled.cl\/index.php?rest_route=\/wp\/v2\/product\/37840","targetHints":{"allow":["GET"]}}],"collection":[{"href":"https:\/\/www.tiendaled.cl\/index.php?rest_route=\/wp\/v2\/product"}],"about":[{"href":"https:\/\/www.tiendaled.cl\/index.php?rest_route=\/wp\/v2\/types\/product"}],"replies":[{"embeddable":true,"href":"https:\/\/www.tiendaled.cl\/index.php?rest_route=%2Fwp%2Fv2%2Fcomments&post=37840"}],"wp:featuredmedia":[{"embeddable":true,"href":"https:\/\/www.tiendaled.cl\/index.php?rest_route=\/wp\/v2\/media\/37850"}],"wp:attachment":[{"href":"https:\/\/www.tiendaled.cl\/index.php?rest_route=%2Fwp%2Fv2%2Fmedia&parent=37840"}],"wp:term":[{"taxonomy":"product_brand","embeddable":true,"href":"https:\/\/www.tiendaled.cl\/index.php?rest_route=%2Fwp%2Fv2%2Fproduct_brand&post=37840"},{"taxonomy":"product_cat","embeddable":true,"href":"https:\/\/www.tiendaled.cl\/index.php?rest_route=%2Fwp%2Fv2%2Fproduct_cat&post=37840"},{"taxonomy":"product_tag","embeddable":true,"href":"https:\/\/www.tiendaled.cl\/index.php?rest_route=%2Fwp%2Fv2%2Fproduct_tag&post=37840"}],"curies":[{"name":"wp","href":"https:\/\/api.w.org\/{rel}","templated":true}]}}