{"id":37826,"date":"2023-01-03T00:29:24","date_gmt":"2023-01-03T02:29:24","guid":{"rendered":"https:\/\/www.tiendaled.cl\/?post_type=product&#038;p=37826"},"modified":"2024-03-04T11:03:24","modified_gmt":"2024-03-04T13:03:24","slug":"foco-100w-portatil-recargable-solar-220v-y-24v","status":"publish","type":"product","link":"https:\/\/www.tiendaled.cl\/?product=foco-100w-portatil-recargable-solar-220v-y-24v","title":{"rendered":"Foco 100w Portatil Recargable Solar, 220V y 24V"},"content":{"rendered":"<p>Foco solar portatil recargable con una Bater\u00eda de larga duraci\u00f3n<br \/>\nOpcion de carga solar y tambien con opcion de carga a traves del encendedor del vehiculo<br \/>\nPratico foco que le permitira Iluminar cuando y donde desee.<br \/>\nCuenta con una bater\u00eda de gran capacidad de (12000 mAh \/ 100W) lo cual le da al proyector un m\u00ednimo de 8-20 horas de funcionamiento<\/p>\n<p>Cuenta con 3 modos de iluminaci\u00f3n:<br \/>\nLuz baja<br \/>\nLuz Alta<br \/>\nY parpadea la luz alternando rojo y azul ( emergencias )<br \/>\nPuede configurar los efectos de iluminaci\u00f3n a trav\u00e9s del bot\u00f3n del interruptor<br \/>\nSistema de iluminacion de flash rojo y azul juega un papel de advertencia, para mantenimiento, rescate de emergencia,<\/p>\n<p>Marco pr\u00e1ctico, giratorio e inclinable 90 \u00b0 ajustable, lo que hace que se un producto muy \u00fatil y realmente f\u00e1cil de transportar,<\/p>\n<p>Varias aplicaciones<br \/>\nFunciona tanto como luz de emergencia o trabajo y para actividades artesanales (por ejemplo, reparaci\u00f3n de autom\u00f3viles, pintura, mejoras para el hogar) tambien puedes er utilizado al aire libre y cuando salga de campamento<\/p>\n<p>Resistente al agua IP65, normalmente utilizado bajo la lluvia,<\/p>\n<p>Especificaciones<\/p>\n<p>&nbsp;<\/p>\n<p>Color: negro + amarillo<br \/>\nPotencia: 100 W<br \/>\nColor: blanco fr\u00edo (6500 K)<br \/>\nFlujo luminoso: 9500 lm<br \/>\nBater\u00eda: 12000 mAh<br \/>\nPanel solar: 10W \/ 12 W<br \/>\n\u00c1ngulo de haz: aprox.180 \u00b0<br \/>\nResistente al agua: IP65<br \/>\nMaterial de la carcasa: aluminio de alta resistencia + vidrio templado + PC<br \/>\nPeso: 2 kg.<\/p>\n<p>Incluye Cargador para Vehiculo<\/p>\n","protected":false},"excerpt":{"rendered":"<p>Foco solar portatil recargable con una Bater\u00eda de larga duraci\u00f3n Opcion de carga solar y tambien con opcion de carga a traves del encendedor del vehiculo Pratico foco que le permitira Iluminar cuando y donde desee. Cuenta con una bater\u00eda de gran capacidad de (12000 mAh \/ 100W) lo cual le da al proyector un [&#8230;]\n","protected":false},"featured_media":37829,"comment_status":"open","ping_status":"closed","template":"","meta":{"_joinchat":[]},"product_brand":[],"product_cat":[146,92,98,101,102,112,116,113],"product_tag":[261,210,211,150,212],"class_list":{"0":"post-37826","1":"product","2":"type-product","3":"status-publish","4":"has-post-thumbnail","6":"product_cat-luces-de-emergencia","7":"product_cat-productos-led","8":"product_cat-proyectores-led","9":"product_cat-luminaria-led","10":"product_cat-luminaria-de-emergencia","11":"product_cat-iluminacion-solar","12":"product_cat-focos-proyectores","13":"product_cat-luminaria-solar","14":"product_tag-foco-emergencia","15":"product_tag-foco-recargable","16":"product_tag-foco-solar","17":"product_tag-focos-led","18":"product_tag-luz-emergencia","20":"first","21":"instock","22":"shipping-taxable","23":"purchasable","24":"product-type-simple"},"_links":{"self":[{"href":"https:\/\/www.tiendaled.cl\/index.php?rest_route=\/wp\/v2\/product\/37826","targetHints":{"allow":["GET"]}}],"collection":[{"href":"https:\/\/www.tiendaled.cl\/index.php?rest_route=\/wp\/v2\/product"}],"about":[{"href":"https:\/\/www.tiendaled.cl\/index.php?rest_route=\/wp\/v2\/types\/product"}],"replies":[{"embeddable":true,"href":"https:\/\/www.tiendaled.cl\/index.php?rest_route=%2Fwp%2Fv2%2Fcomments&post=37826"}],"wp:featuredmedia":[{"embeddable":true,"href":"https:\/\/www.tiendaled.cl\/index.php?rest_route=\/wp\/v2\/media\/37829"}],"wp:attachment":[{"href":"https:\/\/www.tiendaled.cl\/index.php?rest_route=%2Fwp%2Fv2%2Fmedia&parent=37826"}],"wp:term":[{"taxonomy":"product_brand","embeddable":true,"href":"https:\/\/www.tiendaled.cl\/index.php?rest_route=%2Fwp%2Fv2%2Fproduct_brand&post=37826"},{"taxonomy":"product_cat","embeddable":true,"href":"https:\/\/www.tiendaled.cl\/index.php?rest_route=%2Fwp%2Fv2%2Fproduct_cat&post=37826"},{"taxonomy":"product_tag","embeddable":true,"href":"https:\/\/www.tiendaled.cl\/index.php?rest_route=%2Fwp%2Fv2%2Fproduct_tag&post=37826"}],"curies":[{"name":"wp","href":"https:\/\/api.w.org\/{rel}","templated":true}]}}