{"id":3743,"date":"2019-05-22T08:58:13","date_gmt":"2019-05-22T10:58:13","guid":{"rendered":"http:\/\/www.tiendaled.cl\/?post_type=product&#038;p=3743"},"modified":"2026-04-29T17:31:52","modified_gmt":"2026-04-29T19:31:52","slug":"aplique-rustico-de-pared-industrial-retro","status":"publish","type":"product","link":"https:\/\/www.tiendaled.cl\/?product=aplique-rustico-de-pared-industrial-retro","title":{"rendered":"Aplique Rustico De Pared Industrial Retro"},"content":{"rendered":"<p>Aplique Rustico de Pared Industrial Dise\u00f1o Estilo Retro<\/p>\n<p>L\u00e1mpara de pared de exterior industrial retro<br \/>\nHhecha de aluminio y vidrio de alta calidad<br \/>\nDise\u00f1o creativo e impermeable, la textura es fuerte y natural.<br \/>\nEl dise\u00f1o y los detalles de la l\u00e1mpara son exquisitos<br \/>\nF\u00e1cil de instalar, el paquete contiene los tornillos necesarios y usted mismo puede instalar la l\u00e1mpara de pared.<\/p>\n<p>Soquete Tradicional E27 (no incluida),<br \/>\nLuz suave y sin deslumbramiento.<\/p>\n<p>Este aplique para exteriores combina un estilo elegante con un estilo moderno de personalidad, con el proceso de mejora continua que brinda una decoraci\u00f3n creativa a su jard\u00edn, patio, puerta y otros lugares donde necesita iluminar<\/p>\n<p>&nbsp;<\/p>\n<p>&nbsp;<\/p>\n<p><a class=\"blue-ar-l-rn-none\" href=\"https:\/\/www.mercadopago.com\/mlc\/checkout\/pay?pref_id=241780181-4547457a-6cad-4c2c-866c-1c8934f14765\" name=\"MP-payButton\">Pagar<\/a><br \/>\n<script type=\"text\/javascript\">\n(function(){function $MPC_load(){window.$MPC_loaded !== true && (function(){var s = document.createElement(\"script\");s.type = \"text\/javascript\";s.async = true;s.src = document.location.protocol+\"\/\/secure.mlstatic.com\/mptools\/render.js\";var x = document.getElementsByTagName('script')[0];x.parentNode.insertBefore(s, x);window.$MPC_loaded = true;})();}window.$MPC_loaded !== true ? (window.attachEvent ?window.attachEvent('onload', $MPC_load) : window.addEventListener('load', $MPC_load, false)) : null;})();\n<\/script><\/p>\n","protected":false},"excerpt":{"rendered":"<p>Aplique Rustico de Pared Industrial Dise\u00f1o Estilo Retro L\u00e1mpara de pared de exterior industrial retro Hhecha de aluminio y vidrio de alta calidad Dise\u00f1o creativo e impermeable, la textura es fuerte y natural. El dise\u00f1o y los detalles de la l\u00e1mpara son exquisitos F\u00e1cil de instalar, el paquete contiene los tornillos necesarios y usted mismo [&#8230;]\n","protected":false},"featured_media":3744,"comment_status":"open","ping_status":"closed","template":"","meta":{"_joinchat":[]},"product_brand":[],"product_cat":[103,106,104,107],"product_tag":[132,145,144,137],"class_list":{"0":"post-3743","1":"product","2":"type-product","3":"status-publish","4":"has-post-thumbnail","6":"product_cat-lamparas-y-apliques","7":"product_cat-apliques","8":"product_cat-apliques-vintage","9":"product_cat-faroles","10":"product_tag-aplique-muro","11":"product_tag-aplique-retro","12":"product_tag-aplique-vintage","13":"product_tag-farol-muro","15":"first","16":"outofstock","17":"shipping-taxable","18":"purchasable","19":"product-type-simple"},"_links":{"self":[{"href":"https:\/\/www.tiendaled.cl\/index.php?rest_route=\/wp\/v2\/product\/3743","targetHints":{"allow":["GET"]}}],"collection":[{"href":"https:\/\/www.tiendaled.cl\/index.php?rest_route=\/wp\/v2\/product"}],"about":[{"href":"https:\/\/www.tiendaled.cl\/index.php?rest_route=\/wp\/v2\/types\/product"}],"replies":[{"embeddable":true,"href":"https:\/\/www.tiendaled.cl\/index.php?rest_route=%2Fwp%2Fv2%2Fcomments&post=3743"}],"wp:featuredmedia":[{"embeddable":true,"href":"https:\/\/www.tiendaled.cl\/index.php?rest_route=\/wp\/v2\/media\/3744"}],"wp:attachment":[{"href":"https:\/\/www.tiendaled.cl\/index.php?rest_route=%2Fwp%2Fv2%2Fmedia&parent=3743"}],"wp:term":[{"taxonomy":"product_brand","embeddable":true,"href":"https:\/\/www.tiendaled.cl\/index.php?rest_route=%2Fwp%2Fv2%2Fproduct_brand&post=3743"},{"taxonomy":"product_cat","embeddable":true,"href":"https:\/\/www.tiendaled.cl\/index.php?rest_route=%2Fwp%2Fv2%2Fproduct_cat&post=3743"},{"taxonomy":"product_tag","embeddable":true,"href":"https:\/\/www.tiendaled.cl\/index.php?rest_route=%2Fwp%2Fv2%2Fproduct_tag&post=3743"}],"curies":[{"name":"wp","href":"https:\/\/api.w.org\/{rel}","templated":true}]}}