{"id":3728,"date":"2019-05-19T21:07:45","date_gmt":"2019-05-19T23:07:45","guid":{"rendered":"http:\/\/www.tiendaled.cl\/?post_type=product&#038;p=3728"},"modified":"2022-12-21T20:52:03","modified_gmt":"2022-12-21T22:52:03","slug":"lampara-colgante-vintage-estilo-lampara-gas","status":"publish","type":"product","link":"https:\/\/www.tiendaled.cl\/?product=lampara-colgante-vintage-estilo-lampara-gas","title":{"rendered":"Lampara Colgante Vintage Estilo Lampara Gas"},"content":{"rendered":"<p>Hermosa Lampara Estilo Vintage Estilo Lampara a Gas<\/p>\n<p>Proporciona a su hogar o tienda una Iluminacion viva y maravillosa.<br \/>\nSirve no solo como iluminaci\u00f3n, sino tambi\u00e9n como una hermosa decoraci\u00f3n.<br \/>\nEsta l\u00e1mpara colgante Idealmente dise\u00f1ada para ser instalada en, restaurantes, hoteles, moteles y cualquier habitaci\u00f3n para agregar un poco de luz con un estilo unico<br \/>\nSoquete e27 tradicional<br \/>\nFabricada en metal y vidrio la hace mucho mas resistente<br \/>\nSirve tanto para exterior como interior.<\/p>\n<p><a mp-mode=\"dftl\" href=\"https:\/\/www.mercadopago.com\/mlc\/checkout\/pay?pref_id=241780181-5d590b5b-c2b6-45d4-aa93-c3c926e63c63\" name=\"MP-payButton\" class='blue-ar-l-sq-none'>Comprar<\/a><br \/>\n<script type=\"text\/javascript\">\n(function(){function $MPC_load(){window.$MPC_loaded !== true && (function(){var s = document.createElement(\"script\");s.type = \"text\/javascript\";s.async = true;s.src = document.location.protocol+\"\/\/secure.mlstatic.com\/mptools\/render.js\";var x = document.getElementsByTagName('script')[0];x.parentNode.insertBefore(s, x);window.$MPC_loaded = true;})();}window.$MPC_loaded !== true ? (window.attachEvent ?window.attachEvent('onload', $MPC_load) : window.addEventListener('load', $MPC_load, false)) : null;})();\n<\/script><\/p>\n","protected":false},"excerpt":{"rendered":"<p>Hermosa Lampara Estilo Vintage Estilo Lampara a Gas Proporciona a su hogar o tienda una Iluminacion viva y maravillosa. Sirve no solo como iluminaci\u00f3n, sino tambi\u00e9n como una hermosa decoraci\u00f3n. Esta l\u00e1mpara colgante Idealmente dise\u00f1ada para ser instalada en, restaurantes, hoteles, moteles y cualquier habitaci\u00f3n para agregar un poco de luz con un estilo unico [&#8230;]\n","protected":false},"featured_media":3729,"comment_status":"open","ping_status":"closed","template":"","meta":{"_joinchat":[]},"product_brand":[],"product_cat":[103,111,105],"product_tag":[120,147,148,124],"class_list":{"0":"post-3728","1":"product","2":"type-product","3":"status-publish","4":"has-post-thumbnail","6":"product_cat-lamparas-y-apliques","7":"product_cat-lamparas-colgantes","8":"product_cat-lamparas-vintage","9":"product_tag-lampara","10":"product_tag-lampara-rustica","11":"product_tag-lampara-techo","12":"product_tag-lampara-vintage","14":"first","15":"instock","16":"shipping-taxable","17":"purchasable","18":"product-type-simple"},"_links":{"self":[{"href":"https:\/\/www.tiendaled.cl\/index.php?rest_route=\/wp\/v2\/product\/3728","targetHints":{"allow":["GET"]}}],"collection":[{"href":"https:\/\/www.tiendaled.cl\/index.php?rest_route=\/wp\/v2\/product"}],"about":[{"href":"https:\/\/www.tiendaled.cl\/index.php?rest_route=\/wp\/v2\/types\/product"}],"replies":[{"embeddable":true,"href":"https:\/\/www.tiendaled.cl\/index.php?rest_route=%2Fwp%2Fv2%2Fcomments&post=3728"}],"wp:featuredmedia":[{"embeddable":true,"href":"https:\/\/www.tiendaled.cl\/index.php?rest_route=\/wp\/v2\/media\/3729"}],"wp:attachment":[{"href":"https:\/\/www.tiendaled.cl\/index.php?rest_route=%2Fwp%2Fv2%2Fmedia&parent=3728"}],"wp:term":[{"taxonomy":"product_brand","embeddable":true,"href":"https:\/\/www.tiendaled.cl\/index.php?rest_route=%2Fwp%2Fv2%2Fproduct_brand&post=3728"},{"taxonomy":"product_cat","embeddable":true,"href":"https:\/\/www.tiendaled.cl\/index.php?rest_route=%2Fwp%2Fv2%2Fproduct_cat&post=3728"},{"taxonomy":"product_tag","embeddable":true,"href":"https:\/\/www.tiendaled.cl\/index.php?rest_route=%2Fwp%2Fv2%2Fproduct_tag&post=3728"}],"curies":[{"name":"wp","href":"https:\/\/api.w.org\/{rel}","templated":true}]}}