{"id":37201,"date":"2022-10-30T12:42:06","date_gmt":"2022-10-30T14:42:06","guid":{"rendered":"https:\/\/www.tiendaled.cl\/?post_type=product&#038;p=37201"},"modified":"2022-10-30T12:42:06","modified_gmt":"2022-10-30T14:42:06","slug":"foco-proyector-50w-c-sensor-certificacion-sec-ip65-6500k","status":"publish","type":"product","link":"https:\/\/www.tiendaled.cl\/?product=foco-proyector-50w-c-sensor-certificacion-sec-ip65-6500k","title":{"rendered":"Foco Proyector 50w C\/sensor Certificacion Sec Ip65 6500k"},"content":{"rendered":"<p>Proyector para uso domiciliario y comercial con amplia cobertura<br \/>\nIdeal para portones, patios exteriores etc<br \/>\nDestaca por su econom\u00eda y simple dise\u00f1o pasando desapercibido.<\/p>\n<p>Serie Multichip con sensor<br \/>\nFuente de alimentaci\u00f3n AC 175 &#8211; 265V<br \/>\nChip Led San an<br \/>\nMaterial Aluminio Vidrio<br \/>\nPotencia 50w<br \/>\nT color 6500k<br \/>\nCRI 70<br \/>\nAngulo de haz 120\u00b0<br \/>\nFactor de Potencia 0,95<br \/>\nProteccion IP65<br \/>\nT\u00b0 de trabajo 0 a 50\u00b0<br \/>\nAngulo de instalacion recomendado 45\u00b0<br \/>\nDistancia de deteccion 6 a 8 mts<br \/>\nVida Util 25.000 hrs<br \/>\nFlujo luminoso 1500 lm<br \/>\naltura recomendada 2 a 4 mts<br \/>\nDimensiones 130*100*35mm<br \/>\nPeso 0,20KG<\/p>\n","protected":false},"excerpt":{"rendered":"<p>Proyector para uso domiciliario y comercial con amplia cobertura Ideal para portones, patios exteriores etc Destaca por su econom\u00eda y simple dise\u00f1o pasando desapercibido. Serie Multichip con sensor Fuente de alimentaci\u00f3n AC 175 &#8211; 265V Chip Led San an Material Aluminio Vidrio Potencia 50w T color 6500k CRI 70 Angulo de haz 120\u00b0 Factor de [&#8230;]\n","protected":false},"featured_media":37211,"comment_status":"open","ping_status":"closed","template":"","meta":{"_joinchat":[]},"product_brand":[],"product_cat":[92,98,101],"product_tag":[150,152,257,151],"class_list":{"0":"post-37201","1":"product","2":"type-product","3":"status-publish","4":"has-post-thumbnail","6":"product_cat-productos-led","7":"product_cat-proyectores-led","8":"product_cat-luminaria-led","9":"product_tag-focos-led","10":"product_tag-focos-proyectores","11":"product_tag-proyector-de-area","12":"product_tag-proyectores-led","14":"first","15":"instock","16":"shipping-taxable","17":"purchasable","18":"product-type-simple"},"_links":{"self":[{"href":"https:\/\/www.tiendaled.cl\/index.php?rest_route=\/wp\/v2\/product\/37201","targetHints":{"allow":["GET"]}}],"collection":[{"href":"https:\/\/www.tiendaled.cl\/index.php?rest_route=\/wp\/v2\/product"}],"about":[{"href":"https:\/\/www.tiendaled.cl\/index.php?rest_route=\/wp\/v2\/types\/product"}],"replies":[{"embeddable":true,"href":"https:\/\/www.tiendaled.cl\/index.php?rest_route=%2Fwp%2Fv2%2Fcomments&post=37201"}],"wp:featuredmedia":[{"embeddable":true,"href":"https:\/\/www.tiendaled.cl\/index.php?rest_route=\/wp\/v2\/media\/37211"}],"wp:attachment":[{"href":"https:\/\/www.tiendaled.cl\/index.php?rest_route=%2Fwp%2Fv2%2Fmedia&parent=37201"}],"wp:term":[{"taxonomy":"product_brand","embeddable":true,"href":"https:\/\/www.tiendaled.cl\/index.php?rest_route=%2Fwp%2Fv2%2Fproduct_brand&post=37201"},{"taxonomy":"product_cat","embeddable":true,"href":"https:\/\/www.tiendaled.cl\/index.php?rest_route=%2Fwp%2Fv2%2Fproduct_cat&post=37201"},{"taxonomy":"product_tag","embeddable":true,"href":"https:\/\/www.tiendaled.cl\/index.php?rest_route=%2Fwp%2Fv2%2Fproduct_tag&post=37201"}],"curies":[{"name":"wp","href":"https:\/\/api.w.org\/{rel}","templated":true}]}}