{"id":37139,"date":"2022-10-24T21:30:41","date_gmt":"2022-10-24T23:30:41","guid":{"rendered":"https:\/\/www.tiendaled.cl\/?post_type=product&#038;p=37139"},"modified":"2025-08-12T10:25:34","modified_gmt":"2025-08-12T12:25:34","slug":"lampara-colgante-rustica-hilo-rombo-negra-30cm-diametro","status":"publish","type":"product","link":"https:\/\/www.tiendaled.cl\/?product=lampara-colgante-rustica-hilo-rombo-negra-30cm-diametro","title":{"rendered":"Lampara Colgante Rustica Hilo Rombo Negra 30cm Diametro"},"content":{"rendered":"<p>L\u00e1mpara colgante Rombo Negra Forrada en HILO<\/p>\n<p>L\u00e1mpara de dise\u00f1o \u00fanico<br \/>\nIdeal para ser utilizada en dormitorios, living comedores o cualquier lugar donde desee obtener un dise\u00f1o \u00fanico y original<br \/>\nEsta l\u00e1mpara le permite obtener una iluminaci\u00f3n haca arriba y abajo ya que esta recubierta en todo su entorno por un hilo negro que matiza la salida de la iluminaci\u00f3n hacia su alrededor<\/p>\n<p>De soquete tradicional E27 puedes utilizar cualquier ampolleta led no superior a 60w<\/p>\n<p>NO INCLUYE AMPOLLETA<\/p>\n<p>Medidas<\/p>\n<p>30x30x25cm<\/p>\n","protected":false},"excerpt":{"rendered":"<p>L\u00e1mpara colgante Rombo Negra Forrada en HILO L\u00e1mpara de dise\u00f1o \u00fanico Ideal para ser utilizada en dormitorios, living comedores o cualquier lugar donde desee obtener un dise\u00f1o \u00fanico y original Esta l\u00e1mpara le permite obtener una iluminaci\u00f3n haca arriba y abajo ya que esta recubierta en todo su entorno por un hilo negro que matiza [&#8230;]\n","protected":false},"featured_media":37143,"comment_status":"open","ping_status":"closed","template":"","meta":{"_joinchat":[]},"product_brand":[],"product_cat":[181,192,425,103,111,105],"product_tag":[120,173,122,256,147],"class_list":{"0":"post-37139","1":"product","2":"type-product","3":"status-publish","4":"has-post-thumbnail","6":"product_cat-lamparas-canamo","7":"product_cat-lamparas-techo","8":"product_cat-ofertas","9":"product_cat-lamparas-y-apliques","10":"product_cat-lamparas-colgantes","11":"product_cat-lamparas-vintage","12":"product_tag-lampara","13":"product_tag-lampara-canamo","14":"product_tag-lampara-colgante","15":"product_tag-lampara-hilo","16":"product_tag-lampara-rustica","18":"first","19":"instock","20":"sale","21":"shipping-taxable","22":"purchasable","23":"product-type-simple"},"_links":{"self":[{"href":"https:\/\/www.tiendaled.cl\/index.php?rest_route=\/wp\/v2\/product\/37139","targetHints":{"allow":["GET"]}}],"collection":[{"href":"https:\/\/www.tiendaled.cl\/index.php?rest_route=\/wp\/v2\/product"}],"about":[{"href":"https:\/\/www.tiendaled.cl\/index.php?rest_route=\/wp\/v2\/types\/product"}],"replies":[{"embeddable":true,"href":"https:\/\/www.tiendaled.cl\/index.php?rest_route=%2Fwp%2Fv2%2Fcomments&post=37139"}],"wp:featuredmedia":[{"embeddable":true,"href":"https:\/\/www.tiendaled.cl\/index.php?rest_route=\/wp\/v2\/media\/37143"}],"wp:attachment":[{"href":"https:\/\/www.tiendaled.cl\/index.php?rest_route=%2Fwp%2Fv2%2Fmedia&parent=37139"}],"wp:term":[{"taxonomy":"product_brand","embeddable":true,"href":"https:\/\/www.tiendaled.cl\/index.php?rest_route=%2Fwp%2Fv2%2Fproduct_brand&post=37139"},{"taxonomy":"product_cat","embeddable":true,"href":"https:\/\/www.tiendaled.cl\/index.php?rest_route=%2Fwp%2Fv2%2Fproduct_cat&post=37139"},{"taxonomy":"product_tag","embeddable":true,"href":"https:\/\/www.tiendaled.cl\/index.php?rest_route=%2Fwp%2Fv2%2Fproduct_tag&post=37139"}],"curies":[{"name":"wp","href":"https:\/\/api.w.org\/{rel}","templated":true}]}}