{"id":37112,"date":"2022-10-22T07:38:14","date_gmt":"2022-10-22T09:38:14","guid":{"rendered":"https:\/\/www.tiendaled.cl\/?post_type=product&#038;p=37112"},"modified":"2024-03-03T18:19:01","modified_gmt":"2024-03-03T20:19:01","slug":"foco-proyector-led-30w-smd-multiled-ip66-luz-calida","status":"publish","type":"product","link":"https:\/\/www.tiendaled.cl\/?product=foco-proyector-led-30w-smd-multiled-ip66-luz-calida","title":{"rendered":"Foco Proyector Led 30w Smd Multiled Ip66 Luz Calida"},"content":{"rendered":"<p>FOCO PROYECTOR LED DE 30W SMD IMPERMEABLE MULTILED IP66<\/p>\n<p>Para instalaciones exteriores en superficie.<\/p>\n<p>Encendido instant\u00e1neo y sin parpadeos (eliminaci\u00f3n de efecto estrobosc\u00f3pico). Disipador de aluminio para una mayor vida \u00fatil. Pantalla opaca para evitar reflejos. Ahorro de energ\u00eda de entre un 60% y un 80%.<br \/>\nVida estimada de 30.000 y 50.000 horas. Driver externo para que no le afecta la temperatura de los LEDs, de gran calidad.<br \/>\nDETALLES<\/p>\n<p>Potencia: 30W<br \/>\nTama\u00f1o: 183x220x48 mm<br \/>\nInstalaci\u00f3n: Empotr. interior IP66<br \/>\nTemperatura de color: , , C\u00e1lido 3000K<br \/>\nL\u00famenes: 2.700 Lm<br \/>\n\u00c1ngulo apertura: 120\u00ba<br \/>\nConstrucci\u00f3n: Aluminio &#8211; negro<br \/>\nVoltaje: 220-240 VAC<\/p>\n","protected":false},"excerpt":{"rendered":"<p>FOCO PROYECTOR LED DE 30W SMD IMPERMEABLE MULTILED IP66 Para instalaciones exteriores en superficie. Encendido instant\u00e1neo y sin parpadeos (eliminaci\u00f3n de efecto estrobosc\u00f3pico). Disipador de aluminio para una mayor vida \u00fatil. Pantalla opaca para evitar reflejos. Ahorro de energ\u00eda de entre un 60% y un 80%. Vida estimada de 30.000 y 50.000 horas. Driver externo [&#8230;]\n","protected":false},"featured_media":37114,"comment_status":"open","ping_status":"closed","template":"","meta":{"_joinchat":[]},"product_brand":[],"product_cat":[92,98,101,118],"product_tag":[150,152,188,151],"class_list":{"0":"post-37112","1":"product","2":"type-product","3":"status-publish","4":"has-post-thumbnail","6":"product_cat-productos-led","7":"product_cat-proyectores-led","8":"product_cat-luminaria-led","9":"product_cat-proyecto-de-iluminacion","10":"product_tag-focos-led","11":"product_tag-focos-proyectores","12":"product_tag-iluminacion-led","13":"product_tag-proyectores-led","15":"first","16":"instock","17":"shipping-taxable","18":"purchasable","19":"product-type-simple"},"_links":{"self":[{"href":"https:\/\/www.tiendaled.cl\/index.php?rest_route=\/wp\/v2\/product\/37112","targetHints":{"allow":["GET"]}}],"collection":[{"href":"https:\/\/www.tiendaled.cl\/index.php?rest_route=\/wp\/v2\/product"}],"about":[{"href":"https:\/\/www.tiendaled.cl\/index.php?rest_route=\/wp\/v2\/types\/product"}],"replies":[{"embeddable":true,"href":"https:\/\/www.tiendaled.cl\/index.php?rest_route=%2Fwp%2Fv2%2Fcomments&post=37112"}],"wp:featuredmedia":[{"embeddable":true,"href":"https:\/\/www.tiendaled.cl\/index.php?rest_route=\/wp\/v2\/media\/37114"}],"wp:attachment":[{"href":"https:\/\/www.tiendaled.cl\/index.php?rest_route=%2Fwp%2Fv2%2Fmedia&parent=37112"}],"wp:term":[{"taxonomy":"product_brand","embeddable":true,"href":"https:\/\/www.tiendaled.cl\/index.php?rest_route=%2Fwp%2Fv2%2Fproduct_brand&post=37112"},{"taxonomy":"product_cat","embeddable":true,"href":"https:\/\/www.tiendaled.cl\/index.php?rest_route=%2Fwp%2Fv2%2Fproduct_cat&post=37112"},{"taxonomy":"product_tag","embeddable":true,"href":"https:\/\/www.tiendaled.cl\/index.php?rest_route=%2Fwp%2Fv2%2Fproduct_tag&post=37112"}],"curies":[{"name":"wp","href":"https:\/\/api.w.org\/{rel}","templated":true}]}}