{"id":36816,"date":"2022-09-25T23:13:26","date_gmt":"2022-09-26T01:13:26","guid":{"rendered":"https:\/\/www.tiendaled.cl\/?post_type=product&#038;p=36816"},"modified":"2026-04-13T15:07:59","modified_gmt":"2026-04-13T17:07:59","slug":"lampara-colgante-diseno-jaula-4-pajaros-2-ampolletas","status":"publish","type":"product","link":"https:\/\/www.tiendaled.cl\/?product=lampara-colgante-diseno-jaula-4-pajaros-2-ampolletas","title":{"rendered":"Lampara Colgante Dise\u00f1o Jaula 4 Pajaros 2 Ampolletas"},"content":{"rendered":"<p>L\u00e1mpara colgante de hierro Industrial Estilo Vintage E27<br \/>\nL\u00e1mpara colgante con 2 ampolletas y decoraci\u00f3n de 4 p\u00e1jaros<\/p>\n<p>Es el accesorio de luz perfecto para instalar en cocina, comedor, dormitorio&#8230;<br \/>\nDimensiones del producto: 80x 35 x 170 cm, altura ajustable.<br \/>\nMateriales: metal. Color: negro. Estilo: arte deco, contempor\u00e1neo, vintage.<br \/>\nVoltaje: 220 V<br \/>\nSoquete tradicional E27<\/p>\n<p>NO NLCUYE\u00a0 AMPOLLETAS<\/p>\n","protected":false},"excerpt":{"rendered":"<p>L\u00e1mpara colgante de hierro Industrial Estilo Vintage E27 L\u00e1mpara colgante con 2 ampolletas y decoraci\u00f3n de 4 p\u00e1jaros Es el accesorio de luz perfecto para instalar en cocina, comedor, dormitorio&#8230; Dimensiones del producto: 80x 35 x 170 cm, altura ajustable. Materiales: metal. Color: negro. Estilo: arte deco, contempor\u00e1neo, vintage. Voltaje: 220 V Soquete tradicional E27 [&#8230;]\n","protected":false},"featured_media":36824,"comment_status":"open","ping_status":"closed","template":"","meta":{"_joinchat":[]},"product_brand":[],"product_cat":[103,111,105],"product_tag":[172,122,124],"class_list":{"0":"post-36816","1":"product","2":"type-product","3":"status-publish","4":"has-post-thumbnail","6":"product_cat-lamparas-y-apliques","7":"product_cat-lamparas-colgantes","8":"product_cat-lamparas-vintage","9":"product_tag-lampara-candelabro","10":"product_tag-lampara-colgante","11":"product_tag-lampara-vintage","13":"first","14":"instock","15":"shipping-taxable","16":"purchasable","17":"product-type-simple"},"_links":{"self":[{"href":"https:\/\/www.tiendaled.cl\/index.php?rest_route=\/wp\/v2\/product\/36816","targetHints":{"allow":["GET"]}}],"collection":[{"href":"https:\/\/www.tiendaled.cl\/index.php?rest_route=\/wp\/v2\/product"}],"about":[{"href":"https:\/\/www.tiendaled.cl\/index.php?rest_route=\/wp\/v2\/types\/product"}],"replies":[{"embeddable":true,"href":"https:\/\/www.tiendaled.cl\/index.php?rest_route=%2Fwp%2Fv2%2Fcomments&post=36816"}],"wp:featuredmedia":[{"embeddable":true,"href":"https:\/\/www.tiendaled.cl\/index.php?rest_route=\/wp\/v2\/media\/36824"}],"wp:attachment":[{"href":"https:\/\/www.tiendaled.cl\/index.php?rest_route=%2Fwp%2Fv2%2Fmedia&parent=36816"}],"wp:term":[{"taxonomy":"product_brand","embeddable":true,"href":"https:\/\/www.tiendaled.cl\/index.php?rest_route=%2Fwp%2Fv2%2Fproduct_brand&post=36816"},{"taxonomy":"product_cat","embeddable":true,"href":"https:\/\/www.tiendaled.cl\/index.php?rest_route=%2Fwp%2Fv2%2Fproduct_cat&post=36816"},{"taxonomy":"product_tag","embeddable":true,"href":"https:\/\/www.tiendaled.cl\/index.php?rest_route=%2Fwp%2Fv2%2Fproduct_tag&post=36816"}],"curies":[{"name":"wp","href":"https:\/\/api.w.org\/{rel}","templated":true}]}}