{"id":36488,"date":"2022-08-26T01:55:39","date_gmt":"2022-08-26T03:55:39","guid":{"rendered":"https:\/\/www.tiendaled.cl\/?post_type=product&#038;p=36488"},"modified":"2025-05-25T18:59:02","modified_gmt":"2025-05-25T20:59:02","slug":"lampara-lineal-barra-led-colgante-45w-luz-neutra-4500k","status":"publish","type":"product","link":"https:\/\/www.tiendaled.cl\/?product=lampara-lineal-barra-led-colgante-45w-luz-neutra-4500k","title":{"rendered":"L\u00e1mpara Lineal Barra Led Colgante 45w Luz Neutra 4500k"},"content":{"rendered":"<p>L\u00e1mpara Lineal Colgante , fabricada en aluminio y con LEDS de alta luminosidad. Cuenta con piolas de acero regulables para ajustar altura del equipo y gracias a un kit de uni\u00f3n pueden a\u00f1adirse otras lamparas extendiendo el largo del equipo (kit de uni\u00f3n se vende por separado).<br \/>\nTodo esto hace de esta luminaria ideal para iluminaci\u00f3n de oficinas, tiendas comerciales, aulas de clases, bibliotecas y tambi\u00e9n en residencia, cocinas principalmente.<\/p>\n<p>Esta luminaria LED Colgante est\u00e1 construida en aluminio de gran calidad que proporciona una excelente conductividad t\u00e9rmica y resistencia a altas temperaturas.<\/p>\n<p>Preparada para ser instalada en suspensi\u00f3n (Cable regulable en altura de 1 metro aproximadamente), esta barra lineal es ideal para la iluminaci\u00f3n en cualquier tipo de techo, siendo ampliamente utilizada en comercios, exposiciones, hogares, industrias y oficinas.<\/p>\n<p>Potencia 45w<br \/>\nFuente de Luz: LEDS SMD 5730<\/p>\n<p>Rango Voltaje: AC85V \u2013 265V<br \/>\nMaterial: Aluminio Anodizado<br \/>\nColor Carcasa: Negro mate &#8211; Blanco<br \/>\nDimensiones: 75mmAlto x 50mm Ancho x 1215mm Largo<br \/>\nL\u00famenes: 4050LM<br \/>\nT\u00b0 Color: 4500K<br \/>\n\u00cdndice Reproducci\u00f3n de Color: CRI90<br \/>\nAngulo de apertura: 120\u00b0<br \/>\nAltura de trabajo: 2-4 mtrs<br \/>\nVida \u00fatil: 40.000 hrs<br \/>\nCertificaci\u00f3n: CE \u2013 RoHS<\/p>\n","protected":false},"excerpt":{"rendered":"<p>L\u00e1mpara Lineal Colgante , fabricada en aluminio y con LEDS de alta luminosidad. Cuenta con piolas de acero regulables para ajustar altura del equipo y gracias a un kit de uni\u00f3n pueden a\u00f1adirse otras lamparas extendiendo el largo del equipo (kit de uni\u00f3n se vende por separado). Todo esto hace de esta luminaria ideal para [&#8230;]\n","protected":false},"featured_media":36496,"comment_status":"open","ping_status":"closed","template":"","meta":{"_joinchat":[]},"product_brand":[],"product_cat":[92,93,94,95,96,97,101],"product_tag":[238,122,251],"class_list":{"0":"post-36488","1":"product","2":"type-product","3":"status-publish","4":"has-post-thumbnail","6":"product_cat-productos-led","7":"product_cat-ampolletas-led","8":"product_cat-plafones-led","9":"product_cat-tubos-led","10":"product_cat-paneles-led","11":"product_cat-tiras-led","12":"product_cat-luminaria-led","13":"product_tag-barra-led","14":"product_tag-lampara-colgante","15":"product_tag-lampara-led-barra-lineal","17":"first","18":"instock","19":"shipping-taxable","20":"purchasable","21":"product-type-simple"},"_links":{"self":[{"href":"https:\/\/www.tiendaled.cl\/index.php?rest_route=\/wp\/v2\/product\/36488","targetHints":{"allow":["GET"]}}],"collection":[{"href":"https:\/\/www.tiendaled.cl\/index.php?rest_route=\/wp\/v2\/product"}],"about":[{"href":"https:\/\/www.tiendaled.cl\/index.php?rest_route=\/wp\/v2\/types\/product"}],"replies":[{"embeddable":true,"href":"https:\/\/www.tiendaled.cl\/index.php?rest_route=%2Fwp%2Fv2%2Fcomments&post=36488"}],"wp:featuredmedia":[{"embeddable":true,"href":"https:\/\/www.tiendaled.cl\/index.php?rest_route=\/wp\/v2\/media\/36496"}],"wp:attachment":[{"href":"https:\/\/www.tiendaled.cl\/index.php?rest_route=%2Fwp%2Fv2%2Fmedia&parent=36488"}],"wp:term":[{"taxonomy":"product_brand","embeddable":true,"href":"https:\/\/www.tiendaled.cl\/index.php?rest_route=%2Fwp%2Fv2%2Fproduct_brand&post=36488"},{"taxonomy":"product_cat","embeddable":true,"href":"https:\/\/www.tiendaled.cl\/index.php?rest_route=%2Fwp%2Fv2%2Fproduct_cat&post=36488"},{"taxonomy":"product_tag","embeddable":true,"href":"https:\/\/www.tiendaled.cl\/index.php?rest_route=%2Fwp%2Fv2%2Fproduct_tag&post=36488"}],"curies":[{"name":"wp","href":"https:\/\/api.w.org\/{rel}","templated":true}]}}