{"id":3629,"date":"2019-04-21T19:29:29","date_gmt":"2019-04-21T21:29:29","guid":{"rendered":"http:\/\/www.tiendaled.cl\/?post_type=product&#038;p=3629"},"modified":"2024-09-09T20:37:42","modified_gmt":"2024-09-09T22:37:42","slug":"lampara-techo-retro-rectangular-4-ampolletas","status":"publish","type":"product","link":"https:\/\/www.tiendaled.cl\/?product=lampara-techo-retro-rectangular-4-ampolletas","title":{"rendered":"Lampara Techo Retro Rectangular 4 Ampolletas"},"content":{"rendered":"<p>L\u00e1mpara de techo r\u00fastica de metal con cadena 4 ampolletas<br \/>\nUtiliza 4 ampolletas de soquete tradicional E27<br \/>\nIncluidas de regalo tipo vintage de filamento LED<br \/>\nFunciona con ampolletas incandescentes, LED, CFL, hal\u00f3genas (60 W m\u00e1ximo).<br \/>\nTotalmente regulable en su altura para el techo<br \/>\nF\u00e1cil instalaci\u00f3n: incluye todos los accesorios de montaje<br \/>\nEs perfecto para su , living, sala de estar, comedor, restaurante, oficina, bar, etc.<br \/>\nDale un toque rustica cualquier ambiente cl\u00e1sico<br \/>\nLa sombra le traer\u00e1 de nuevo al siglo XIX y principios del siglo XX.<\/p>\n","protected":false},"excerpt":{"rendered":"<p>L\u00e1mpara de techo r\u00fastica de metal con cadena 4 ampolletas Utiliza 4 ampolletas de soquete tradicional E27 Incluidas de regalo tipo vintage de filamento LED Funciona con ampolletas incandescentes, LED, CFL, hal\u00f3genas (60 W m\u00e1ximo). Totalmente regulable en su altura para el techo F\u00e1cil instalaci\u00f3n: incluye todos los accesorios de montaje Es perfecto para su [&#8230;]\n","protected":false},"featured_media":3630,"comment_status":"open","ping_status":"closed","template":"","meta":{"_joinchat":[]},"product_brand":[],"product_cat":[103,111],"product_tag":[122,147,148],"class_list":{"0":"post-3629","1":"product","2":"type-product","3":"status-publish","4":"has-post-thumbnail","6":"product_cat-lamparas-y-apliques","7":"product_cat-lamparas-colgantes","8":"product_tag-lampara-colgante","9":"product_tag-lampara-rustica","10":"product_tag-lampara-techo","12":"first","13":"instock","14":"shipping-taxable","15":"purchasable","16":"product-type-simple"},"_links":{"self":[{"href":"https:\/\/www.tiendaled.cl\/index.php?rest_route=\/wp\/v2\/product\/3629","targetHints":{"allow":["GET"]}}],"collection":[{"href":"https:\/\/www.tiendaled.cl\/index.php?rest_route=\/wp\/v2\/product"}],"about":[{"href":"https:\/\/www.tiendaled.cl\/index.php?rest_route=\/wp\/v2\/types\/product"}],"replies":[{"embeddable":true,"href":"https:\/\/www.tiendaled.cl\/index.php?rest_route=%2Fwp%2Fv2%2Fcomments&post=3629"}],"wp:featuredmedia":[{"embeddable":true,"href":"https:\/\/www.tiendaled.cl\/index.php?rest_route=\/wp\/v2\/media\/3630"}],"wp:attachment":[{"href":"https:\/\/www.tiendaled.cl\/index.php?rest_route=%2Fwp%2Fv2%2Fmedia&parent=3629"}],"wp:term":[{"taxonomy":"product_brand","embeddable":true,"href":"https:\/\/www.tiendaled.cl\/index.php?rest_route=%2Fwp%2Fv2%2Fproduct_brand&post=3629"},{"taxonomy":"product_cat","embeddable":true,"href":"https:\/\/www.tiendaled.cl\/index.php?rest_route=%2Fwp%2Fv2%2Fproduct_cat&post=3629"},{"taxonomy":"product_tag","embeddable":true,"href":"https:\/\/www.tiendaled.cl\/index.php?rest_route=%2Fwp%2Fv2%2Fproduct_tag&post=3629"}],"curies":[{"name":"wp","href":"https:\/\/api.w.org\/{rel}","templated":true}]}}