{"id":3613,"date":"2019-04-21T00:20:39","date_gmt":"2019-04-21T02:20:39","guid":{"rendered":"http:\/\/www.tiendaled.cl\/?post_type=product&#038;p=3613"},"modified":"2025-11-15T14:34:05","modified_gmt":"2025-11-15T16:34:05","slug":"lampara-colgante-lagrima-blanca-3-brazo-incluye-ampolletas-led-vela","status":"publish","type":"product","link":"https:\/\/www.tiendaled.cl\/?product=lampara-colgante-lagrima-blanca-3-brazo-incluye-ampolletas-led-vela","title":{"rendered":"Lampara Colgante Lagrima Blanca 3 Brazos, incluye ampolletas led vela"},"content":{"rendered":"<p>Lampara colgante lagrimas 3 brazos<\/p>\n<p>L\u00e1mpara colgante que permite m\u00faltiples usos en decoraci\u00f3n.<br \/>\nLa L\u00e1mpara Colgante de Metal y Vidrio<br \/>\nEs perfecta para ambientes cl\u00e1sicos y genera interesantes contrastes con est\u00e9ticas de otro tipo, como vintage o estilos contempor\u00e1neos.<\/p>\n<p>Tiene 3 focos de luz, para los que idealmente se deben elegir ampolletas tipo vela soquete E14<br \/>\nSu mejor ubicaci\u00f3n es en techos altos, como los de las residencias antiguas, para que luzcan sus cl\u00e1sicas l\u00e1grimas de vidrio.<br \/>\nEs un fant\u00e1stico accesorio para zonas como salones, recibidores, escaleras o comedores.<\/p>\n<p>Alto total 48 cm<br \/>\nLargo del cable 80 cm<br \/>\nAncho 60 cm<br \/>\nIncluye 3 ampolletas tipo led vela de regalo<br \/>\nDisponible en Blanco y Negro<\/p>\n","protected":false},"excerpt":{"rendered":"<p>Lampara colgante lagrimas 3 brazos L\u00e1mpara colgante que permite m\u00faltiples usos en decoraci\u00f3n. La L\u00e1mpara Colgante de Metal y Vidrio Es perfecta para ambientes cl\u00e1sicos y genera interesantes contrastes con est\u00e9ticas de otro tipo, como vintage o estilos contempor\u00e1neos. Tiene 3 focos de luz, para los que idealmente se deben elegir ampolletas tipo vela soquete [&#8230;]\n","protected":false},"featured_media":26607,"comment_status":"open","ping_status":"closed","template":"","meta":{"_joinchat":[]},"product_brand":[],"product_cat":[103,111,15],"product_tag":[122,142,160,148],"class_list":{"0":"post-3613","1":"product","2":"type-product","3":"status-publish","4":"has-post-thumbnail","6":"product_cat-lamparas-y-apliques","7":"product_cat-lamparas-colgantes","8":"product_cat-uncategorized","9":"product_tag-lampara-colgante","10":"product_tag-lampara-gota","11":"product_tag-lampara-lagrima","12":"product_tag-lampara-techo","14":"first","15":"outofstock","16":"sale","17":"shipping-taxable","18":"purchasable","19":"product-type-simple"},"_links":{"self":[{"href":"https:\/\/www.tiendaled.cl\/index.php?rest_route=\/wp\/v2\/product\/3613","targetHints":{"allow":["GET"]}}],"collection":[{"href":"https:\/\/www.tiendaled.cl\/index.php?rest_route=\/wp\/v2\/product"}],"about":[{"href":"https:\/\/www.tiendaled.cl\/index.php?rest_route=\/wp\/v2\/types\/product"}],"replies":[{"embeddable":true,"href":"https:\/\/www.tiendaled.cl\/index.php?rest_route=%2Fwp%2Fv2%2Fcomments&post=3613"}],"wp:featuredmedia":[{"embeddable":true,"href":"https:\/\/www.tiendaled.cl\/index.php?rest_route=\/wp\/v2\/media\/26607"}],"wp:attachment":[{"href":"https:\/\/www.tiendaled.cl\/index.php?rest_route=%2Fwp%2Fv2%2Fmedia&parent=3613"}],"wp:term":[{"taxonomy":"product_brand","embeddable":true,"href":"https:\/\/www.tiendaled.cl\/index.php?rest_route=%2Fwp%2Fv2%2Fproduct_brand&post=3613"},{"taxonomy":"product_cat","embeddable":true,"href":"https:\/\/www.tiendaled.cl\/index.php?rest_route=%2Fwp%2Fv2%2Fproduct_cat&post=3613"},{"taxonomy":"product_tag","embeddable":true,"href":"https:\/\/www.tiendaled.cl\/index.php?rest_route=%2Fwp%2Fv2%2Fproduct_tag&post=3613"}],"curies":[{"name":"wp","href":"https:\/\/api.w.org\/{rel}","templated":true}]}}