{"id":35708,"date":"2022-06-17T00:27:10","date_gmt":"2022-06-17T02:27:10","guid":{"rendered":"https:\/\/www.tiendaled.cl\/?post_type=product&#038;p=35708"},"modified":"2025-02-08T02:16:03","modified_gmt":"2025-02-08T04:16:03","slug":"aplique-muro-industrial-diseno-jaula-esfera-de-hierro","status":"publish","type":"product","link":"https:\/\/www.tiendaled.cl\/?product=aplique-muro-industrial-diseno-jaula-esfera-de-hierro","title":{"rendered":"Aplique Muro Industrial Dise\u00f1o Jaula Esfera De Hierro"},"content":{"rendered":"<p>Aplique de muro con forma Jaula Esfera de Hierro<br \/>\nEstilo industrial retro<br \/>\nL\u00e1mpara de pared fabricada en metal, el estilo retro fuerte presenta una atm\u00f3sfera c\u00e1lida<br \/>\nIdeal para decorar esos espacios interiores donde quieres tener un toque vintage y nostalgico<\/p>\n<p>NO INCLUYE AMPOLLETA<\/p>\n<p>Espacio de iluminacion de 8-15 (metros cuadrados) (dependiendo de la fuente de luz),<br \/>\nSoquete tradicional E27<br \/>\nTama\u00f1o: 25cm Brazo, juala 18cm de diametro x 14cm de alto<br \/>\nIdeal para instalar en Dormitorio, sala de estar, comedor, estudio, pasillo, hotel, cine, KTV, sal\u00f3n de baile, auditorio, sala de estar, sala, sala de estudiantes, sala de ni\u00f1os, tienda, etc<\/p>\n","protected":false},"excerpt":{"rendered":"<p>Aplique de muro con forma Jaula Esfera de Hierro Estilo industrial retro L\u00e1mpara de pared fabricada en metal, el estilo retro fuerte presenta una atm\u00f3sfera c\u00e1lida Ideal para decorar esos espacios interiores donde quieres tener un toque vintage y nostalgico NO INCLUYE AMPOLLETA Espacio de iluminacion de 8-15 (metros cuadrados) (dependiendo de la fuente de [&#8230;]\n","protected":false},"featured_media":35711,"comment_status":"open","ping_status":"closed","template":"","meta":{"_joinchat":[]},"product_brand":[],"product_cat":[425,103,106,104,108],"product_tag":[131,132,145,221,144],"class_list":{"0":"post-35708","1":"product","2":"type-product","3":"status-publish","4":"has-post-thumbnail","6":"product_cat-ofertas","7":"product_cat-lamparas-y-apliques","8":"product_cat-apliques","9":"product_cat-apliques-vintage","10":"product_cat-lamparas-de-muro","11":"product_tag-aplique","12":"product_tag-aplique-muro","13":"product_tag-aplique-retro","14":"product_tag-aplique-rustico","15":"product_tag-aplique-vintage","17":"first","18":"instock","19":"sale","20":"shipping-taxable","21":"purchasable","22":"product-type-simple"},"_links":{"self":[{"href":"https:\/\/www.tiendaled.cl\/index.php?rest_route=\/wp\/v2\/product\/35708","targetHints":{"allow":["GET"]}}],"collection":[{"href":"https:\/\/www.tiendaled.cl\/index.php?rest_route=\/wp\/v2\/product"}],"about":[{"href":"https:\/\/www.tiendaled.cl\/index.php?rest_route=\/wp\/v2\/types\/product"}],"replies":[{"embeddable":true,"href":"https:\/\/www.tiendaled.cl\/index.php?rest_route=%2Fwp%2Fv2%2Fcomments&post=35708"}],"wp:featuredmedia":[{"embeddable":true,"href":"https:\/\/www.tiendaled.cl\/index.php?rest_route=\/wp\/v2\/media\/35711"}],"wp:attachment":[{"href":"https:\/\/www.tiendaled.cl\/index.php?rest_route=%2Fwp%2Fv2%2Fmedia&parent=35708"}],"wp:term":[{"taxonomy":"product_brand","embeddable":true,"href":"https:\/\/www.tiendaled.cl\/index.php?rest_route=%2Fwp%2Fv2%2Fproduct_brand&post=35708"},{"taxonomy":"product_cat","embeddable":true,"href":"https:\/\/www.tiendaled.cl\/index.php?rest_route=%2Fwp%2Fv2%2Fproduct_cat&post=35708"},{"taxonomy":"product_tag","embeddable":true,"href":"https:\/\/www.tiendaled.cl\/index.php?rest_route=%2Fwp%2Fv2%2Fproduct_tag&post=35708"}],"curies":[{"name":"wp","href":"https:\/\/api.w.org\/{rel}","templated":true}]}}