{"id":35700,"date":"2022-06-17T00:23:05","date_gmt":"2022-06-17T02:23:05","guid":{"rendered":"https:\/\/www.tiendaled.cl\/?post_type=product&#038;p=35700"},"modified":"2024-09-17T22:20:26","modified_gmt":"2024-09-18T00:20:26","slug":"lampara-colgante-metalica-esfera-de-hierro-forrada-en-canamo","status":"publish","type":"product","link":"https:\/\/www.tiendaled.cl\/?product=lampara-colgante-metalica-esfera-de-hierro-forrada-en-canamo","title":{"rendered":"Lampara Colgante Metalica Esfera de Hierro Forrada En Ca\u00f1amo"},"content":{"rendered":"<p>Lampara Colgante Vintage Jaula Metalica, forrada en ca\u00f1amo<\/p>\n<p>Dise\u00f1o Artesanal<br \/>\nSoquete Tradicional E27<\/p>\n<p>NO INCLUYE AMPOLLETA<\/p>\n<p>Soporta ampolleta m\u00e1ximo 60W<br \/>\nDimensiones: 16,5 X 16,5 x 18,5cm; Cable ajustable: 110cm; Voltaje: CA 110-240V; Peso: 550g;<br \/>\nMaterial Hierro de color negro recubierto de Ca\u00f1amo<\/p>\n<p>Dise\u00f1o simple pero \u00fanico<br \/>\nForma geom\u00e9trica perfectamente sim\u00e9trica, destaca espacio creativo y art\u00edstico.<br \/>\nCrea una sensaci\u00f3n relajada en la vida.<br \/>\nAdecuada para diferentes estilos: Moderno \/ Retro \/ Loft \/ la antig\u00fcedad.<br \/>\nPerfecto para la terraza, living comedor, dormitorio, caf\u00e9, bar, etc<br \/>\nF\u00e1cil de instalar.<\/p>\n<p>Estilo: Modern \/ Vintage \/ Retro<br \/>\nLongitud del cable: 100 cm<br \/>\nPeso: 650 g<br \/>\nMaterial: Hierro<br \/>\nColor: Negro<\/p>\n","protected":false},"excerpt":{"rendered":"<p>Lampara Colgante Vintage Jaula Metalica, forrada en ca\u00f1amo Dise\u00f1o Artesanal Soquete Tradicional E27 NO INCLUYE AMPOLLETA Soporta ampolleta m\u00e1ximo 60W Dimensiones: 16,5 X 16,5 x 18,5cm; Cable ajustable: 110cm; Voltaje: CA 110-240V; Peso: 550g; Material Hierro de color negro recubierto de Ca\u00f1amo Dise\u00f1o simple pero \u00fanico Forma geom\u00e9trica perfectamente sim\u00e9trica, destaca espacio creativo y art\u00edstico. [&#8230;]\n","protected":false},"featured_media":35706,"comment_status":"open","ping_status":"closed","template":"","meta":{"_joinchat":[]},"product_brand":[],"product_cat":[181,192,425,103,111,105],"product_tag":[120,122,191,247],"class_list":{"0":"post-35700","1":"product","2":"type-product","3":"status-publish","4":"has-post-thumbnail","6":"product_cat-lamparas-canamo","7":"product_cat-lamparas-techo","8":"product_cat-ofertas","9":"product_cat-lamparas-y-apliques","10":"product_cat-lamparas-colgantes","11":"product_cat-lamparas-vintage","12":"product_tag-lampara","13":"product_tag-lampara-colgante","14":"product_tag-lampara-hierro","15":"product_tag-lampara-vintage-lampara-canamo","17":"first","18":"instock","19":"sale","20":"shipping-taxable","21":"purchasable","22":"product-type-simple"},"_links":{"self":[{"href":"https:\/\/www.tiendaled.cl\/index.php?rest_route=\/wp\/v2\/product\/35700","targetHints":{"allow":["GET"]}}],"collection":[{"href":"https:\/\/www.tiendaled.cl\/index.php?rest_route=\/wp\/v2\/product"}],"about":[{"href":"https:\/\/www.tiendaled.cl\/index.php?rest_route=\/wp\/v2\/types\/product"}],"replies":[{"embeddable":true,"href":"https:\/\/www.tiendaled.cl\/index.php?rest_route=%2Fwp%2Fv2%2Fcomments&post=35700"}],"wp:featuredmedia":[{"embeddable":true,"href":"https:\/\/www.tiendaled.cl\/index.php?rest_route=\/wp\/v2\/media\/35706"}],"wp:attachment":[{"href":"https:\/\/www.tiendaled.cl\/index.php?rest_route=%2Fwp%2Fv2%2Fmedia&parent=35700"}],"wp:term":[{"taxonomy":"product_brand","embeddable":true,"href":"https:\/\/www.tiendaled.cl\/index.php?rest_route=%2Fwp%2Fv2%2Fproduct_brand&post=35700"},{"taxonomy":"product_cat","embeddable":true,"href":"https:\/\/www.tiendaled.cl\/index.php?rest_route=%2Fwp%2Fv2%2Fproduct_cat&post=35700"},{"taxonomy":"product_tag","embeddable":true,"href":"https:\/\/www.tiendaled.cl\/index.php?rest_route=%2Fwp%2Fv2%2Fproduct_tag&post=35700"}],"curies":[{"name":"wp","href":"https:\/\/api.w.org\/{rel}","templated":true}]}}