{"id":3510,"date":"2019-02-17T23:32:39","date_gmt":"2019-02-18T01:32:39","guid":{"rendered":"http:\/\/www.tiendaled.cl\/?post_type=product&#038;p=3510"},"modified":"2026-02-10T12:01:41","modified_gmt":"2026-02-10T14:01:41","slug":"aplique-de-pared-metalico-rustico-cuadrado","status":"publish","type":"product","link":"https:\/\/www.tiendaled.cl\/?product=aplique-de-pared-metalico-rustico-cuadrado","title":{"rendered":"Aplique De Pared Metalico Rustico Cuadrado"},"content":{"rendered":"<p>L\u00e1mpara de pared fabricada en hierro fundido a alta presi\u00f3n<br \/>\nResistente al impacto y ataque de corrosi\u00f3n.<\/p>\n<p>F\u00e1cil de montar e instalar, los tornillos requeridos est\u00e1n incluidos en el paquete.<br \/>\nPuede instalar el aplique de pared usted mismo.<br \/>\nAltura : 20 cm,<br \/>\nAncho : 15 cm<br \/>\nAncho de la base:10 cm<\/p>\n<p>Esta l\u00e1mpara de pared de metal de la industria encajar\u00eda muy bien en muchas decoraciones, especialmente para dormitorio, restaurante, cafeter\u00eda, sala de estar, cocina, casa de campo y estudio.<\/p>\n","protected":false},"excerpt":{"rendered":"<p>L\u00e1mpara de pared fabricada en hierro fundido a alta presi\u00f3n Resistente al impacto y ataque de corrosi\u00f3n. F\u00e1cil de montar e instalar, los tornillos requeridos est\u00e1n incluidos en el paquete. Puede instalar el aplique de pared usted mismo. Altura : 20 cm, Ancho : 15 cm Ancho de la base:10 cm Esta l\u00e1mpara de pared [&#8230;]\n","protected":false},"featured_media":3511,"comment_status":"open","ping_status":"closed","template":"","meta":{"_joinchat":[]},"product_brand":[],"product_cat":[425,103,106,104,108],"product_tag":[132,145,144,137],"class_list":{"0":"post-3510","1":"product","2":"type-product","3":"status-publish","4":"has-post-thumbnail","6":"product_cat-ofertas","7":"product_cat-lamparas-y-apliques","8":"product_cat-apliques","9":"product_cat-apliques-vintage","10":"product_cat-lamparas-de-muro","11":"product_tag-aplique-muro","12":"product_tag-aplique-retro","13":"product_tag-aplique-vintage","14":"product_tag-farol-muro","16":"first","17":"instock","18":"sale","19":"shipping-taxable","20":"purchasable","21":"product-type-simple"},"_links":{"self":[{"href":"https:\/\/www.tiendaled.cl\/index.php?rest_route=\/wp\/v2\/product\/3510","targetHints":{"allow":["GET"]}}],"collection":[{"href":"https:\/\/www.tiendaled.cl\/index.php?rest_route=\/wp\/v2\/product"}],"about":[{"href":"https:\/\/www.tiendaled.cl\/index.php?rest_route=\/wp\/v2\/types\/product"}],"replies":[{"embeddable":true,"href":"https:\/\/www.tiendaled.cl\/index.php?rest_route=%2Fwp%2Fv2%2Fcomments&post=3510"}],"wp:featuredmedia":[{"embeddable":true,"href":"https:\/\/www.tiendaled.cl\/index.php?rest_route=\/wp\/v2\/media\/3511"}],"wp:attachment":[{"href":"https:\/\/www.tiendaled.cl\/index.php?rest_route=%2Fwp%2Fv2%2Fmedia&parent=3510"}],"wp:term":[{"taxonomy":"product_brand","embeddable":true,"href":"https:\/\/www.tiendaled.cl\/index.php?rest_route=%2Fwp%2Fv2%2Fproduct_brand&post=3510"},{"taxonomy":"product_cat","embeddable":true,"href":"https:\/\/www.tiendaled.cl\/index.php?rest_route=%2Fwp%2Fv2%2Fproduct_cat&post=3510"},{"taxonomy":"product_tag","embeddable":true,"href":"https:\/\/www.tiendaled.cl\/index.php?rest_route=%2Fwp%2Fv2%2Fproduct_tag&post=3510"}],"curies":[{"name":"wp","href":"https:\/\/api.w.org\/{rel}","templated":true}]}}