{"id":35090,"date":"2022-05-06T11:59:24","date_gmt":"2022-05-06T13:59:24","guid":{"rendered":"https:\/\/www.tiendaled.cl\/?post_type=product&#038;p=35090"},"modified":"2026-04-22T02:48:20","modified_gmt":"2026-04-22T04:48:20","slug":"aplique-barra-tres-focos-direccionales-techo-muro-gu10","status":"publish","type":"product","link":"https:\/\/www.tiendaled.cl\/?product=aplique-barra-tres-focos-direccionales-techo-muro-gu10","title":{"rendered":"Aplique Barra Tres Focos Direccionales, Techo-muro Gu10"},"content":{"rendered":"<p>Foco de techo moderno Negro y Gris<br \/>\nIdel para sala de estar,ba\u00f1o, dormitorio, etc.}<\/p>\n<p>Material: Aleaci\u00f3n de Hierro<br \/>\nColor: Negro<br \/>\nVoltaje: 220v<br \/>\n3 Soquete GU10<br \/>\nProceso: pintado<\/p>\n<p>NO INCLUYE AMPOLLETAS<\/p>\n<p>Direcci\u00f3n de luz ajustable. : 360 rotaci\u00f3n<br \/>\nSe puede instalar en el techo o en la pared.<br \/>\nPerfecto para techos inclinados o para iluminaci\u00f3n direccional de acento, ya que el Foco rotar para iluminaci\u00f3n donde m\u00e1s se desee<br \/>\nIdeal para usar en entradas, salas de estar, dormitorios, cocinas, escaparate, escaparate, hoteles y otras luces decorativas de interior.<\/p>\n","protected":false},"excerpt":{"rendered":"<p>Foco de techo moderno Negro y Gris Idel para sala de estar,ba\u00f1o, dormitorio, etc.} Material: Aleaci\u00f3n de Hierro Color: Negro Voltaje: 220v 3 Soquete GU10 Proceso: pintado NO INCLUYE AMPOLLETAS Direcci\u00f3n de luz ajustable. : 360 rotaci\u00f3n Se puede instalar en el techo o en la pared. Perfecto para techos inclinados o para iluminaci\u00f3n direccional [&#8230;]\n","protected":false},"featured_media":78886,"comment_status":"open","ping_status":"closed","template":"","meta":{"_joinchat":[]},"product_brand":[],"product_cat":[192,425,92,103,106,104,108],"product_tag":[133,132,237],"class_list":{"0":"post-35090","1":"product","2":"type-product","3":"status-publish","4":"has-post-thumbnail","6":"product_cat-lamparas-techo","7":"product_cat-ofertas","8":"product_cat-productos-led","9":"product_cat-lamparas-y-apliques","10":"product_cat-apliques","11":"product_cat-apliques-vintage","12":"product_cat-lamparas-de-muro","13":"product_tag-aplique-moderno","14":"product_tag-aplique-muro","15":"product_tag-gu10-aplique-muro","17":"first","18":"instock","19":"shipping-taxable","20":"purchasable","21":"product-type-simple"},"_links":{"self":[{"href":"https:\/\/www.tiendaled.cl\/index.php?rest_route=\/wp\/v2\/product\/35090","targetHints":{"allow":["GET"]}}],"collection":[{"href":"https:\/\/www.tiendaled.cl\/index.php?rest_route=\/wp\/v2\/product"}],"about":[{"href":"https:\/\/www.tiendaled.cl\/index.php?rest_route=\/wp\/v2\/types\/product"}],"replies":[{"embeddable":true,"href":"https:\/\/www.tiendaled.cl\/index.php?rest_route=%2Fwp%2Fv2%2Fcomments&post=35090"}],"wp:featuredmedia":[{"embeddable":true,"href":"https:\/\/www.tiendaled.cl\/index.php?rest_route=\/wp\/v2\/media\/78886"}],"wp:attachment":[{"href":"https:\/\/www.tiendaled.cl\/index.php?rest_route=%2Fwp%2Fv2%2Fmedia&parent=35090"}],"wp:term":[{"taxonomy":"product_brand","embeddable":true,"href":"https:\/\/www.tiendaled.cl\/index.php?rest_route=%2Fwp%2Fv2%2Fproduct_brand&post=35090"},{"taxonomy":"product_cat","embeddable":true,"href":"https:\/\/www.tiendaled.cl\/index.php?rest_route=%2Fwp%2Fv2%2Fproduct_cat&post=35090"},{"taxonomy":"product_tag","embeddable":true,"href":"https:\/\/www.tiendaled.cl\/index.php?rest_route=%2Fwp%2Fv2%2Fproduct_tag&post=35090"}],"curies":[{"name":"wp","href":"https:\/\/api.w.org\/{rel}","templated":true}]}}