{"id":3473,"date":"2019-02-17T20:58:35","date_gmt":"2019-02-17T22:58:35","guid":{"rendered":"http:\/\/www.tiendaled.cl\/?post_type=product&#038;p=3473"},"modified":"2026-04-23T12:35:31","modified_gmt":"2026-04-23T14:35:31","slug":"farol-aplique-muro-exterior-modelo-calabaza","status":"publish","type":"product","link":"https:\/\/www.tiendaled.cl\/?product=farol-aplique-muro-exterior-modelo-calabaza","title":{"rendered":"Farol Aplique Muro Exterior Modelo Calabaza"},"content":{"rendered":"<p>El farol modelo Calabaza, est\u00e1 hecho con una base de aluminio.<br \/>\nCuenta con entrada E27 Soauete tradicional<br \/>\nDise\u00f1ado para su uso en exteriores.<\/p>\n<p>Modelos que aportar\u00e1 presencia y elegancia.<br \/>\nTu hogar merece tener lo mejor y m\u00e1s sofisticado en iluminaci\u00f3n, d\u00e1ndole un toque moderno o acogedor a tu espacio.<\/p>\n<p>Medidas<\/p>\n<p>Largo: 455 mm<br \/>\nAncho: 155 mm<br \/>\nFondo: 250 mm<br \/>\nMaterial Aluminio<\/p>\n<p>Disponible en Negro y Blanco<\/p>\n","protected":false},"excerpt":{"rendered":"<p>El farol modelo Calabaza, est\u00e1 hecho con una base de aluminio. Cuenta con entrada E27 Soauete tradicional Dise\u00f1ado para su uso en exteriores. Modelos que aportar\u00e1 presencia y elegancia. Tu hogar merece tener lo mejor y m\u00e1s sofisticado en iluminaci\u00f3n, d\u00e1ndole un toque moderno o acogedor a tu espacio. Medidas Largo: 455 mm Ancho: 155 [&#8230;]\n","protected":false},"featured_media":3474,"comment_status":"open","ping_status":"closed","template":"","meta":{"_joinchat":[]},"product_brand":[],"product_cat":[103,106,104,107],"product_tag":[],"class_list":{"0":"post-3473","1":"product","2":"type-product","3":"status-publish","4":"has-post-thumbnail","6":"product_cat-lamparas-y-apliques","7":"product_cat-apliques","8":"product_cat-apliques-vintage","9":"product_cat-faroles","11":"first","12":"instock","13":"shipping-taxable","14":"purchasable","15":"product-type-simple"},"_links":{"self":[{"href":"https:\/\/www.tiendaled.cl\/index.php?rest_route=\/wp\/v2\/product\/3473","targetHints":{"allow":["GET"]}}],"collection":[{"href":"https:\/\/www.tiendaled.cl\/index.php?rest_route=\/wp\/v2\/product"}],"about":[{"href":"https:\/\/www.tiendaled.cl\/index.php?rest_route=\/wp\/v2\/types\/product"}],"replies":[{"embeddable":true,"href":"https:\/\/www.tiendaled.cl\/index.php?rest_route=%2Fwp%2Fv2%2Fcomments&post=3473"}],"wp:featuredmedia":[{"embeddable":true,"href":"https:\/\/www.tiendaled.cl\/index.php?rest_route=\/wp\/v2\/media\/3474"}],"wp:attachment":[{"href":"https:\/\/www.tiendaled.cl\/index.php?rest_route=%2Fwp%2Fv2%2Fmedia&parent=3473"}],"wp:term":[{"taxonomy":"product_brand","embeddable":true,"href":"https:\/\/www.tiendaled.cl\/index.php?rest_route=%2Fwp%2Fv2%2Fproduct_brand&post=3473"},{"taxonomy":"product_cat","embeddable":true,"href":"https:\/\/www.tiendaled.cl\/index.php?rest_route=%2Fwp%2Fv2%2Fproduct_cat&post=3473"},{"taxonomy":"product_tag","embeddable":true,"href":"https:\/\/www.tiendaled.cl\/index.php?rest_route=%2Fwp%2Fv2%2Fproduct_tag&post=3473"}],"curies":[{"name":"wp","href":"https:\/\/api.w.org\/{rel}","templated":true}]}}