{"id":3464,"date":"2019-02-14T03:40:13","date_gmt":"2019-02-14T05:40:13","guid":{"rendered":"http:\/\/www.tiendaled.cl\/?post_type=product&#038;p=3464"},"modified":"2025-09-29T11:31:34","modified_gmt":"2025-09-29T13:31:34","slug":"ampolleta-deco-colgante-con-15-lucecitas-led-vidrio-grueso","status":"publish","type":"product","link":"https:\/\/www.tiendaled.cl\/?product=ampolleta-deco-colgante-con-15-lucecitas-led-vidrio-grueso","title":{"rendered":"Ampolleta Decorativa Led Para Colgar , Mesa , Escritorio Etc"},"content":{"rendered":"<p>Ampolleta de vidrio grueso con tapa met\u00e1lica y cordel para colgar.<br \/>\nEn su interior tiene 15 lucecitas led que funcionan con interruptor y bateria de reloj.<br \/>\nLindas de d\u00eda, m\u00e1gicas de noche,<br \/>\nEstas ampolletas son una bella decoraci\u00f3n para terrazas, quinchos o salas de estar.<br \/>\nTambien las puedes utilizar en tus eventos, dandole un bello ambiente a tus invitados<br \/>\nExcelente material, no son de plastico.<br \/>\nSirven para exterior.<\/p>\n<p>Ampolleta en tres tonos de color, amarillo, celeste y gris.<br \/>\nLas luces interior destacan el pavonado del vidrio, dando una iluminacion decorativa que hara del lugar donde las instales<\/p>\n<p>&nbsp;<\/p>\n<p>Dimensiones<\/p>\n<p>10cm x 22cm<\/p>\n","protected":false},"excerpt":{"rendered":"<p>Ampolleta de vidrio grueso con tapa met\u00e1lica y cordel para colgar. En su interior tiene 15 lucecitas led que funcionan con interruptor y bateria de reloj. Lindas de d\u00eda, m\u00e1gicas de noche, Estas ampolletas son una bella decoraci\u00f3n para terrazas, quinchos o salas de estar. Tambien las puedes utilizar en tus eventos, dandole un bello [&#8230;]\n","protected":false},"featured_media":34774,"comment_status":"closed","ping_status":"closed","template":"","meta":{"_joinchat":[]},"product_brand":[],"product_cat":[425,92,93,117],"product_tag":[149,135,134],"class_list":{"0":"post-3464","1":"product","2":"type-product","3":"status-publish","4":"has-post-thumbnail","6":"product_cat-ofertas","7":"product_cat-productos-led","8":"product_cat-ampolletas-led","9":"product_cat-accesorios","10":"product_tag-ampolleta-decorativa","11":"product_tag-ampolleta-led","12":"product_tag-ampolleta-vintage","14":"first","15":"instock","16":"shipping-taxable","17":"purchasable","18":"product-type-simple"},"_links":{"self":[{"href":"https:\/\/www.tiendaled.cl\/index.php?rest_route=\/wp\/v2\/product\/3464","targetHints":{"allow":["GET"]}}],"collection":[{"href":"https:\/\/www.tiendaled.cl\/index.php?rest_route=\/wp\/v2\/product"}],"about":[{"href":"https:\/\/www.tiendaled.cl\/index.php?rest_route=\/wp\/v2\/types\/product"}],"replies":[{"embeddable":true,"href":"https:\/\/www.tiendaled.cl\/index.php?rest_route=%2Fwp%2Fv2%2Fcomments&post=3464"}],"wp:featuredmedia":[{"embeddable":true,"href":"https:\/\/www.tiendaled.cl\/index.php?rest_route=\/wp\/v2\/media\/34774"}],"wp:attachment":[{"href":"https:\/\/www.tiendaled.cl\/index.php?rest_route=%2Fwp%2Fv2%2Fmedia&parent=3464"}],"wp:term":[{"taxonomy":"product_brand","embeddable":true,"href":"https:\/\/www.tiendaled.cl\/index.php?rest_route=%2Fwp%2Fv2%2Fproduct_brand&post=3464"},{"taxonomy":"product_cat","embeddable":true,"href":"https:\/\/www.tiendaled.cl\/index.php?rest_route=%2Fwp%2Fv2%2Fproduct_cat&post=3464"},{"taxonomy":"product_tag","embeddable":true,"href":"https:\/\/www.tiendaled.cl\/index.php?rest_route=%2Fwp%2Fv2%2Fproduct_tag&post=3464"}],"curies":[{"name":"wp","href":"https:\/\/api.w.org\/{rel}","templated":true}]}}