{"id":34517,"date":"2022-03-23T00:10:55","date_gmt":"2022-03-23T02:10:55","guid":{"rendered":"https:\/\/www.tiendaled.cl\/?post_type=product&#038;p=34517"},"modified":"2025-06-25T12:15:00","modified_gmt":"2025-06-25T14:15:00","slug":"ampolleta-led-12w-certificacion-sec-220v-e27","status":"publish","type":"product","link":"https:\/\/www.tiendaled.cl\/?product=ampolleta-led-12w-certificacion-sec-220v-e27","title":{"rendered":"Ampolleta Led 12w Certificacion Sec 220v E27"},"content":{"rendered":"<p>Iluminaci\u00f3n LED de \u00faltima generaci\u00f3n<br \/>\n&#8211; Bajo consumo<br \/>\n&#8211; Se enciende al instante<br \/>\n&#8211; M\u00e1ximo ahorro de energ\u00eda<br \/>\n&#8211; Alta eficiencia<br \/>\n&#8211; M\u00e1xima duraci\u00f3n<br \/>\n&#8211; F\u00e1cil instalaci\u00f3n<br \/>\n&#8211; Sin sustancias nocivas ni contaminantes<\/p>\n<p>Voltaje de entrada: AC85-265V<br \/>\nBlanco y Calido<br \/>\nFrecuencia de Trabajo 50-60Hz<br \/>\nConsumo de Energ\u00eda 12W<br \/>\nBase E-27 se puede insalar en cualquier soquete tradicional<br \/>\nTipo de Led SMD 5630<br \/>\nFlujo Luminico 1150 Lm<br \/>\nAngulo de L 160\u00b0<br \/>\nColor de T\u00ba 3500 \u00b0K \/ T\u00ba 6500 \u00b0K<br \/>\nFuncionamiento Vida \u00datil 30.000hrs<br \/>\nDiametro Maximo 57mm<br \/>\nLargo 108 mm<br \/>\nLuz fria y luz calida<\/p>\n","protected":false},"excerpt":{"rendered":"<p>Iluminaci\u00f3n LED de \u00faltima generaci\u00f3n &#8211; Bajo consumo &#8211; Se enciende al instante &#8211; M\u00e1ximo ahorro de energ\u00eda &#8211; Alta eficiencia &#8211; M\u00e1xima duraci\u00f3n &#8211; F\u00e1cil instalaci\u00f3n &#8211; Sin sustancias nocivas ni contaminantes Voltaje de entrada: AC85-265V Blanco y Calido Frecuencia de Trabajo 50-60Hz Consumo de Energ\u00eda 12W Base E-27 se puede insalar en cualquier [&#8230;]\n","protected":false},"featured_media":34518,"comment_status":"open","ping_status":"closed","template":"","meta":{"_joinchat":[]},"product_brand":[],"product_cat":[92,93],"product_tag":[203,135],"class_list":{"0":"post-34517","1":"product","2":"type-product","3":"status-publish","4":"has-post-thumbnail","6":"product_cat-productos-led","7":"product_cat-ampolletas-led","8":"product_tag-ampolleta","9":"product_tag-ampolleta-led","11":"first","12":"instock","13":"sale","14":"shipping-taxable","15":"purchasable","16":"product-type-simple"},"_links":{"self":[{"href":"https:\/\/www.tiendaled.cl\/index.php?rest_route=\/wp\/v2\/product\/34517","targetHints":{"allow":["GET"]}}],"collection":[{"href":"https:\/\/www.tiendaled.cl\/index.php?rest_route=\/wp\/v2\/product"}],"about":[{"href":"https:\/\/www.tiendaled.cl\/index.php?rest_route=\/wp\/v2\/types\/product"}],"replies":[{"embeddable":true,"href":"https:\/\/www.tiendaled.cl\/index.php?rest_route=%2Fwp%2Fv2%2Fcomments&post=34517"}],"wp:featuredmedia":[{"embeddable":true,"href":"https:\/\/www.tiendaled.cl\/index.php?rest_route=\/wp\/v2\/media\/34518"}],"wp:attachment":[{"href":"https:\/\/www.tiendaled.cl\/index.php?rest_route=%2Fwp%2Fv2%2Fmedia&parent=34517"}],"wp:term":[{"taxonomy":"product_brand","embeddable":true,"href":"https:\/\/www.tiendaled.cl\/index.php?rest_route=%2Fwp%2Fv2%2Fproduct_brand&post=34517"},{"taxonomy":"product_cat","embeddable":true,"href":"https:\/\/www.tiendaled.cl\/index.php?rest_route=%2Fwp%2Fv2%2Fproduct_cat&post=34517"},{"taxonomy":"product_tag","embeddable":true,"href":"https:\/\/www.tiendaled.cl\/index.php?rest_route=%2Fwp%2Fv2%2Fproduct_tag&post=34517"}],"curies":[{"name":"wp","href":"https:\/\/api.w.org\/{rel}","templated":true}]}}