{"id":34367,"date":"2022-03-10T22:46:42","date_gmt":"2022-03-11T00:46:42","guid":{"rendered":"https:\/\/www.tiendaled.cl\/?post_type=product&#038;p=34367"},"modified":"2024-10-09T13:34:40","modified_gmt":"2024-10-09T15:34:40","slug":"lampara-vintage-madera-y-canamo-3-jaulas-hierro","status":"publish","type":"product","link":"https:\/\/www.tiendaled.cl\/?product=lampara-vintage-madera-y-canamo-3-jaulas-hierro","title":{"rendered":"L\u00e1mpara Vintage Madera y C\u00e1\u00f1amo, 3 Jaulas Hierro"},"content":{"rendered":"<p>L\u00e1mpara Colgante Vintage Industrial Cuerdas de C\u00e1\u00f1amo 3 Jaulas de Hierro<\/p>\n<p>L\u00e1mpara de techo industrial retro estilo vintage.<br \/>\nAcabado en cuerda, madera y forja.<br \/>\nTres Soquetes E 27 apto para ampolletas LED Vintage<\/p>\n<p>NO INCLUYE AMPOLLETAS<\/p>\n<p>Medidas: 120 cm m\u00e1ximo de altura x 75 cm de ancho x 18 cm de fondo.<br \/>\nL\u00e1mpara de techo para restaurantes, bodegas, sal\u00f3n r\u00fastico&#8230;<br \/>\n. &#8211;<br \/>\nSu apariencia moderna se adapta a muchos estilos de decoraci\u00f3n<br \/>\nNo es solo una iluminaci\u00f3n, sino tambi\u00e9n una buena decoraci\u00f3n para el espacio.<br \/>\nPerfecto para cocina \/ comedor \/ dormitorio \/ cafeter\u00eda \/ bar \/ discoteca iluminaci\u00f3n.<br \/>\nTama\u00f1o recomendado de la habitaci\u00f3n: 8-20\u00bf.<\/p>\n<p>Soquete tradicional E27 [3 x E27 Max. 40 W] |<br \/>\nVoltaje: 220-240V |<br \/>\nDimensiones: 100cm * 130cm;<br \/>\nCables colgantes: 70 cm de altura ajustable<br \/>\nMaterial de sombra: cuerda de c\u00e1\u00f1amo, hierro y madera<\/p>\n","protected":false},"excerpt":{"rendered":"<p>L\u00e1mpara Colgante Vintage Industrial Cuerdas de C\u00e1\u00f1amo 3 Jaulas de Hierro L\u00e1mpara de techo industrial retro estilo vintage. Acabado en cuerda, madera y forja. Tres Soquetes E 27 apto para ampolletas LED Vintage NO INCLUYE AMPOLLETAS Medidas: 120 cm m\u00e1ximo de altura x 75 cm de ancho x 18 cm de fondo. L\u00e1mpara de techo [&#8230;]\n","protected":false},"featured_media":34369,"comment_status":"open","ping_status":"closed","template":"","meta":{"_joinchat":[]},"product_brand":[],"product_cat":[181,192,103,111,105],"product_tag":[120,122,196,124],"class_list":{"0":"post-34367","1":"product","2":"type-product","3":"status-publish","4":"has-post-thumbnail","6":"product_cat-lamparas-canamo","7":"product_cat-lamparas-techo","8":"product_cat-lamparas-y-apliques","9":"product_cat-lamparas-colgantes","10":"product_cat-lamparas-vintage","11":"product_tag-lampara","12":"product_tag-lampara-colgante","13":"product_tag-lampara-jaula","14":"product_tag-lampara-vintage","16":"first","17":"instock","18":"shipping-taxable","19":"purchasable","20":"product-type-simple"},"_links":{"self":[{"href":"https:\/\/www.tiendaled.cl\/index.php?rest_route=\/wp\/v2\/product\/34367","targetHints":{"allow":["GET"]}}],"collection":[{"href":"https:\/\/www.tiendaled.cl\/index.php?rest_route=\/wp\/v2\/product"}],"about":[{"href":"https:\/\/www.tiendaled.cl\/index.php?rest_route=\/wp\/v2\/types\/product"}],"replies":[{"embeddable":true,"href":"https:\/\/www.tiendaled.cl\/index.php?rest_route=%2Fwp%2Fv2%2Fcomments&post=34367"}],"wp:featuredmedia":[{"embeddable":true,"href":"https:\/\/www.tiendaled.cl\/index.php?rest_route=\/wp\/v2\/media\/34369"}],"wp:attachment":[{"href":"https:\/\/www.tiendaled.cl\/index.php?rest_route=%2Fwp%2Fv2%2Fmedia&parent=34367"}],"wp:term":[{"taxonomy":"product_brand","embeddable":true,"href":"https:\/\/www.tiendaled.cl\/index.php?rest_route=%2Fwp%2Fv2%2Fproduct_brand&post=34367"},{"taxonomy":"product_cat","embeddable":true,"href":"https:\/\/www.tiendaled.cl\/index.php?rest_route=%2Fwp%2Fv2%2Fproduct_cat&post=34367"},{"taxonomy":"product_tag","embeddable":true,"href":"https:\/\/www.tiendaled.cl\/index.php?rest_route=%2Fwp%2Fv2%2Fproduct_tag&post=34367"}],"curies":[{"name":"wp","href":"https:\/\/api.w.org\/{rel}","templated":true}]}}