{"id":34308,"date":"2022-03-07T02:03:14","date_gmt":"2022-03-07T04:03:14","guid":{"rendered":"https:\/\/www.tiendaled.cl\/?post_type=product&#038;p=34308"},"modified":"2024-04-12T21:38:25","modified_gmt":"2024-04-12T23:38:25","slug":"farol-aplique-de-pared-geometrico","status":"publish","type":"product","link":"https:\/\/www.tiendaled.cl\/?product=farol-aplique-de-pared-geometrico","title":{"rendered":"Farol Aplique De Pared Geometrico"},"content":{"rendered":"<p>Aplique de pared farol forma geomterica exterior fabricado en fierro y vidrio( Soquete Tradicional )<\/p>\n<p>Aplique de pared farol de estilo moderno.<br \/>\nLuminaria especialmente dise\u00f1ada para la iluminaci\u00f3n de exteriores.<br \/>\nAcabado en Fierro y vidrio<br \/>\nPosee un grado de protecci\u00f3n IP23 contra el agua y las part\u00edculas.<br \/>\nSu soquete est\u00e1ndar E27 le permitir\u00e1 utilizar cualquier ampolleta de bajo consumo o LED que se ajuste a sus necesidades.<\/p>\n<p>Aplique de pared de estilo moderno.<br \/>\nFabricado en vidrio y hierro<\/p>\n<p>Protecci\u00f3n IP23.<br \/>\nAncho: 14cm<br \/>\nAlto: 30cm.<\/p>\n<p>&nbsp;<\/p>\n<p>\u2014\u2013IMPORTANTE \u2014-<\/p>\n<p>La foto de este producto ha sido ambientada, la fotograf\u00eda es una aproximaci\u00f3n al color real. Por lo cual no incluye ning\u00fan adorno, ni accesorios, ni piezas adicionales ni ning\u00fan otro elemento que lo acompa\u00f1an.<\/p>\n<p>GARANT\u00cdA<\/p>\n<p>* NO cubre mala manipulaci\u00f3n por parte del usuario, por lo cual es importante que revise el producto apenas lo reciba, independiente si lo instalara despues<br \/>\n* Se debe conservar empaque y accesorios completos<\/p>\n<p>* En caso de solicitar devolucion del dinero solo se reembolsa el valor del producto, los costos de envio no son reembolsables.<\/p>\n","protected":false},"excerpt":{"rendered":"<p>Aplique de pared farol forma geomterica exterior fabricado en fierro y vidrio( Soquete Tradicional ) Aplique de pared farol de estilo moderno. Luminaria especialmente dise\u00f1ada para la iluminaci\u00f3n de exteriores. Acabado en Fierro y vidrio Posee un grado de protecci\u00f3n IP23 contra el agua y las part\u00edculas. Su soquete est\u00e1ndar E27 le permitir\u00e1 utilizar cualquier [&#8230;]\n","protected":false},"featured_media":34314,"comment_status":"open","ping_status":"closed","template":"","meta":{"_joinchat":[]},"product_brand":[],"product_cat":[103,106,104,108],"product_tag":[131,133,132],"class_list":{"0":"post-34308","1":"product","2":"type-product","3":"status-publish","4":"has-post-thumbnail","6":"product_cat-lamparas-y-apliques","7":"product_cat-apliques","8":"product_cat-apliques-vintage","9":"product_cat-lamparas-de-muro","10":"product_tag-aplique","11":"product_tag-aplique-moderno","12":"product_tag-aplique-muro","14":"first","15":"instock","16":"shipping-taxable","17":"purchasable","18":"product-type-simple"},"_links":{"self":[{"href":"https:\/\/www.tiendaled.cl\/index.php?rest_route=\/wp\/v2\/product\/34308","targetHints":{"allow":["GET"]}}],"collection":[{"href":"https:\/\/www.tiendaled.cl\/index.php?rest_route=\/wp\/v2\/product"}],"about":[{"href":"https:\/\/www.tiendaled.cl\/index.php?rest_route=\/wp\/v2\/types\/product"}],"replies":[{"embeddable":true,"href":"https:\/\/www.tiendaled.cl\/index.php?rest_route=%2Fwp%2Fv2%2Fcomments&post=34308"}],"wp:featuredmedia":[{"embeddable":true,"href":"https:\/\/www.tiendaled.cl\/index.php?rest_route=\/wp\/v2\/media\/34314"}],"wp:attachment":[{"href":"https:\/\/www.tiendaled.cl\/index.php?rest_route=%2Fwp%2Fv2%2Fmedia&parent=34308"}],"wp:term":[{"taxonomy":"product_brand","embeddable":true,"href":"https:\/\/www.tiendaled.cl\/index.php?rest_route=%2Fwp%2Fv2%2Fproduct_brand&post=34308"},{"taxonomy":"product_cat","embeddable":true,"href":"https:\/\/www.tiendaled.cl\/index.php?rest_route=%2Fwp%2Fv2%2Fproduct_cat&post=34308"},{"taxonomy":"product_tag","embeddable":true,"href":"https:\/\/www.tiendaled.cl\/index.php?rest_route=%2Fwp%2Fv2%2Fproduct_tag&post=34308"}],"curies":[{"name":"wp","href":"https:\/\/api.w.org\/{rel}","templated":true}]}}