{"id":34297,"date":"2022-03-07T01:53:03","date_gmt":"2022-03-07T03:53:03","guid":{"rendered":"https:\/\/www.tiendaled.cl\/?post_type=product&#038;p=34297"},"modified":"2024-11-07T18:37:08","modified_gmt":"2024-11-07T20:37:08","slug":"guirnalda-solar-10-ampolletas-led-de-3w-75-metros","status":"publish","type":"product","link":"https:\/\/www.tiendaled.cl\/?product=guirnalda-solar-10-ampolletas-led-de-3w-75-metros","title":{"rendered":"Guirnalda Solar 10 Ampolletas Led De 3w, 7,5 Metros"},"content":{"rendered":"<p>Guirnalda Solar Decorativa de ampolletas LED estilo vintage de 7,5 metros de largo.<\/p>\n<p>Caracter\u00edsticas:<\/p>\n<p>Apta para interior y exterior (protecci\u00f3n IP44)<br \/>\nLongitud total: 7,5metros<br \/>\n10 ampolltas en total, con una separaci\u00f3n de 50 cm<br \/>\nLuz c\u00e1lida<br \/>\nNo necesita coneccion electrica, solo debe colocar el panel solar.<br \/>\nSistema de encendido automatico apenas se esconde el sol<br \/>\n8 a 10 horas de autonomia<br \/>\nCada ampolleta lleva un gancho en la parte superior para poder engancharla<br \/>\nf\u00e1cilmente<br \/>\nLa ampolleta mide 9 cm de altura (sin contar el gancho)<br \/>\n3w de potencia cada ampolleta<\/p>\n<p>\u2014\u2013IMPORTANTE \u2014-<\/p>\n<p>La foto de este producto ha sido ambientada, la fotograf\u00eda es una aproximaci\u00f3n al color real. Por lo cual no incluye ning\u00fan adorno, ni accesorios, ni piezas adicionales ni ning\u00fan otro elemento que lo acompa\u00f1an.<\/p>\n<p>GARANT\u00cdA<\/p>\n<p>* NO cubre mala manipulaci\u00f3n por parte del usuario, por lo cual es importante que revise el producto apenas lo reciba, independiente si lo instalara despues<br \/>\n* Se debe conservar empaque y accesorios completos<\/p>\n<p>* En caso de solicitar devolucion del dinero solo se reembolsa el valor del producto, los costos de envio no son reembolsables.<\/p>\n","protected":false},"excerpt":{"rendered":"<p>Guirnalda Solar Decorativa de ampolletas LED estilo vintage de 7,5 metros de largo. Caracter\u00edsticas: Apta para interior y exterior (protecci\u00f3n IP44) Longitud total: 7,5metros 10 ampolltas en total, con una separaci\u00f3n de 50 cm Luz c\u00e1lida No necesita coneccion electrica, solo debe colocar el panel solar. Sistema de encendido automatico apenas se esconde el sol [&#8230;]\n","protected":false},"featured_media":34300,"comment_status":"open","ping_status":"closed","template":"","meta":{"_joinchat":[]},"product_brand":[],"product_cat":[233,92,93,101,112,113],"product_tag":[135,219,188,155],"class_list":{"0":"post-34297","1":"product","2":"type-product","3":"status-publish","4":"has-post-thumbnail","6":"product_cat-ampolletas-vintage","7":"product_cat-productos-led","8":"product_cat-ampolletas-led","9":"product_cat-luminaria-led","10":"product_cat-iluminacion-solar","11":"product_cat-luminaria-solar","12":"product_tag-ampolleta-led","13":"product_tag-guirnalda","14":"product_tag-iluminacion-led","15":"product_tag-iluminacionsolar","17":"first","18":"instock","19":"shipping-taxable","20":"purchasable","21":"product-type-simple"},"_links":{"self":[{"href":"https:\/\/www.tiendaled.cl\/index.php?rest_route=\/wp\/v2\/product\/34297","targetHints":{"allow":["GET"]}}],"collection":[{"href":"https:\/\/www.tiendaled.cl\/index.php?rest_route=\/wp\/v2\/product"}],"about":[{"href":"https:\/\/www.tiendaled.cl\/index.php?rest_route=\/wp\/v2\/types\/product"}],"replies":[{"embeddable":true,"href":"https:\/\/www.tiendaled.cl\/index.php?rest_route=%2Fwp%2Fv2%2Fcomments&post=34297"}],"wp:featuredmedia":[{"embeddable":true,"href":"https:\/\/www.tiendaled.cl\/index.php?rest_route=\/wp\/v2\/media\/34300"}],"wp:attachment":[{"href":"https:\/\/www.tiendaled.cl\/index.php?rest_route=%2Fwp%2Fv2%2Fmedia&parent=34297"}],"wp:term":[{"taxonomy":"product_brand","embeddable":true,"href":"https:\/\/www.tiendaled.cl\/index.php?rest_route=%2Fwp%2Fv2%2Fproduct_brand&post=34297"},{"taxonomy":"product_cat","embeddable":true,"href":"https:\/\/www.tiendaled.cl\/index.php?rest_route=%2Fwp%2Fv2%2Fproduct_cat&post=34297"},{"taxonomy":"product_tag","embeddable":true,"href":"https:\/\/www.tiendaled.cl\/index.php?rest_route=%2Fwp%2Fv2%2Fproduct_tag&post=34297"}],"curies":[{"name":"wp","href":"https:\/\/api.w.org\/{rel}","templated":true}]}}