{"id":3405,"date":"2018-12-07T03:49:00","date_gmt":"2018-12-07T05:49:00","guid":{"rendered":"http:\/\/www.tiendaled.cl\/?post_type=product&#038;p=3405"},"modified":"2026-02-18T22:35:17","modified_gmt":"2026-02-19T00:35:17","slug":"lampara-techo-cuerda-antigua-incluye-6-ampolletas-vintage","status":"publish","type":"product","link":"https:\/\/www.tiendaled.cl\/?product=lampara-techo-cuerda-antigua-incluye-6-ampolletas-vintage","title":{"rendered":"L\u00e1mpara Colgante Retro Rustica Cuerda Antigua 6 Soquetes"},"content":{"rendered":"<p>Dise\u00f1o retro y r\u00fastico<br \/>\nLampara dise\u00f1ada para entregar un toque rustico y artesanal.<br \/>\nEntrega una excelente iluminacion por la distribucion de sus 6 ampolletas<br \/>\nTama\u00f1o de la pantalla de la l\u00e1mpara: 62 cm * 62 cm * 65 cm<br \/>\nlongitud del cable: 60 cm<br \/>\nSoporta Ampolletas de soquete tradicional E27<br \/>\nAdecuado para Ampolletas LED Vintage o de Filamento de carbono,<\/p>\n<p>NO INCLUYE AMPOLLETAS<\/p>\n<p>Fabricada en materiales de alta calidad<br \/>\nLampara Ideal para se utilizada en la sala de estar, comedor, quinchos, etc.<br \/>\nUna excelente alternativa de iluminacion y decoracion para restaurantes, hoteles, cafeter\u00edas, bares, ect ..<\/p>\n","protected":false},"excerpt":{"rendered":"<p>Dise\u00f1o retro y r\u00fastico Lampara dise\u00f1ada para entregar un toque rustico y artesanal. Entrega una excelente iluminacion por la distribucion de sus 6 ampolletas Tama\u00f1o de la pantalla de la l\u00e1mpara: 62 cm * 62 cm * 65 cm longitud del cable: 60 cm Soporta Ampolletas de soquete tradicional E27 Adecuado para Ampolletas LED Vintage [&#8230;]\n","protected":false},"featured_media":3406,"comment_status":"open","ping_status":"closed","template":"","meta":{"_joinchat":[]},"product_brand":[],"product_cat":[103,111],"product_tag":[134,120,122,147],"class_list":{"0":"post-3405","1":"product","2":"type-product","3":"status-publish","4":"has-post-thumbnail","6":"product_cat-lamparas-y-apliques","7":"product_cat-lamparas-colgantes","8":"product_tag-ampolleta-vintage","9":"product_tag-lampara","10":"product_tag-lampara-colgante","11":"product_tag-lampara-rustica","13":"first","14":"instock","15":"shipping-taxable","16":"purchasable","17":"product-type-simple"},"_links":{"self":[{"href":"https:\/\/www.tiendaled.cl\/index.php?rest_route=\/wp\/v2\/product\/3405","targetHints":{"allow":["GET"]}}],"collection":[{"href":"https:\/\/www.tiendaled.cl\/index.php?rest_route=\/wp\/v2\/product"}],"about":[{"href":"https:\/\/www.tiendaled.cl\/index.php?rest_route=\/wp\/v2\/types\/product"}],"replies":[{"embeddable":true,"href":"https:\/\/www.tiendaled.cl\/index.php?rest_route=%2Fwp%2Fv2%2Fcomments&post=3405"}],"wp:featuredmedia":[{"embeddable":true,"href":"https:\/\/www.tiendaled.cl\/index.php?rest_route=\/wp\/v2\/media\/3406"}],"wp:attachment":[{"href":"https:\/\/www.tiendaled.cl\/index.php?rest_route=%2Fwp%2Fv2%2Fmedia&parent=3405"}],"wp:term":[{"taxonomy":"product_brand","embeddable":true,"href":"https:\/\/www.tiendaled.cl\/index.php?rest_route=%2Fwp%2Fv2%2Fproduct_brand&post=3405"},{"taxonomy":"product_cat","embeddable":true,"href":"https:\/\/www.tiendaled.cl\/index.php?rest_route=%2Fwp%2Fv2%2Fproduct_cat&post=3405"},{"taxonomy":"product_tag","embeddable":true,"href":"https:\/\/www.tiendaled.cl\/index.php?rest_route=%2Fwp%2Fv2%2Fproduct_tag&post=3405"}],"curies":[{"name":"wp","href":"https:\/\/api.w.org\/{rel}","templated":true}]}}