{"id":33924,"date":"2022-02-03T22:51:01","date_gmt":"2022-02-04T00:51:01","guid":{"rendered":"https:\/\/www.tiendaled.cl\/?post_type=product&#038;p=33924"},"modified":"2025-04-30T13:37:17","modified_gmt":"2025-04-30T15:37:17","slug":"ampolleta-vintage-filamento-de-cristal-3w-luz-calida-dst64","status":"publish","type":"product","link":"https:\/\/www.tiendaled.cl\/?product=ampolleta-vintage-filamento-de-cristal-3w-luz-calida-dst64","title":{"rendered":"Ampolleta Vintage Filamento De Cristal 3w Luz Calida Dst64"},"content":{"rendered":"<p>Ampolleta Led Vintage Decorativa DST3w E27<\/p>\n<p>Innovadora ampoleta LED Edison vintage con 4 perlas de l\u00e1mpara LED, preciosos filamentos de cristal<br \/>\nLuz de 360 grados, dise\u00f1o de forma esf\u00e9rica con luz c\u00e1lida, proporciona un ambiente acogedor y agradable.<br \/>\nSegura y respetuosa con el medio ambiente: esta ampolleta DST64 LED cuenta con protecci\u00f3n contra sobrecarga, cortocircuito y sobrecalentamiento.<br \/>\nFuente de luz c\u00f3moda<br \/>\nCertificaci\u00f3n CE y RoHS, bajo calor, no emite radiaci\u00f3n UV ni IR y no contiene plomo, mercurio y otros elementos contaminantes.<\/p>\n<p>Alta calidad y duradera: la ampollete led retro vintage de 3 W tiene un bonito dise\u00f1o, ahorra energ\u00eda y es respetuosa con el medio ambiente<br \/>\nFuente de luz constante y no parpadea.<br \/>\nHecho de filamentos LED de cristal de alta calidad y cristal \u00e1mbar<br \/>\nBase de cobre 100%,<br \/>\n150 l\u00famenes de brillo<br \/>\n2000 K de temperatura de color, aprox.<br \/>\nPromedio de vida \u00fatil de 25.000 horas.<br \/>\nDecoraci\u00f3n y uso universal: con soquete E27 est\u00e1ndar, un casquillo de tama\u00f1o est\u00e1ndar adecuado para la mayor\u00eda de las aplicaciones de iluminaci\u00f3n.<br \/>\nIdeal para ser usada en candelabros, l\u00e1mparas de pared, l\u00e1mparas de mesa, l\u00e1mparas de techo, l\u00e1mparas de pie.<br \/>\nCrea una iluminaci\u00f3n decorativa nost\u00e1lgica y antigua en casa, dormitorio, cafeter\u00eda, restaurante, museo, galer\u00eda de arte y tiendas.<br \/>\nSon ideales para usar en decoraci\u00f3n, hoteles, bodegas de vinos, cavas, ambientes r\u00fasticos, solas, con l\u00e1mparas apliques, etc<\/p>\n","protected":false},"excerpt":{"rendered":"<p>Ampolleta Led Vintage Decorativa DST3w E27 Innovadora ampoleta LED Edison vintage con 4 perlas de l\u00e1mpara LED, preciosos filamentos de cristal Luz de 360 grados, dise\u00f1o de forma esf\u00e9rica con luz c\u00e1lida, proporciona un ambiente acogedor y agradable. Segura y respetuosa con el medio ambiente: esta ampolleta DST64 LED cuenta con protecci\u00f3n contra sobrecarga, cortocircuito [&#8230;]\n","protected":false},"featured_media":33933,"comment_status":"open","ping_status":"closed","template":"","meta":{"_joinchat":[]},"product_brand":[],"product_cat":[92,93],"product_tag":[203,149,134],"class_list":{"0":"post-33924","1":"product","2":"type-product","3":"status-publish","4":"has-post-thumbnail","6":"product_cat-productos-led","7":"product_cat-ampolletas-led","8":"product_tag-ampolleta","9":"product_tag-ampolleta-decorativa","10":"product_tag-ampolleta-vintage","12":"first","13":"instock","14":"shipping-taxable","15":"purchasable","16":"product-type-simple"},"_links":{"self":[{"href":"https:\/\/www.tiendaled.cl\/index.php?rest_route=\/wp\/v2\/product\/33924","targetHints":{"allow":["GET"]}}],"collection":[{"href":"https:\/\/www.tiendaled.cl\/index.php?rest_route=\/wp\/v2\/product"}],"about":[{"href":"https:\/\/www.tiendaled.cl\/index.php?rest_route=\/wp\/v2\/types\/product"}],"replies":[{"embeddable":true,"href":"https:\/\/www.tiendaled.cl\/index.php?rest_route=%2Fwp%2Fv2%2Fcomments&post=33924"}],"wp:featuredmedia":[{"embeddable":true,"href":"https:\/\/www.tiendaled.cl\/index.php?rest_route=\/wp\/v2\/media\/33933"}],"wp:attachment":[{"href":"https:\/\/www.tiendaled.cl\/index.php?rest_route=%2Fwp%2Fv2%2Fmedia&parent=33924"}],"wp:term":[{"taxonomy":"product_brand","embeddable":true,"href":"https:\/\/www.tiendaled.cl\/index.php?rest_route=%2Fwp%2Fv2%2Fproduct_brand&post=33924"},{"taxonomy":"product_cat","embeddable":true,"href":"https:\/\/www.tiendaled.cl\/index.php?rest_route=%2Fwp%2Fv2%2Fproduct_cat&post=33924"},{"taxonomy":"product_tag","embeddable":true,"href":"https:\/\/www.tiendaled.cl\/index.php?rest_route=%2Fwp%2Fv2%2Fproduct_tag&post=33924"}],"curies":[{"name":"wp","href":"https:\/\/api.w.org\/{rel}","templated":true}]}}