{"id":33764,"date":"2022-01-24T21:07:11","date_gmt":"2022-01-24T23:07:11","guid":{"rendered":"https:\/\/www.tiendaled.cl\/?post_type=product&#038;p=33764"},"modified":"2026-03-06T14:40:27","modified_gmt":"2026-03-06T16:40:27","slug":"ampolleta-led-e14-tipo-vela-5w-luz-calida-y-fria","status":"publish","type":"product","link":"https:\/\/www.tiendaled.cl\/?product=ampolleta-led-e14-tipo-vela-5w-luz-calida-y-fria","title":{"rendered":"Ampolleta Led E14 Tipo Vela 5w Luz Calida Y Fria"},"content":{"rendered":"<p>Ampolleta tipo vela de 5 W<br \/>\nRosca E14<br \/>\nLuz calida y luz fria<br \/>\nLarga Duracion hasta 20000h<br \/>\n360\u00b0 de brillo integral<br \/>\nAlta conservaci\u00f3n de energ\u00eda l\u00e1mpara de la vela<br \/>\nHasta Un 90% de Ahorro de Energia<br \/>\nDimensiones 35 mm X 105 mm<br \/>\n25 leds de alta iluminacion<br \/>\nAmpolleta ideal para lamparas candelabros, lamparas decorativas.<br \/>\nReemplace su antigua ampolleta incandesente por esta ampolleta y ahorre hasta un 90%<\/p>\n<p>&nbsp;<\/p>\n<p>&nbsp;<\/p>\n","protected":false},"excerpt":{"rendered":"<p>Ampolleta tipo vela de 5 W Rosca E14 Luz calida y luz fria Larga Duracion hasta 20000h 360\u00b0 de brillo integral Alta conservaci\u00f3n de energ\u00eda l\u00e1mpara de la vela Hasta Un 90% de Ahorro de Energia Dimensiones 35 mm X 105 mm 25 leds de alta iluminacion Ampolleta ideal para lamparas candelabros, lamparas decorativas. Reemplace [&#8230;]\n","protected":false},"featured_media":33771,"comment_status":"open","ping_status":"closed","template":"","meta":{"_joinchat":[]},"product_brand":[],"product_cat":[92,93],"product_tag":[203,227,135,136],"class_list":{"0":"post-33764","1":"product","2":"type-product","3":"status-publish","4":"has-post-thumbnail","6":"product_cat-productos-led","7":"product_cat-ampolletas-led","8":"product_tag-ampolleta","9":"product_tag-ampolleta-e14","10":"product_tag-ampolleta-led","11":"product_tag-led-vela","13":"first","14":"instock","15":"shipping-taxable","16":"purchasable","17":"product-type-simple"},"_links":{"self":[{"href":"https:\/\/www.tiendaled.cl\/index.php?rest_route=\/wp\/v2\/product\/33764","targetHints":{"allow":["GET"]}}],"collection":[{"href":"https:\/\/www.tiendaled.cl\/index.php?rest_route=\/wp\/v2\/product"}],"about":[{"href":"https:\/\/www.tiendaled.cl\/index.php?rest_route=\/wp\/v2\/types\/product"}],"replies":[{"embeddable":true,"href":"https:\/\/www.tiendaled.cl\/index.php?rest_route=%2Fwp%2Fv2%2Fcomments&post=33764"}],"wp:featuredmedia":[{"embeddable":true,"href":"https:\/\/www.tiendaled.cl\/index.php?rest_route=\/wp\/v2\/media\/33771"}],"wp:attachment":[{"href":"https:\/\/www.tiendaled.cl\/index.php?rest_route=%2Fwp%2Fv2%2Fmedia&parent=33764"}],"wp:term":[{"taxonomy":"product_brand","embeddable":true,"href":"https:\/\/www.tiendaled.cl\/index.php?rest_route=%2Fwp%2Fv2%2Fproduct_brand&post=33764"},{"taxonomy":"product_cat","embeddable":true,"href":"https:\/\/www.tiendaled.cl\/index.php?rest_route=%2Fwp%2Fv2%2Fproduct_cat&post=33764"},{"taxonomy":"product_tag","embeddable":true,"href":"https:\/\/www.tiendaled.cl\/index.php?rest_route=%2Fwp%2Fv2%2Fproduct_tag&post=33764"}],"curies":[{"name":"wp","href":"https:\/\/api.w.org\/{rel}","templated":true}]}}