{"id":33542,"date":"2022-01-13T19:46:01","date_gmt":"2022-01-13T21:46:01","guid":{"rendered":"https:\/\/www.tiendaled.cl\/?post_type=product&#038;p=33542"},"modified":"2024-11-15T10:57:49","modified_gmt":"2024-11-15T12:57:49","slug":"foco-led-solar-con-sensor-recargable-60-leds-luz-fria","status":"publish","type":"product","link":"https:\/\/www.tiendaled.cl\/?product=foco-led-solar-con-sensor-recargable-60-leds-luz-fria","title":{"rendered":"Foco Led Solar Con Sensor,  Recargable 60 Leds Luz Fria"},"content":{"rendered":"<p>Foco 60 Led con panel solar , se carga a trav\u00e9s del d\u00eda a partir de los rayos del sol.<\/p>\n<p>Use para iluminar \u00e1reas oscuras y a\u00f1ada seguridad adicional con la luz de seguridad de movimiento de 60 LED. Esta luz se enciende autom\u00e1ticamente cuando se detecta movimiento, por lo que es la soluci\u00f3n de seguridad perfecta.<\/p>\n<p>Es ampliamente utilizado para la iluminaci\u00f3n al aire libre, patio, balc\u00f3n, calle, jard\u00edn, entre otros<\/p>\n<p>Puede usar encendido todo el tiempo o puede activar el sensor de movimiento.<br \/>\n4.5 metros de cable<br \/>\nLuz fr\u00eda: 6000 K<br \/>\nPotencia panel: 9v\/1W<br \/>\nBateria de 3.7V 1200mA<br \/>\n60 Led<br \/>\nPotencia foco: 4W<br \/>\nDuraci\u00f3n de la bater\u00eda: 4 hs aprox.<br \/>\nProtecci\u00f3n IP65<br \/>\nTama\u00f1o del panel solar:16 X 19 cm<br \/>\nTama\u00f1o del foco: 9.5 X 13.5cm<br \/>\nMedidas del empaque: 21X 22.5 cm<br \/>\nPeso: 1.07kg<\/p>\n","protected":false},"excerpt":{"rendered":"<p>Foco 60 Led con panel solar , se carga a trav\u00e9s del d\u00eda a partir de los rayos del sol. Use para iluminar \u00e1reas oscuras y a\u00f1ada seguridad adicional con la luz de seguridad de movimiento de 60 LED. Esta luz se enciende autom\u00e1ticamente cuando se detecta movimiento, por lo que es la soluci\u00f3n de [&#8230;]\n","protected":false},"featured_media":33551,"comment_status":"open","ping_status":"closed","template":"","meta":{"_joinchat":[]},"product_brand":[],"product_cat":[146,92,98,101,102,116],"product_tag":[211,156,155,214],"class_list":{"0":"post-33542","1":"product","2":"type-product","3":"status-publish","4":"has-post-thumbnail","6":"product_cat-luces-de-emergencia","7":"product_cat-productos-led","8":"product_cat-proyectores-led","9":"product_cat-luminaria-led","10":"product_cat-luminaria-de-emergencia","11":"product_cat-focos-proyectores","12":"product_tag-foco-solar","13":"product_tag-focosolar","14":"product_tag-iluminacionsolar","15":"product_tag-luminaria-solar","17":"first","18":"instock","19":"shipping-taxable","20":"purchasable","21":"product-type-simple"},"_links":{"self":[{"href":"https:\/\/www.tiendaled.cl\/index.php?rest_route=\/wp\/v2\/product\/33542","targetHints":{"allow":["GET"]}}],"collection":[{"href":"https:\/\/www.tiendaled.cl\/index.php?rest_route=\/wp\/v2\/product"}],"about":[{"href":"https:\/\/www.tiendaled.cl\/index.php?rest_route=\/wp\/v2\/types\/product"}],"replies":[{"embeddable":true,"href":"https:\/\/www.tiendaled.cl\/index.php?rest_route=%2Fwp%2Fv2%2Fcomments&post=33542"}],"wp:featuredmedia":[{"embeddable":true,"href":"https:\/\/www.tiendaled.cl\/index.php?rest_route=\/wp\/v2\/media\/33551"}],"wp:attachment":[{"href":"https:\/\/www.tiendaled.cl\/index.php?rest_route=%2Fwp%2Fv2%2Fmedia&parent=33542"}],"wp:term":[{"taxonomy":"product_brand","embeddable":true,"href":"https:\/\/www.tiendaled.cl\/index.php?rest_route=%2Fwp%2Fv2%2Fproduct_brand&post=33542"},{"taxonomy":"product_cat","embeddable":true,"href":"https:\/\/www.tiendaled.cl\/index.php?rest_route=%2Fwp%2Fv2%2Fproduct_cat&post=33542"},{"taxonomy":"product_tag","embeddable":true,"href":"https:\/\/www.tiendaled.cl\/index.php?rest_route=%2Fwp%2Fv2%2Fproduct_tag&post=33542"}],"curies":[{"name":"wp","href":"https:\/\/api.w.org\/{rel}","templated":true}]}}