{"id":33517,"date":"2022-01-12T00:19:35","date_gmt":"2022-01-12T02:19:35","guid":{"rendered":"https:\/\/www.tiendaled.cl\/?post_type=product&#038;p=33517"},"modified":"2024-06-17T01:58:31","modified_gmt":"2024-06-17T03:58:31","slug":"lampara-colgante-rustica-encordado-ratan-rectangular","status":"publish","type":"product","link":"https:\/\/www.tiendaled.cl\/?product=lampara-colgante-rustica-encordado-ratan-rectangular","title":{"rendered":"L\u00e1mpara Colgante Rustica Encordado Ratan Rectangular"},"content":{"rendered":"<p>Lampara Colgante Encordado de Ratan<br \/>\nDecorativa y funcional<br \/>\nIdealmente dise\u00f1ada para ser instalada en techos s\u00f3lidos de concreto, hormig\u00f3n y madera,<\/p>\n<p>La mejor soluci\u00f3n para iluminar lugares que necesiten de un toque c\u00e1lido y duradero.<br \/>\nSu estructura se fusionar\u00e1 delicadamente con todo tipo de muebles, a\u00fan m\u00e1s si son sencillos, haciendo de esta luminaria el complemento ideal para espacios comunes que requieran de gran cantidad de luz.<\/p>\n<p>Cantidad de Ampolletas 4<br \/>\nMaterial Rat\u00e1n<br \/>\nColor Natural<br \/>\nSoqete tradicional E27<br \/>\nPotencia m\u00e1xima 40 W<br \/>\nNO Incluye ampolleta<br \/>\nAlto total 120 cm<br \/>\nAlto de pantalla 18 cm<br \/>\nAncho de pantalla 20 cm<br \/>\nLargo Pantala 55 cm<\/p>\n<p>Uso Dom\u00e9stico<\/p>\n<p>&nbsp;<\/p>\n<p>\u2014\u2013IMPORTANTE \u2014-<\/p>\n<p>La foto de este producto ha sido ambientada, la fotograf\u00eda es una aproximaci\u00f3n al color real. Por lo cual no incluye ning\u00fan adorno, ni accesorios, ni piezas adicionales ni ning\u00fan otro elemento que lo acompa\u00f1an.<\/p>\n<p>GARANT\u00cdA<\/p>\n<p>* NO cubre mala manipulaci\u00f3n por parte del usuario, por lo cual es importante que revise el producto apenas lo reciba, independiente si lo instalara despues<br \/>\n* Se debe conservar empaque y accesorios completos<\/p>\n<p>* En caso de solicitar devolucion del dinero solo se reembolsa el valor del producto, los costos de envio no son reembolsables.<\/p>\n","protected":false},"excerpt":{"rendered":"<p>Lampara Colgante Encordado de Ratan Decorativa y funcional Idealmente dise\u00f1ada para ser instalada en techos s\u00f3lidos de concreto, hormig\u00f3n y madera, La mejor soluci\u00f3n para iluminar lugares que necesiten de un toque c\u00e1lido y duradero. Su estructura se fusionar\u00e1 delicadamente con todo tipo de muebles, a\u00fan m\u00e1s si son sencillos, haciendo de esta luminaria el [&#8230;]\n","protected":false},"featured_media":79361,"comment_status":"open","ping_status":"closed","template":"","meta":{"_joinchat":[]},"product_brand":[],"product_cat":[192,103,111,105],"product_tag":[122,147,124],"class_list":{"0":"post-33517","1":"product","2":"type-product","3":"status-publish","4":"has-post-thumbnail","6":"product_cat-lamparas-techo","7":"product_cat-lamparas-y-apliques","8":"product_cat-lamparas-colgantes","9":"product_cat-lamparas-vintage","10":"product_tag-lampara-colgante","11":"product_tag-lampara-rustica","12":"product_tag-lampara-vintage","14":"first","15":"instock","16":"shipping-taxable","17":"purchasable","18":"product-type-simple"},"_links":{"self":[{"href":"https:\/\/www.tiendaled.cl\/index.php?rest_route=\/wp\/v2\/product\/33517","targetHints":{"allow":["GET"]}}],"collection":[{"href":"https:\/\/www.tiendaled.cl\/index.php?rest_route=\/wp\/v2\/product"}],"about":[{"href":"https:\/\/www.tiendaled.cl\/index.php?rest_route=\/wp\/v2\/types\/product"}],"replies":[{"embeddable":true,"href":"https:\/\/www.tiendaled.cl\/index.php?rest_route=%2Fwp%2Fv2%2Fcomments&post=33517"}],"wp:featuredmedia":[{"embeddable":true,"href":"https:\/\/www.tiendaled.cl\/index.php?rest_route=\/wp\/v2\/media\/79361"}],"wp:attachment":[{"href":"https:\/\/www.tiendaled.cl\/index.php?rest_route=%2Fwp%2Fv2%2Fmedia&parent=33517"}],"wp:term":[{"taxonomy":"product_brand","embeddable":true,"href":"https:\/\/www.tiendaled.cl\/index.php?rest_route=%2Fwp%2Fv2%2Fproduct_brand&post=33517"},{"taxonomy":"product_cat","embeddable":true,"href":"https:\/\/www.tiendaled.cl\/index.php?rest_route=%2Fwp%2Fv2%2Fproduct_cat&post=33517"},{"taxonomy":"product_tag","embeddable":true,"href":"https:\/\/www.tiendaled.cl\/index.php?rest_route=%2Fwp%2Fv2%2Fproduct_tag&post=33517"}],"curies":[{"name":"wp","href":"https:\/\/api.w.org\/{rel}","templated":true}]}}