{"id":33423,"date":"2022-01-07T19:00:56","date_gmt":"2022-01-07T21:00:56","guid":{"rendered":"https:\/\/www.tiendaled.cl\/?post_type=product&#038;p=33423"},"modified":"2026-02-11T10:19:46","modified_gmt":"2026-02-11T12:19:46","slug":"lampara-colgante-vintage-de-madera-diseno-viga-10-soquetes","status":"publish","type":"product","link":"https:\/\/www.tiendaled.cl\/?product=lampara-colgante-vintage-de-madera-diseno-viga-10-soquetes","title":{"rendered":"Lampara Colgante Vintage De Madera Dise\u00f1o Viga 10 Soquetes"},"content":{"rendered":"<p class=\"ui-pdp-description__content\">Esta l\u00e1mpara tiene un dise\u00f1o artesanal \u00fanico<br \/>\nFabricada en madera<br \/>\nIncorpora 10 soquetes para ser utilizada idealmente con ampolletas led Vintage<br \/>\nElegante superficie baja en carbono, antioxidante, y duradera.<br \/>\nUna l\u00e1mpara est\u00e9ticamente agradable se ve art\u00edstica y vintage.<br \/>\nAgregue un sentido de historia a cualquier lugar de su casa<\/p>\n<p>L\u00e1mpara de ara\u00f1a de madera de 10 ampolletas\/ l\u00e1mpara colgante m\u00faltiple en estilo industrial vintage que transforma cualquier espacio con su ambiente retro encantador, aporta una iluminaci\u00f3n c\u00e1lida en cualquier lugar.<\/p>\n<p>Candelabro lineal con acabado de madera r\u00fastica y diferentes estilos de envoltura formados diferentes modelos para adaptarse a la decoraci\u00f3n del espacio.<\/p>\n<p>La viga de madera cuenta con 109cm de largo, 12 cmde ancho, la altura m\u00e1xima de la cadena ajustable es de 80cm<br \/>\nIdeal para ser utilizada con ampolletas led vintage de filamento<br \/>\nSoquete tradicional E27 \/ NO INCLUYE AMPOLLETAS<\/p>\n<p>&nbsp;<\/p>\n<p>\u2014\u2013IMPORTANTE \u2014-<\/p>\n<p>La foto de este producto ha sido ambientada, la fotograf\u00eda es una aproximaci\u00f3n al color real. Por lo cual no incluye ning\u00fan adorno, ni accesorios, ni piezas adicionales ni ning\u00fan otro elemento que lo acompa\u00f1an.<\/p>\n<p>GARANT\u00cdA<\/p>\n<p>* NO cubre mala manipulaci\u00f3n por parte del usuario, por lo cual es importante que revise el producto apenas lo reciba, independiente si lo instalara despues<br \/>\n* Se debe conservar empaque y accesorios completos.<\/p>\n","protected":false},"excerpt":{"rendered":"<p>Esta l\u00e1mpara tiene un dise\u00f1o artesanal \u00fanico Fabricada en madera Incorpora 10 soquetes para ser utilizada idealmente con ampolletas led Vintage Elegante superficie baja en carbono, antioxidante, y duradera. Una l\u00e1mpara est\u00e9ticamente agradable se ve art\u00edstica y vintage. Agregue un sentido de historia a cualquier lugar de su casa L\u00e1mpara de ara\u00f1a de madera de [&#8230;]\n","protected":false},"featured_media":33427,"comment_status":"open","ping_status":"closed","template":"","meta":{"_joinchat":[]},"product_brand":[],"product_cat":[192,103,111,105],"product_tag":[122,202,147,124],"class_list":{"0":"post-33423","1":"product","2":"type-product","3":"status-publish","4":"has-post-thumbnail","6":"product_cat-lamparas-techo","7":"product_cat-lamparas-y-apliques","8":"product_cat-lamparas-colgantes","9":"product_cat-lamparas-vintage","10":"product_tag-lampara-colgante","11":"product_tag-lampara-madera","12":"product_tag-lampara-rustica","13":"product_tag-lampara-vintage","15":"first","16":"outofstock","17":"shipping-taxable","18":"purchasable","19":"product-type-simple"},"_links":{"self":[{"href":"https:\/\/www.tiendaled.cl\/index.php?rest_route=\/wp\/v2\/product\/33423","targetHints":{"allow":["GET"]}}],"collection":[{"href":"https:\/\/www.tiendaled.cl\/index.php?rest_route=\/wp\/v2\/product"}],"about":[{"href":"https:\/\/www.tiendaled.cl\/index.php?rest_route=\/wp\/v2\/types\/product"}],"replies":[{"embeddable":true,"href":"https:\/\/www.tiendaled.cl\/index.php?rest_route=%2Fwp%2Fv2%2Fcomments&post=33423"}],"wp:featuredmedia":[{"embeddable":true,"href":"https:\/\/www.tiendaled.cl\/index.php?rest_route=\/wp\/v2\/media\/33427"}],"wp:attachment":[{"href":"https:\/\/www.tiendaled.cl\/index.php?rest_route=%2Fwp%2Fv2%2Fmedia&parent=33423"}],"wp:term":[{"taxonomy":"product_brand","embeddable":true,"href":"https:\/\/www.tiendaled.cl\/index.php?rest_route=%2Fwp%2Fv2%2Fproduct_brand&post=33423"},{"taxonomy":"product_cat","embeddable":true,"href":"https:\/\/www.tiendaled.cl\/index.php?rest_route=%2Fwp%2Fv2%2Fproduct_cat&post=33423"},{"taxonomy":"product_tag","embeddable":true,"href":"https:\/\/www.tiendaled.cl\/index.php?rest_route=%2Fwp%2Fv2%2Fproduct_tag&post=33423"}],"curies":[{"name":"wp","href":"https:\/\/api.w.org\/{rel}","templated":true}]}}