{"id":33378,"date":"2022-01-06T00:45:43","date_gmt":"2022-01-06T02:45:43","guid":{"rendered":"https:\/\/www.tiendaled.cl\/?post_type=product&#038;p=33378"},"modified":"2024-08-21T13:36:40","modified_gmt":"2024-08-21T15:36:40","slug":"lampara-colgante-diseno-barril-de-vino-madera-envejecida","status":"publish","type":"product","link":"https:\/\/www.tiendaled.cl\/?product=lampara-colgante-diseno-barril-de-vino-madera-envejecida","title":{"rendered":"L\u00e1mpara Colgante Dise\u00f1o Barril De Vino, Madera Envejecida"},"content":{"rendered":"<p>Esta l\u00e1mpara tiene un dise\u00f1o artesanal \u00fanico<br \/>\nFabricada en madera y hierro,<br \/>\nDise\u00f1o Rusico de Barril de vino en madera envejecido<br \/>\nElegante superficie baja en carbono, antioxidante, y duradera.<br \/>\nUna l\u00e1mpara est\u00e9ticamente agradable se ve art\u00edstica y vintage.<br \/>\nAgregue un sentido de historia a cualquier lugar de su casa<\/p>\n<p>Este barril de madera tiene un olor agradable cuando se utiliza como l\u00e1mpara de techo, l\u00e1mpara \u00fanica para bar, restaurante, bodega de vinos.<br \/>\nSoquete Tradicional E27 Max 1 x 60 W,<br \/>\nSe puede utilizar con ampoletas LED Vintage o tradicionales<\/p>\n<p>NO INCLUYE AMPOLLETAS<\/p>\n<p>Dimensiones del cuerpo de la l\u00e1mpara: aproximadamente 25cm (di\u00e1metro) x30cm (alto) x 80cm (longitud del cable), longitud ajustable.<\/p>\n<p>Esta luz es perfecta para isla de cocina, comedor, dormitorio, cocina, bar, pub, bistro.<\/p>\n<p>Ideal para ser utilizada con ampolletas led vintage de filamento<br \/>\nSoquete tradicional E27<\/p>\n<p>Aplicable a la habitaci\u00f3n: sala de estar, comedor, dormitorio, cocina, comedor, ba\u00f1o, pasillos, bares, caf\u00e9s, almacenes, s\u00f3tanos y otras luces interiores<\/p>\n<p>&nbsp;<\/p>\n<p>\u2014\u2013IMPORTANTE \u2014-<\/p>\n<p>La foto de este producto ha sido ambientada, la fotograf\u00eda es una aproximaci\u00f3n al color real. Por lo cual no incluye ning\u00fan adorno, ni accesorios, ni piezas adicionales ni ning\u00fan otro elemento que lo acompa\u00f1an.<\/p>\n<p>GARANT\u00cdA<\/p>\n<p>* NO cubre mala manipulaci\u00f3n por parte del usuario, por lo cual es importante que revise el producto apenas lo reciba, independiente si lo instalara despues<br \/>\n* Se debe conservar empaque y accesorios completos<\/p>\n<p>* En caso de solicitar devolucion del dinero solo se reembolsa el valor del producto, los costos de envio no son reembolsables.<\/p>\n","protected":false},"excerpt":{"rendered":"<p>Esta l\u00e1mpara tiene un dise\u00f1o artesanal \u00fanico Fabricada en madera y hierro, Dise\u00f1o Rusico de Barril de vino en madera envejecido Elegante superficie baja en carbono, antioxidante, y duradera. Una l\u00e1mpara est\u00e9ticamente agradable se ve art\u00edstica y vintage. Agregue un sentido de historia a cualquier lugar de su casa Este barril de madera tiene un [&#8230;]\n","protected":false},"featured_media":33390,"comment_status":"open","ping_status":"closed","template":"","meta":{"_joinchat":[]},"product_brand":[],"product_cat":[192,103,111,105],"product_tag":[120,122,202,147],"class_list":{"0":"post-33378","1":"product","2":"type-product","3":"status-publish","4":"has-post-thumbnail","6":"product_cat-lamparas-techo","7":"product_cat-lamparas-y-apliques","8":"product_cat-lamparas-colgantes","9":"product_cat-lamparas-vintage","10":"product_tag-lampara","11":"product_tag-lampara-colgante","12":"product_tag-lampara-madera","13":"product_tag-lampara-rustica","15":"first","16":"instock","17":"shipping-taxable","18":"purchasable","19":"product-type-simple"},"_links":{"self":[{"href":"https:\/\/www.tiendaled.cl\/index.php?rest_route=\/wp\/v2\/product\/33378","targetHints":{"allow":["GET"]}}],"collection":[{"href":"https:\/\/www.tiendaled.cl\/index.php?rest_route=\/wp\/v2\/product"}],"about":[{"href":"https:\/\/www.tiendaled.cl\/index.php?rest_route=\/wp\/v2\/types\/product"}],"replies":[{"embeddable":true,"href":"https:\/\/www.tiendaled.cl\/index.php?rest_route=%2Fwp%2Fv2%2Fcomments&post=33378"}],"wp:featuredmedia":[{"embeddable":true,"href":"https:\/\/www.tiendaled.cl\/index.php?rest_route=\/wp\/v2\/media\/33390"}],"wp:attachment":[{"href":"https:\/\/www.tiendaled.cl\/index.php?rest_route=%2Fwp%2Fv2%2Fmedia&parent=33378"}],"wp:term":[{"taxonomy":"product_brand","embeddable":true,"href":"https:\/\/www.tiendaled.cl\/index.php?rest_route=%2Fwp%2Fv2%2Fproduct_brand&post=33378"},{"taxonomy":"product_cat","embeddable":true,"href":"https:\/\/www.tiendaled.cl\/index.php?rest_route=%2Fwp%2Fv2%2Fproduct_cat&post=33378"},{"taxonomy":"product_tag","embeddable":true,"href":"https:\/\/www.tiendaled.cl\/index.php?rest_route=%2Fwp%2Fv2%2Fproduct_tag&post=33378"}],"curies":[{"name":"wp","href":"https:\/\/api.w.org\/{rel}","templated":true}]}}