{"id":3332,"date":"2018-11-20T09:28:20","date_gmt":"2018-11-20T11:28:20","guid":{"rendered":"http:\/\/www.tiendaled.cl\/?post_type=product&#038;p=3332"},"modified":"2022-11-03T23:10:00","modified_gmt":"2022-11-04T01:10:00","slug":"lampara-canamo-rustica-8-soquetes-e14","status":"publish","type":"product","link":"https:\/\/www.tiendaled.cl\/?product=lampara-canamo-rustica-8-soquetes-e14","title":{"rendered":"L\u00e1mpara C\u00e1\u00f1amo Rustica 8 Soquetes E14"},"content":{"rendered":"<p>Iluminaci\u00f3n industrial, r\u00fastica y moderna para la casa<\/p>\n<p>L\u00e1mpara de techo de estilo rustico, material de Metal + Cuerda<br \/>\nUtiliza 8 ampolletas de base E14 maximo 40W cada una. (no incluidas )<br \/>\nDimensiones de la l\u00e1mpara: 64 x 64 cm , cable ajustable 80 cm<br \/>\nIdeal para usar en tiendas, bares , caf\u00e9s , cocina c\u00e1lida y \u00e1rea de tu casa que quieras dar un toque<\/p>\n","protected":false},"excerpt":{"rendered":"<p>Iluminaci\u00f3n industrial, r\u00fastica y moderna para la casa L\u00e1mpara de techo de estilo rustico, material de Metal + Cuerda Utiliza 8 ampolletas de base E14 maximo 40W cada una. (no incluidas ) Dimensiones de la l\u00e1mpara: 64 x 64 cm , cable ajustable 80 cm Ideal para usar en tiendas, bares , caf\u00e9s , cocina [&#8230;]\n","protected":false},"featured_media":3333,"comment_status":"open","ping_status":"closed","template":"","meta":{"_joinchat":[]},"product_brand":[],"product_cat":[103,111],"product_tag":[122,147,124],"class_list":{"0":"post-3332","1":"product","2":"type-product","3":"status-publish","4":"has-post-thumbnail","6":"product_cat-lamparas-y-apliques","7":"product_cat-lamparas-colgantes","8":"product_tag-lampara-colgante","9":"product_tag-lampara-rustica","10":"product_tag-lampara-vintage","12":"first","13":"instock","14":"sale","15":"shipping-taxable","16":"purchasable","17":"product-type-simple"},"_links":{"self":[{"href":"https:\/\/www.tiendaled.cl\/index.php?rest_route=\/wp\/v2\/product\/3332","targetHints":{"allow":["GET"]}}],"collection":[{"href":"https:\/\/www.tiendaled.cl\/index.php?rest_route=\/wp\/v2\/product"}],"about":[{"href":"https:\/\/www.tiendaled.cl\/index.php?rest_route=\/wp\/v2\/types\/product"}],"replies":[{"embeddable":true,"href":"https:\/\/www.tiendaled.cl\/index.php?rest_route=%2Fwp%2Fv2%2Fcomments&post=3332"}],"wp:featuredmedia":[{"embeddable":true,"href":"https:\/\/www.tiendaled.cl\/index.php?rest_route=\/wp\/v2\/media\/3333"}],"wp:attachment":[{"href":"https:\/\/www.tiendaled.cl\/index.php?rest_route=%2Fwp%2Fv2%2Fmedia&parent=3332"}],"wp:term":[{"taxonomy":"product_brand","embeddable":true,"href":"https:\/\/www.tiendaled.cl\/index.php?rest_route=%2Fwp%2Fv2%2Fproduct_brand&post=3332"},{"taxonomy":"product_cat","embeddable":true,"href":"https:\/\/www.tiendaled.cl\/index.php?rest_route=%2Fwp%2Fv2%2Fproduct_cat&post=3332"},{"taxonomy":"product_tag","embeddable":true,"href":"https:\/\/www.tiendaled.cl\/index.php?rest_route=%2Fwp%2Fv2%2Fproduct_tag&post=3332"}],"curies":[{"name":"wp","href":"https:\/\/api.w.org\/{rel}","templated":true}]}}