{"id":33288,"date":"2021-12-28T16:41:49","date_gmt":"2021-12-28T18:41:49","guid":{"rendered":"https:\/\/www.tiendaled.cl\/?post_type=product&#038;p=33288"},"modified":"2026-01-19T23:05:55","modified_gmt":"2026-01-20T01:05:55","slug":"foco-led-panel-redondo-12w-embutido-calido-o-frio","status":"publish","type":"product","link":"https:\/\/www.tiendaled.cl\/?product=foco-led-panel-redondo-12w-embutido-calido-o-frio","title":{"rendered":"Foco Led Panel Redondo 12w Embutido Calido O Frio"},"content":{"rendered":"<p>Foco Panel que consta de iluminaci\u00f3n por medio de LED de alta potencia y bajo consumo de energ\u00eda consta de un peque\u00f1o transformador con el cual permite conectarlo directamente a los 220 volt de la red el\u00e9ctrica de tu hogar, es ideal para cielos falsos en cocinas, dormitorios, living, ba\u00f1os y toda clase de aplicaciones en las cuales lo quieras utilizar.<br \/>\nUn excelente, delicado y elegante reemplazo de la luz de techo tradicional.<br \/>\nAlta eficiencia, f\u00e1cil instalaci\u00f3n, bajo consumo de energ\u00eda, larga vida \u00fatil, estructura compacta, hermoso aspecto.<\/p>\n<p>Di\u00e1metro 17cm<br \/>\nColor 6500K<br \/>\nAhorro de energ\u00eda<br \/>\nEspesor 13mm<br \/>\nLarga durabilidad<br \/>\nVoltage 85-265V<br \/>\nPotenc\u00eda: 12W<\/p>\n","protected":false},"excerpt":{"rendered":"<p>Foco Panel que consta de iluminaci\u00f3n por medio de LED de alta potencia y bajo consumo de energ\u00eda consta de un peque\u00f1o transformador con el cual permite conectarlo directamente a los 220 volt de la red el\u00e9ctrica de tu hogar, es ideal para cielos falsos en cocinas, dormitorios, living, ba\u00f1os y toda clase de aplicaciones [&#8230;]\n","protected":false},"featured_media":33301,"comment_status":"open","ping_status":"closed","template":"","meta":{"_joinchat":[]},"product_brand":[],"product_cat":[92,94,96,101],"product_tag":[225,150,188,197],"class_list":{"0":"post-33288","1":"product","2":"type-product","3":"status-publish","4":"has-post-thumbnail","6":"product_cat-productos-led","7":"product_cat-plafones-led","8":"product_cat-paneles-led","9":"product_cat-luminaria-led","10":"product_tag-12w","11":"product_tag-focos-led","12":"product_tag-iluminacion-led","13":"product_tag-panel-led","15":"first","16":"instock","17":"shipping-taxable","18":"purchasable","19":"product-type-simple"},"_links":{"self":[{"href":"https:\/\/www.tiendaled.cl\/index.php?rest_route=\/wp\/v2\/product\/33288","targetHints":{"allow":["GET"]}}],"collection":[{"href":"https:\/\/www.tiendaled.cl\/index.php?rest_route=\/wp\/v2\/product"}],"about":[{"href":"https:\/\/www.tiendaled.cl\/index.php?rest_route=\/wp\/v2\/types\/product"}],"replies":[{"embeddable":true,"href":"https:\/\/www.tiendaled.cl\/index.php?rest_route=%2Fwp%2Fv2%2Fcomments&post=33288"}],"wp:featuredmedia":[{"embeddable":true,"href":"https:\/\/www.tiendaled.cl\/index.php?rest_route=\/wp\/v2\/media\/33301"}],"wp:attachment":[{"href":"https:\/\/www.tiendaled.cl\/index.php?rest_route=%2Fwp%2Fv2%2Fmedia&parent=33288"}],"wp:term":[{"taxonomy":"product_brand","embeddable":true,"href":"https:\/\/www.tiendaled.cl\/index.php?rest_route=%2Fwp%2Fv2%2Fproduct_brand&post=33288"},{"taxonomy":"product_cat","embeddable":true,"href":"https:\/\/www.tiendaled.cl\/index.php?rest_route=%2Fwp%2Fv2%2Fproduct_cat&post=33288"},{"taxonomy":"product_tag","embeddable":true,"href":"https:\/\/www.tiendaled.cl\/index.php?rest_route=%2Fwp%2Fv2%2Fproduct_tag&post=33288"}],"curies":[{"name":"wp","href":"https:\/\/api.w.org\/{rel}","templated":true}]}}