{"id":33195,"date":"2021-12-23T00:40:25","date_gmt":"2021-12-23T02:40:25","guid":{"rendered":"https:\/\/www.tiendaled.cl\/?post_type=product&#038;p=33195"},"modified":"2025-09-22T22:44:09","modified_gmt":"2025-09-23T00:44:09","slug":"lampara-colgante-hierro-dorada-forma-diamante-25cm-x-25cm","status":"publish","type":"product","link":"https:\/\/www.tiendaled.cl\/?product=lampara-colgante-hierro-dorada-forma-diamante-25cm-x-25cm","title":{"rendered":"Lampara Colgante Hierro Dorada Forma Diamante 25cm X 25cm"},"content":{"rendered":"<p>Lampara Colgante Diamante Color Dorado 25x25cm<br \/>\nL\u00e1mpara de techo con pantalla Blanca de Tela<br \/>\nFabricada en hierro con acabado dorado y forma diamante.<br \/>\nUna l\u00e1mpara de estilo elegante con un dise\u00f1o muy actual.<\/p>\n<p>Con este tipo de pantalla obtendremos una iluminaci\u00f3n general ideal para cualquier lugar de la casa y a su vez conseguiremos un toque elegante y actual.<\/p>\n<p>Estilo retro, la luz con pantalla de hierro agrega el atractivo \u00fanico para tu hogar y puede decorar cualquier espacio vintage.<\/p>\n<p>Soquete tradicional E27<br \/>\nNo Incluye la ampolleta<\/p>\n","protected":false},"excerpt":{"rendered":"<p>Lampara Colgante Diamante Color Dorado 25x25cm L\u00e1mpara de techo con pantalla Blanca de Tela Fabricada en hierro con acabado dorado y forma diamante. Una l\u00e1mpara de estilo elegante con un dise\u00f1o muy actual. Con este tipo de pantalla obtendremos una iluminaci\u00f3n general ideal para cualquier lugar de la casa y a su vez conseguiremos un [&#8230;]\n","protected":false},"featured_media":33200,"comment_status":"open","ping_status":"closed","template":"","meta":{"_joinchat":[]},"product_brand":[],"product_cat":[192,103,111,105],"product_tag":[120,122,148,124],"class_list":{"0":"post-33195","1":"product","2":"type-product","3":"status-publish","4":"has-post-thumbnail","6":"product_cat-lamparas-techo","7":"product_cat-lamparas-y-apliques","8":"product_cat-lamparas-colgantes","9":"product_cat-lamparas-vintage","10":"product_tag-lampara","11":"product_tag-lampara-colgante","12":"product_tag-lampara-techo","13":"product_tag-lampara-vintage","15":"first","16":"instock","17":"shipping-taxable","18":"purchasable","19":"product-type-simple"},"_links":{"self":[{"href":"https:\/\/www.tiendaled.cl\/index.php?rest_route=\/wp\/v2\/product\/33195","targetHints":{"allow":["GET"]}}],"collection":[{"href":"https:\/\/www.tiendaled.cl\/index.php?rest_route=\/wp\/v2\/product"}],"about":[{"href":"https:\/\/www.tiendaled.cl\/index.php?rest_route=\/wp\/v2\/types\/product"}],"replies":[{"embeddable":true,"href":"https:\/\/www.tiendaled.cl\/index.php?rest_route=%2Fwp%2Fv2%2Fcomments&post=33195"}],"wp:featuredmedia":[{"embeddable":true,"href":"https:\/\/www.tiendaled.cl\/index.php?rest_route=\/wp\/v2\/media\/33200"}],"wp:attachment":[{"href":"https:\/\/www.tiendaled.cl\/index.php?rest_route=%2Fwp%2Fv2%2Fmedia&parent=33195"}],"wp:term":[{"taxonomy":"product_brand","embeddable":true,"href":"https:\/\/www.tiendaled.cl\/index.php?rest_route=%2Fwp%2Fv2%2Fproduct_brand&post=33195"},{"taxonomy":"product_cat","embeddable":true,"href":"https:\/\/www.tiendaled.cl\/index.php?rest_route=%2Fwp%2Fv2%2Fproduct_cat&post=33195"},{"taxonomy":"product_tag","embeddable":true,"href":"https:\/\/www.tiendaled.cl\/index.php?rest_route=%2Fwp%2Fv2%2Fproduct_tag&post=33195"}],"curies":[{"name":"wp","href":"https:\/\/api.w.org\/{rel}","templated":true}]}}