{"id":32818,"date":"2021-11-25T22:28:07","date_gmt":"2021-11-26T00:28:07","guid":{"rendered":"https:\/\/www.tiendaled.cl\/?post_type=product&#038;p=32818"},"modified":"2025-06-08T12:16:17","modified_gmt":"2025-06-08T14:16:17","slug":"lampara-aplique-muro-rueda-30cm","status":"publish","type":"product","link":"https:\/\/www.tiendaled.cl\/?product=lampara-aplique-muro-rueda-30cm","title":{"rendered":"Lampara Aplique Muro Rueda 30cm"},"content":{"rendered":"<p>Aplique de muro con forma de rueda de bicicleta, estilo industrial retro<br \/>\nL\u00e1mpara de pared fabricada en metal, el estilo retro fuerte presenta una atm\u00f3sfera c\u00e1lida<br \/>\nIdeal para decorar esos espacios interiores donde quieres tener un toque vintage y nostalgico<br \/>\nIncluye un ampolleta led de filamento de 4w<\/p>\n<p>Espacio de iluminacion de 8-15 (metros cuadrados) (dependiendo de la fuente de luz),<br \/>\nSoquete tradicional E27<\/p>\n<p>&nbsp;<\/p>\n<p>NO INCLUYE AMPOLLETA<\/p>\n<p>Tama\u00f1o: A: ancho 30cm de diametro, voltaje: 1<br \/>\nIdeal para instalar en Dormitorio, sala de estar, comedor, estudio, pasillo, hotel, cine, KTV, sal\u00f3n de baile, auditorio, sala de estar, sala, sala de estudiantes, sala de ni\u00f1os, tienda, etc<\/p>\n<p>&nbsp;<\/p>\n<p>&nbsp;<\/p>\n<p>\u2014\u2013IMPORTANTE \u2014-<\/p>\n<p>La foto de este producto ha sido ambientada, la fotograf\u00eda es una aproximaci\u00f3n al color real. Por lo cual no incluye ning\u00fan adorno, ni accesorios, ni piezas adicionales ni ning\u00fan otro elemento que lo acompa\u00f1an.<\/p>\n<p>GARANT\u00cdA<\/p>\n<p>* NO cubre mala manipulaci\u00f3n por parte del usuario, por lo cual es importante que revise el producto apenas lo reciba, independiente si lo instalara despues<br \/>\n* Se debe conservar empaque y accesorios completos.<\/p>\n","protected":false},"excerpt":{"rendered":"<p>Aplique de muro con forma de rueda de bicicleta, estilo industrial retro L\u00e1mpara de pared fabricada en metal, el estilo retro fuerte presenta una atm\u00f3sfera c\u00e1lida Ideal para decorar esos espacios interiores donde quieres tener un toque vintage y nostalgico Incluye un ampolleta led de filamento de 4w Espacio de iluminacion de 8-15 (metros cuadrados) [&#8230;]\n","protected":false},"featured_media":32819,"comment_status":"open","ping_status":"closed","template":"","meta":{"_joinchat":[]},"product_brand":[],"product_cat":[103,106,104,108,105],"product_tag":[131,132,221,144],"class_list":{"0":"post-32818","1":"product","2":"type-product","3":"status-publish","4":"has-post-thumbnail","6":"product_cat-lamparas-y-apliques","7":"product_cat-apliques","8":"product_cat-apliques-vintage","9":"product_cat-lamparas-de-muro","10":"product_cat-lamparas-vintage","11":"product_tag-aplique","12":"product_tag-aplique-muro","13":"product_tag-aplique-rustico","14":"product_tag-aplique-vintage","16":"first","17":"instock","18":"shipping-taxable","19":"purchasable","20":"product-type-simple"},"_links":{"self":[{"href":"https:\/\/www.tiendaled.cl\/index.php?rest_route=\/wp\/v2\/product\/32818","targetHints":{"allow":["GET"]}}],"collection":[{"href":"https:\/\/www.tiendaled.cl\/index.php?rest_route=\/wp\/v2\/product"}],"about":[{"href":"https:\/\/www.tiendaled.cl\/index.php?rest_route=\/wp\/v2\/types\/product"}],"replies":[{"embeddable":true,"href":"https:\/\/www.tiendaled.cl\/index.php?rest_route=%2Fwp%2Fv2%2Fcomments&post=32818"}],"wp:featuredmedia":[{"embeddable":true,"href":"https:\/\/www.tiendaled.cl\/index.php?rest_route=\/wp\/v2\/media\/32819"}],"wp:attachment":[{"href":"https:\/\/www.tiendaled.cl\/index.php?rest_route=%2Fwp%2Fv2%2Fmedia&parent=32818"}],"wp:term":[{"taxonomy":"product_brand","embeddable":true,"href":"https:\/\/www.tiendaled.cl\/index.php?rest_route=%2Fwp%2Fv2%2Fproduct_brand&post=32818"},{"taxonomy":"product_cat","embeddable":true,"href":"https:\/\/www.tiendaled.cl\/index.php?rest_route=%2Fwp%2Fv2%2Fproduct_cat&post=32818"},{"taxonomy":"product_tag","embeddable":true,"href":"https:\/\/www.tiendaled.cl\/index.php?rest_route=%2Fwp%2Fv2%2Fproduct_tag&post=32818"}],"curies":[{"name":"wp","href":"https:\/\/api.w.org\/{rel}","templated":true}]}}