{"id":32522,"date":"2021-11-07T23:02:57","date_gmt":"2021-11-08T01:02:57","guid":{"rendered":"https:\/\/www.tiendaled.cl\/?post_type=product&#038;p=32522"},"modified":"2026-04-04T16:06:28","modified_gmt":"2026-04-04T18:06:28","slug":"lampara-colgante-lagrima-negra-3-brazos","status":"publish","type":"product","link":"https:\/\/www.tiendaled.cl\/?product=lampara-colgante-lagrima-negra-3-brazos","title":{"rendered":"Lampara Colgante Lagrima Negra 3 Brazos"},"content":{"rendered":"<p>Lampara colgante lagrimas 3 brazos Negra<\/p>\n<p>L\u00e1mpara colgante que permite m\u00faltiples usos en decoraci\u00f3n.<br \/>\nLa L\u00e1mpara Colgante de Metal y Vidrio<br \/>\nEs perfecta para ambientes cl\u00e1sicos y genera interesantes contrastes con est\u00e9ticas de otro tipo, como vintage o estilos contempor\u00e1neos.<\/p>\n<p>Tiene 3 focos de luz, para los que idealmente se deben elegir ampolletas tipo vela soquete E14<br \/>\nSu mejor ubicaci\u00f3n es en techos altos, como los de las residencias antiguas, para que luzcan sus cl\u00e1sicas l\u00e1grimas de vidrio.<br \/>\nEs un fant\u00e1stico accesorio para zonas como salones, recibidores, escaleras o comedores.<\/p>\n<p>Alto total 48 cm<br \/>\nLargo del cable 80 cm<br \/>\nAncho 60 cm<\/p>\n<p>NO INCLUYE AMPOLLETAS<\/p>\n<p>&nbsp;<\/p>\n<p>******IMPORTANTE****<\/p>\n<p>La foto de este producto ha sido ambientada, la fotograf\u00eda es una aproximaci\u00f3n al color real. Por lo cual no incluye ning\u00fan adorno, ni accesorios, ni piezas adicionales ni ning\u00fan otro elemento que lo acompa\u00f1an.<\/p>\n<p>\u00bfTIENE ALGUNA GARANT\u00cdA?<br \/>\n* Todos nuestros productos cuentan con una garantia de 3 meses esta cubre da\u00f1os por defectos del material o errores en la fabricaci\u00f3n.<br \/>\n* NO cubre mala manipulaci\u00f3n por parte del usuario. es importante que revise los productos un vez los reciba independiente de cuando los vaya a instalar<br \/>\n* La garant\u00eda no cubre gastos de env\u00edo.<br \/>\n* Para la garant\u00eda se debe conservar empaque y accesorios completos.<\/p>\n","protected":false},"excerpt":{"rendered":"<p>Lampara colgante lagrimas 3 brazos Negra L\u00e1mpara colgante que permite m\u00faltiples usos en decoraci\u00f3n. La L\u00e1mpara Colgante de Metal y Vidrio Es perfecta para ambientes cl\u00e1sicos y genera interesantes contrastes con est\u00e9ticas de otro tipo, como vintage o estilos contempor\u00e1neos. Tiene 3 focos de luz, para los que idealmente se deben elegir ampolletas tipo vela [&#8230;]\n","protected":false},"featured_media":32523,"comment_status":"open","ping_status":"closed","template":"","meta":{"_joinchat":[]},"product_brand":[],"product_cat":[184,192,103,111],"product_tag":[222,120,172,122,160],"class_list":{"0":"post-32522","1":"product","2":"type-product","3":"status-publish","4":"has-post-thumbnail","6":"product_cat-lampara-lagrimas","7":"product_cat-lamparas-techo","8":"product_cat-lamparas-y-apliques","9":"product_cat-lamparas-colgantes","10":"product_tag-3-brazos","11":"product_tag-lampara","12":"product_tag-lampara-candelabro","13":"product_tag-lampara-colgante","14":"product_tag-lampara-lagrima","16":"first","17":"instock","18":"shipping-taxable","19":"purchasable","20":"product-type-simple"},"_links":{"self":[{"href":"https:\/\/www.tiendaled.cl\/index.php?rest_route=\/wp\/v2\/product\/32522","targetHints":{"allow":["GET"]}}],"collection":[{"href":"https:\/\/www.tiendaled.cl\/index.php?rest_route=\/wp\/v2\/product"}],"about":[{"href":"https:\/\/www.tiendaled.cl\/index.php?rest_route=\/wp\/v2\/types\/product"}],"replies":[{"embeddable":true,"href":"https:\/\/www.tiendaled.cl\/index.php?rest_route=%2Fwp%2Fv2%2Fcomments&post=32522"}],"wp:featuredmedia":[{"embeddable":true,"href":"https:\/\/www.tiendaled.cl\/index.php?rest_route=\/wp\/v2\/media\/32523"}],"wp:attachment":[{"href":"https:\/\/www.tiendaled.cl\/index.php?rest_route=%2Fwp%2Fv2%2Fmedia&parent=32522"}],"wp:term":[{"taxonomy":"product_brand","embeddable":true,"href":"https:\/\/www.tiendaled.cl\/index.php?rest_route=%2Fwp%2Fv2%2Fproduct_brand&post=32522"},{"taxonomy":"product_cat","embeddable":true,"href":"https:\/\/www.tiendaled.cl\/index.php?rest_route=%2Fwp%2Fv2%2Fproduct_cat&post=32522"},{"taxonomy":"product_tag","embeddable":true,"href":"https:\/\/www.tiendaled.cl\/index.php?rest_route=%2Fwp%2Fv2%2Fproduct_tag&post=32522"}],"curies":[{"name":"wp","href":"https:\/\/api.w.org\/{rel}","templated":true}]}}