{"id":32403,"date":"2021-11-02T00:04:29","date_gmt":"2021-11-02T02:04:29","guid":{"rendered":"https:\/\/www.tiendaled.cl\/?post_type=product&#038;p=32403"},"modified":"2023-05-30T01:21:39","modified_gmt":"2023-05-30T03:21:39","slug":"lampara-de-techo-diseno-diamante-20cm-laton-negro","status":"publish","type":"product","link":"https:\/\/www.tiendaled.cl\/?product=lampara-de-techo-diseno-diamante-20cm-laton-negro","title":{"rendered":"L\u00e1mpara De Techo Dise\u00f1o Diamante 20cm Laton Negro"},"content":{"rendered":"<p>L\u00e1mpara retro de estilo industrial y exclusiva pantalla en forma de diamante hacen que el estilo retro se sienta m\u00e1s fuerte.<br \/>\nSeguro y duradero: pintura no t\u00f3xica y duradera, sin \u00f3xido, superficie baja en carbono, inofensiva para el medio ambiente.<br \/>\nTama\u00f1o: di\u00e1metro del diamante: 20 cm, altura: 20 cm.<br \/>\nDi\u00e1metro del techo: 10cm.<br \/>\nLongitud del cable ajustable: 100cm.<br \/>\nColor: negro<br \/>\nF\u00e1cil de instalar y f\u00e1cil de limpiar.<br \/>\nEstilo retro, no solo para iluminaci\u00f3n, sino tambi\u00e9n para decorar casas, f\u00e1cil de instalar.<br \/>\nRobusto, no deformado, resistente a la corrosi\u00f3n y no se oxida f\u00e1cilmente.<br \/>\nSoquete tradicional e27<br \/>\nN\u00famero de portal\u00e1mparas: 1;<\/p>\n<p>NO INCLUYE AMPOLLETA<\/p>\n<p>Voltaje: 220 V, capacidad: 60W m\u00e1ximo.<\/p>\n<p>Se puede utilizar para pasillos, \u00e1ticos, balcones y otra iluminaci\u00f3n interior. Ideal para cocina \/ comedor \/ cafeter\u00eda \/ pasillo \/ dormitorio \/ comedor \/ sala \/ bar \/ club.<\/p>\n<p>******IMPORTANTE****<\/p>\n<p>La foto de este producto ha sido ambientada, la fotograf\u00eda es una aproximaci\u00f3n al color real. Por lo cual no incluye ning\u00fan adorno, ni accesorios, ni piezas adicionales ni ning\u00fan otro elemento que lo acompa\u00f1an.<\/p>\n<p>\u00bfTIENE ALGUNA GARANT\u00cdA?<br \/>\n* Todos nuestros productos cuentan con una garantia de 3 meses esta cubre da\u00f1os por defectos del material o errores en la fabricaci\u00f3n.<br \/>\n* NO cubre mala manipulaci\u00f3n por parte del usuario. es importante que revise los productos un vez los reciba independiente de cuando los vaya a instalar<br \/>\n* La garant\u00eda no cubre gastos de env\u00edo.<br \/>\n* Para la garant\u00eda se debe conservar empaque y accesorios completos.<\/p>\n","protected":false},"excerpt":{"rendered":"<p>L\u00e1mpara retro de estilo industrial y exclusiva pantalla en forma de diamante hacen que el estilo retro se sienta m\u00e1s fuerte. Seguro y duradero: pintura no t\u00f3xica y duradera, sin \u00f3xido, superficie baja en carbono, inofensiva para el medio ambiente. Tama\u00f1o: di\u00e1metro del diamante: 20 cm, altura: 20 cm. Di\u00e1metro del techo: 10cm. Longitud del [&#8230;]\n","protected":false},"featured_media":32407,"comment_status":"open","ping_status":"closed","template":"","meta":{"_joinchat":[]},"product_brand":[],"product_cat":[192,103,111,105],"product_tag":[120,122,216,147],"class_list":{"0":"post-32403","1":"product","2":"type-product","3":"status-publish","4":"has-post-thumbnail","6":"product_cat-lamparas-techo","7":"product_cat-lamparas-y-apliques","8":"product_cat-lamparas-colgantes","9":"product_cat-lamparas-vintage","10":"product_tag-lampara","11":"product_tag-lampara-colgante","12":"product_tag-lampara-diamante","13":"product_tag-lampara-rustica","15":"first","16":"outofstock","17":"shipping-taxable","18":"purchasable","19":"product-type-simple"},"_links":{"self":[{"href":"https:\/\/www.tiendaled.cl\/index.php?rest_route=\/wp\/v2\/product\/32403","targetHints":{"allow":["GET"]}}],"collection":[{"href":"https:\/\/www.tiendaled.cl\/index.php?rest_route=\/wp\/v2\/product"}],"about":[{"href":"https:\/\/www.tiendaled.cl\/index.php?rest_route=\/wp\/v2\/types\/product"}],"replies":[{"embeddable":true,"href":"https:\/\/www.tiendaled.cl\/index.php?rest_route=%2Fwp%2Fv2%2Fcomments&post=32403"}],"wp:featuredmedia":[{"embeddable":true,"href":"https:\/\/www.tiendaled.cl\/index.php?rest_route=\/wp\/v2\/media\/32407"}],"wp:attachment":[{"href":"https:\/\/www.tiendaled.cl\/index.php?rest_route=%2Fwp%2Fv2%2Fmedia&parent=32403"}],"wp:term":[{"taxonomy":"product_brand","embeddable":true,"href":"https:\/\/www.tiendaled.cl\/index.php?rest_route=%2Fwp%2Fv2%2Fproduct_brand&post=32403"},{"taxonomy":"product_cat","embeddable":true,"href":"https:\/\/www.tiendaled.cl\/index.php?rest_route=%2Fwp%2Fv2%2Fproduct_cat&post=32403"},{"taxonomy":"product_tag","embeddable":true,"href":"https:\/\/www.tiendaled.cl\/index.php?rest_route=%2Fwp%2Fv2%2Fproduct_tag&post=32403"}],"curies":[{"name":"wp","href":"https:\/\/api.w.org\/{rel}","templated":true}]}}