{"id":3236,"date":"2018-10-17T01:10:13","date_gmt":"2018-10-17T03:10:13","guid":{"rendered":"http:\/\/www.tiendaled.cl\/?post_type=product&#038;p=3236"},"modified":"2023-04-28T21:48:48","modified_gmt":"2023-04-28T23:48:48","slug":"lampara-techo-jaula-hierro-y-madera-incluye-ampolleta","status":"publish","type":"product","link":"https:\/\/www.tiendaled.cl\/?product=lampara-techo-jaula-hierro-y-madera-incluye-ampolleta","title":{"rendered":"L\u00e1mpara Techo Jaula Hierro Y Dise\u00f1os Madera Incluye Ampolleta"},"content":{"rendered":"<ul>\n<li>Lampara Vintage jaula de hierro y soquete de madera<br \/>\nFabricada en madera y hierro negro.<br \/>\nLampara retro ideal para decorar distintos espacios de tu casa<br \/>\nIncluye Ampolleta Led Vintage de 4W<br \/>\nIdela para sala de estar, estudio, pasillo, cocina, dormitorio, balc\u00f3n, pasillo, restaurante, almac\u00e9n, patio, sala de exposiciones.<br \/>\nDimensiones: 25CM \u00d7 30CM.<\/li>\n<\/ul>\n","protected":false},"excerpt":{"rendered":"<p>Lampara Vintage jaula de hierro y soquete de madera Fabricada en madera y hierro negro. Lampara retro ideal para decorar distintos espacios de tu casa Incluye Ampolleta Led Vintage de 4W Idela para sala de estar, estudio, pasillo, cocina, dormitorio, balc\u00f3n, pasillo, restaurante, almac\u00e9n, patio, sala de exposiciones. Dimensiones: 25CM \u00d7 30CM.<\/p>\n","protected":false},"featured_media":3237,"comment_status":"open","ping_status":"closed","template":"","meta":{"_joinchat":[]},"product_brand":[],"product_cat":[111],"product_tag":[120,124],"class_list":{"0":"post-3236","1":"product","2":"type-product","3":"status-publish","4":"has-post-thumbnail","6":"product_cat-lamparas-colgantes","7":"product_tag-lampara","8":"product_tag-lampara-vintage","10":"first","11":"instock","12":"shipping-taxable","13":"purchasable","14":"product-type-simple"},"_links":{"self":[{"href":"https:\/\/www.tiendaled.cl\/index.php?rest_route=\/wp\/v2\/product\/3236","targetHints":{"allow":["GET"]}}],"collection":[{"href":"https:\/\/www.tiendaled.cl\/index.php?rest_route=\/wp\/v2\/product"}],"about":[{"href":"https:\/\/www.tiendaled.cl\/index.php?rest_route=\/wp\/v2\/types\/product"}],"replies":[{"embeddable":true,"href":"https:\/\/www.tiendaled.cl\/index.php?rest_route=%2Fwp%2Fv2%2Fcomments&post=3236"}],"wp:featuredmedia":[{"embeddable":true,"href":"https:\/\/www.tiendaled.cl\/index.php?rest_route=\/wp\/v2\/media\/3237"}],"wp:attachment":[{"href":"https:\/\/www.tiendaled.cl\/index.php?rest_route=%2Fwp%2Fv2%2Fmedia&parent=3236"}],"wp:term":[{"taxonomy":"product_brand","embeddable":true,"href":"https:\/\/www.tiendaled.cl\/index.php?rest_route=%2Fwp%2Fv2%2Fproduct_brand&post=3236"},{"taxonomy":"product_cat","embeddable":true,"href":"https:\/\/www.tiendaled.cl\/index.php?rest_route=%2Fwp%2Fv2%2Fproduct_cat&post=3236"},{"taxonomy":"product_tag","embeddable":true,"href":"https:\/\/www.tiendaled.cl\/index.php?rest_route=%2Fwp%2Fv2%2Fproduct_tag&post=3236"}],"curies":[{"name":"wp","href":"https:\/\/api.w.org\/{rel}","templated":true}]}}