{"id":32106,"date":"2021-10-20T18:45:02","date_gmt":"2021-10-20T20:45:02","guid":{"rendered":"https:\/\/www.tiendaled.cl\/?post_type=product&#038;p=32106"},"modified":"2024-07-04T01:42:29","modified_gmt":"2024-07-04T03:42:29","slug":"lampara-colgante-de-madera-calados-diseno-oriental","status":"publish","type":"product","link":"https:\/\/www.tiendaled.cl\/?product=lampara-colgante-de-madera-calados-diseno-oriental","title":{"rendered":"Lampara Colgante De Madera Calados, Dise\u00f1o Oriental"},"content":{"rendered":"","protected":false},"excerpt":{"rendered":"<p>\u00e1mpara colgante de madera de estilo Oriental<\/p>\n<p>Hermosa y rustica l\u00e1mpara \u00fanica en su dise\u00f1o<br \/>\nCon caladoS de dise\u00f1o oriental<br \/>\nIdeal para instalar en aquellos lugares donde se busca un estilo original<br \/>\nFabricada en madera y con cord\u00f3n de c\u00e1\u00f1amo<br \/>\nAcabado en color Marr\u00f3n<\/p>\n<p>Dimensiones de 24 x 30cm<br \/>\nCable de soga de 1m<\/p>\n<p>NO INCLUYE AMPOLLETA<\/p>\n","protected":false},"featured_media":32109,"comment_status":"open","ping_status":"closed","template":"","meta":{"_joinchat":[]},"product_brand":[],"product_cat":[192,425,103,111],"product_tag":[120,122,202,147],"class_list":{"0":"post-32106","1":"product","2":"type-product","3":"status-publish","4":"has-post-thumbnail","6":"product_cat-lamparas-techo","7":"product_cat-ofertas","8":"product_cat-lamparas-y-apliques","9":"product_cat-lamparas-colgantes","10":"product_tag-lampara","11":"product_tag-lampara-colgante","12":"product_tag-lampara-madera","13":"product_tag-lampara-rustica","15":"first","16":"instock","17":"sale","18":"shipping-taxable","19":"purchasable","20":"product-type-simple"},"_links":{"self":[{"href":"https:\/\/www.tiendaled.cl\/index.php?rest_route=\/wp\/v2\/product\/32106","targetHints":{"allow":["GET"]}}],"collection":[{"href":"https:\/\/www.tiendaled.cl\/index.php?rest_route=\/wp\/v2\/product"}],"about":[{"href":"https:\/\/www.tiendaled.cl\/index.php?rest_route=\/wp\/v2\/types\/product"}],"replies":[{"embeddable":true,"href":"https:\/\/www.tiendaled.cl\/index.php?rest_route=%2Fwp%2Fv2%2Fcomments&post=32106"}],"wp:featuredmedia":[{"embeddable":true,"href":"https:\/\/www.tiendaled.cl\/index.php?rest_route=\/wp\/v2\/media\/32109"}],"wp:attachment":[{"href":"https:\/\/www.tiendaled.cl\/index.php?rest_route=%2Fwp%2Fv2%2Fmedia&parent=32106"}],"wp:term":[{"taxonomy":"product_brand","embeddable":true,"href":"https:\/\/www.tiendaled.cl\/index.php?rest_route=%2Fwp%2Fv2%2Fproduct_brand&post=32106"},{"taxonomy":"product_cat","embeddable":true,"href":"https:\/\/www.tiendaled.cl\/index.php?rest_route=%2Fwp%2Fv2%2Fproduct_cat&post=32106"},{"taxonomy":"product_tag","embeddable":true,"href":"https:\/\/www.tiendaled.cl\/index.php?rest_route=%2Fwp%2Fv2%2Fproduct_tag&post=32106"}],"curies":[{"name":"wp","href":"https:\/\/api.w.org\/{rel}","templated":true}]}}